{"id":1086,"date":"2013-03-15T18:21:12","date_gmt":"2013-03-15T23:21:12","guid":{"rendered":"http:\/\/wptest.io\/demo\/?page_id=1086"},"modified":"2021-09-22T12:12:58","modified_gmt":"2021-09-22T10:12:58","slug":"o-nas","status":"publish","type":"page","link":"https:\/\/nabytoklaguna.sk\/sk\/o-nas\/","title":{"rendered":"O n\u00e1s"},"content":{"rendered":"<p>Sme firma s dlhoro\u010dn\u00fdmi sk\u00fasenos\u0165ami, predajom n\u00e1bytku sazaober\u00e1me u\u017e\u00a0 viac ako 23 rokov. Spolupracujeme s overen\u00fdmi v\u00fdrobcami n\u00e1bytku, u ktor\u00fdch garantujeme po\u017eadovan\u00fa kvalitu tovaru.<\/p>\n<p class=\"MsoNormal\">Na\u0161u ponuku tovaru pravidelne aktualizujme, prin\u00e1\u0161ame V\u00e1m najnov\u0161ie trendy v oblasti dizajnu n\u00e1bytku. Na\u0161i pracovn\u00edci s\u00fa V\u00e1m k dispoz\u00edci\u00ed,\u00a0 pom\u00f4\u017eu V\u00e1m vybra\u0165 ten spr\u00e1vny n\u00e1bytok preV\u00e1s. Tovar V\u00e1m privezieme na Vami ur\u010den\u00fa adresu.<\/p>\n<p class=\"MsoNormal\">Za n\u00e1bytok m\u00f4\u017eete zaplati\u0165 v hotovosti pri prevzat\u00ed tovaru, prevodom na \u00fa\u010det alebo aj na spl\u00e1tky. Pon\u00fakame V\u00e1m slu\u017ebu &#8211; vynesenie\u00a0 nov\u00e9ho n\u00e1bytku na\u0161imi pracovn\u00edkmi do domu alebo bytu.<\/p>\n","protected":false},"excerpt":{"rendered":"<p>Sme firma s dlhoro\u010dn\u00fdmi sk\u00fasenos\u0165ami, predajom n\u00e1bytku sazaober\u00e1me u\u017e\u00a0 viac ako 23 rokov. Spolupracujeme s overen\u00fdmi v\u00fdrobcami n\u00e1bytku, u ktor\u00fdch garantujeme po\u017eadovan\u00fa kvalitu tovaru. Na\u0161u ponuku tovaru pravidelne aktualizujme, prin\u00e1\u0161ame V\u00e1m najnov\u0161ie trendy v oblasti dizajnu n\u00e1bytku. Na\u0161i pracovn\u00edci s\u00fa V\u00e1m k dispoz\u00edci\u00ed,\u00a0 pom\u00f4\u017eu V\u00e1m vybra\u0165 ten spr\u00e1vny n\u00e1bytok preV\u00e1s. Tovar V\u00e1m privezieme na Vami&#8230;<\/p>\n","protected":false},"author":1,"featured_media":0,"parent":0,"menu_order":0,"comment_status":"closed","ping_status":"closed","template":"","meta":{"_seopress_robots_primary_cat":"","_seopress_titles_title":"","_seopress_titles_desc":"","_seopress_robots_index":"","footnotes":""},"class_list":["post-1086","page","type-page","status-publish","hentry"],"_links":{"self":[{"href":"https:\/\/nabytoklaguna.sk\/sk\/wp-json\/wp\/v2\/pages\/1086","targetHints":{"allow":["GET"]}}],"collection":[{"href":"https:\/\/nabytoklaguna.sk\/sk\/wp-json\/wp\/v2\/pages"}],"about":[{"href":"https:\/\/nabytoklaguna.sk\/sk\/wp-json\/wp\/v2\/types\/page"}],"author":[{"embeddable":true,"href":"https:\/\/nabytoklaguna.sk\/sk\/wp-json\/wp\/v2\/users\/1"}],"replies":[{"embeddable":true,"href":"https:\/\/nabytoklaguna.sk\/sk\/wp-json\/wp\/v2\/comments?post=1086"}],"version-history":[{"count":7,"href":"https:\/\/nabytoklaguna.sk\/sk\/wp-json\/wp\/v2\/pages\/1086\/revisions"}],"predecessor-version":[{"id":103160,"href":"https:\/\/nabytoklaguna.sk\/sk\/wp-json\/wp\/v2\/pages\/1086\/revisions\/103160"}],"wp:attachment":[{"href":"https:\/\/nabytoklaguna.sk\/sk\/wp-json\/wp\/v2\/media?parent=1086"}],"curies":[{"name":"wp","href":"https:\/\/api.w.org\/{rel}","templated":true}]}}