{"id":40715,"date":"2018-04-15T09:40:40","date_gmt":"2018-04-15T07:40:40","guid":{"rendered":"https:\/\/nabytoklaguna.sk\/sk\/?page_id=40715"},"modified":"2019-02-28T12:52:28","modified_gmt":"2019-02-28T11:52:28","slug":"spalne","status":"publish","type":"page","link":"https:\/\/nabytoklaguna.sk\/sk\/spalne\/","title":{"rendered":"Sp\u00e1lne"},"content":{"rendered":"<div class=\"wpb-content-wrapper\"><p>[vc_row css=&#8221;.vc_custom_1523526761413{margin-top: 0px !important;margin-bottom: 0px !important;}&#8221;][vc_column width=&#8221;1\/2&#8243;]<a class=\"unicase-banner-wrapper  text-center\" style=\"background-image:url(https:\/\/nabytoklaguna.sk\/sk\/wp-content\/uploads\/2017\/01\/TEMPO_KONDELA_GABRIELA_DUB_SONOMA_BIELA.jpg);background-position:center;background-size:cover;background-repeat:no-repeat;color:#ffffff;\" href=\"https:\/\/nabytoklaguna.sk\/sk\/produkty\/spalne\/spalnove-komplety\/\" target=\"_self\"><div class=\"unicase-banner\" style=\"height:150px;\"><div class=\"caption\"><div class=\"banner-text\"><p class=\"wpb_heading wpb_singleimage_heading\"><span style=\"font-size: 24px; background-color: rgba(133, 201, 79, 0.75); padding: 5px 10px 5px 10px;\"><strong>Sp\u00e1l\u0148ov\u00e9 komplety<\/strong><\/span><\/p>\n<\/div><\/div><\/div><\/a>[\/vc_column][vc_column width=&#8221;1\/2&#8243;]<a class=\"unicase-banner-wrapper  text-center\" style=\"background-image:url(https:\/\/nabytoklaguna.sk\/sk\/wp-content\/uploads\/2017\/01\/haity-skrina-k\u00f3pia.jpg);background-position:center;background-size:cover;background-repeat:no-repeat;color:#ffffff;\" href=\"http:\/\/nabytoklaguna.sk\/sk\/spalne\/skrine\/\" target=\"_self\"><div class=\"unicase-banner\" style=\"height:150px;\"><div class=\"caption\"><div class=\"banner-text\"><p class=\"wpb_heading wpb_singleimage_heading\"><span style=\"font-size: 24px; background-color: rgba(133, 201, 79, 0.75); padding: 5px 10px 5px 10px;\"><strong>Skrine<\/strong><\/span><\/p>\n<\/div><\/div><\/div><\/a>[\/vc_column][\/vc_row][vc_row css=&#8221;.vc_custom_1523526753165{margin-top: 0px !important;margin-bottom: 0px !important;}&#8221;][vc_column width=&#8221;1\/2&#8243; css=&#8221;.vc_custom_1523526614558{margin-top: 20px !important;margin-bottom: 20px !important;}&#8221;]<a class=\"unicase-banner-wrapper  text-center\" style=\"background-image:url(https:\/\/nabytoklaguna.sk\/sk\/wp-content\/uploads\/2018\/08\/1-417.jpg);background-position:center;background-size:cover;background-repeat:no-repeat;color:#ffffff;\" href=\"https:\/\/nabytoklaguna.sk\/sk\/produkty\/spalne\/postele\/\" target=\"_self\"><div class=\"unicase-banner\" style=\"height:150px;\"><div class=\"caption\"><div class=\"banner-text\"><p class=\"wpb_heading wpb_singleimage_heading\"><span style=\"font-size: 24px; background-color: rgba(133, 201, 79, 0.75); padding: 5px 10px 5px 10px;\"><strong>Postele<\/strong><\/span><\/p>\n<\/div><\/div><\/div><\/a>[\/vc_column][vc_column width=&#8221;1\/2&#8243; css=&#8221;.vc_custom_1523526606130{margin-top: 20px !important;margin-bottom: 20px !important;}&#8221;]<a class=\"unicase-banner-wrapper  text-center\" style=\"background-image:url(https:\/\/nabytoklaguna.sk\/sk\/wp-content\/uploads\/2017\/02\/REA-AMY1-BIELA.jpg);background-position:center;background-size:cover;background-repeat:no-repeat;color:#ffffff;\" href=\"https:\/\/nabytoklaguna.sk\/sk\/produkty\/spalne\/nocne-stoliky\/\" target=\"_self\"><div class=\"unicase-banner\" style=\"height:150px;\"><div class=\"caption\"><div class=\"banner-text\"><p class=\"wpb_heading wpb_singleimage_heading\"><span style=\"font-size: 24px; background-color: rgba(133, 201, 79, 0.75); padding: 5px 10px 5px 10px;\"><strong>No\u010dn\u00e9 stol\u00edky<\/strong><\/span><\/p>\n<\/div><\/div><\/div><\/a>[\/vc_column][\/vc_row][vc_row css=&#8221;.vc_custom_1523526753165{margin-top: 0px !important;margin-bottom: 0px !important;}&#8221;][vc_column width=&#8221;1\/2&#8243; css=&#8221;.vc_custom_1523526614558{margin-top: 20px !important;margin-bottom: 20px !important;}&#8221;]<a class=\"unicase-banner-wrapper  text-center\" style=\"background-image:url(https:\/\/nabytoklaguna.sk\/sk\/wp-content\/uploads\/2017\/01\/norma-flex-ro\u0161ty.jpg);background-position:center;background-size:cover;background-repeat:no-repeat;color:#ffffff;\" href=\"https:\/\/nabytoklaguna.sk\/sk\/produkty\/spalne\/rosty\/\" target=\"_self\"><div class=\"unicase-banner\" style=\"height:150px;\"><div class=\"caption\"><div class=\"banner-text\"><p class=\"wpb_heading wpb_singleimage_heading\"><span style=\"font-size: 24px; background-color: rgba(133, 201, 79, 0.75); padding: 5px 10px 5px 10px;\"><strong>Ro\u0161ty<\/strong><\/span><\/p>\n<\/div><\/div><\/div><\/a>[\/vc_column][vc_column width=&#8221;1\/2&#8243; css=&#8221;.vc_custom_1523526606130{margin-top: 20px !important;margin-bottom: 20px !important;}&#8221;]<a class=\"unicase-banner-wrapper  text-center\" style=\"background-image:url(https:\/\/nabytoklaguna.sk\/sk\/wp-content\/uploads\/2017\/03\/Tarra.jpg);background-position:center;background-size:cover;background-repeat:no-repeat;color:#ffffff;\" href=\"https:\/\/nabytoklaguna.sk\/sk\/spalne\/matrace\/\" target=\"_self\"><div class=\"unicase-banner\" style=\"height:150px;\"><div class=\"caption\"><div class=\"banner-text\"><p class=\"wpb_heading wpb_singleimage_heading\"><span style=\"font-size: 24px; background-color: rgba(133, 201, 79, 0.75); padding: 5px 10px 5px 10px;\"><strong>Matrace<\/strong><\/span><\/p>\n<\/div><\/div><\/div><\/a>[\/vc_column][\/vc_row]<\/p>\n<\/div>","protected":false},"excerpt":{"rendered":"<p>[vc_row css=&#8221;.vc_custom_1523526761413{margin-top: 0px !important;margin-bottom: 0px !important;}&#8221;][vc_column width=&#8221;1\/2&#8243;][\/vc_column][vc_column width=&#8221;1\/2&#8243;][\/vc_column][\/vc_row][vc_row css=&#8221;.vc_custom_1523526753165{margin-top: 0px !important;margin-bottom: 0px !important;}&#8221;][vc_column width=&#8221;1\/2&#8243; css=&#8221;.vc_custom_1523526614558{margin-top: 20px !important;margin-bottom: 20px !important;}&#8221;][\/vc_column][vc_column width=&#8221;1\/2&#8243; css=&#8221;.vc_custom_1523526606130{margin-top: 20px !important;margin-bottom: 20px !important;}&#8221;][\/vc_column][\/vc_row][vc_row css=&#8221;.vc_custom_1523526753165{margin-top: 0px !important;margin-bottom: 0px !important;}&#8221;][vc_column width=&#8221;1\/2&#8243; css=&#8221;.vc_custom_1523526614558{margin-top: 20px !important;margin-bottom: 20px !important;}&#8221;][\/vc_column][vc_column width=&#8221;1\/2&#8243; css=&#8221;.vc_custom_1523526606130{margin-top: 20px !important;margin-bottom: 20px !important;}&#8221;][\/vc_column][\/vc_row]<\/p>\n","protected":false},"author":1,"featured_media":0,"parent":0,"menu_order":0,"comment_status":"closed","ping_status":"closed","template":"","meta":{"_seopress_robots_primary_cat":"","_seopress_titles_title":"","_seopress_titles_desc":"","_seopress_robots_index":"","footnotes":""},"class_list":["post-40715","page","type-page","status-publish","hentry"],"_links":{"self":[{"href":"https:\/\/nabytoklaguna.sk\/sk\/wp-json\/wp\/v2\/pages\/40715","targetHints":{"allow":["GET"]}}],"collection":[{"href":"https:\/\/nabytoklaguna.sk\/sk\/wp-json\/wp\/v2\/pages"}],"about":[{"href":"https:\/\/nabytoklaguna.sk\/sk\/wp-json\/wp\/v2\/types\/page"}],"author":[{"embeddable":true,"href":"https:\/\/nabytoklaguna.sk\/sk\/wp-json\/wp\/v2\/users\/1"}],"replies":[{"embeddable":true,"href":"https:\/\/nabytoklaguna.sk\/sk\/wp-json\/wp\/v2\/comments?post=40715"}],"version-history":[{"count":6,"href":"https:\/\/nabytoklaguna.sk\/sk\/wp-json\/wp\/v2\/pages\/40715\/revisions"}],"predecessor-version":[{"id":56322,"href":"https:\/\/nabytoklaguna.sk\/sk\/wp-json\/wp\/v2\/pages\/40715\/revisions\/56322"}],"wp:attachment":[{"href":"https:\/\/nabytoklaguna.sk\/sk\/wp-json\/wp\/v2\/media?parent=40715"}],"curies":[{"name":"wp","href":"https:\/\/api.w.org\/{rel}","templated":true}]}}