{"id":101051,"date":"2021-06-18T16:27:19","date_gmt":"2021-06-18T14:27:19","guid":{"rendered":"https:\/\/nabytoklaguna.sk\/sk\/?post_type=product&#038;p=101051"},"modified":"2026-04-24T10:38:18","modified_gmt":"2026-04-24T08:38:18","slug":"k-amareta-2","status":"publish","type":"product","link":"https:\/\/nabytoklaguna.sk\/sk\/produkt\/k-amareta-2\/","title":{"rendered":"K AMARETA"},"content":{"rendered":"<p>Potrebujete nov\u00fa sedaciu s\u00fapravu? M\u00e1me pre V\u00e1s kr\u00e1snu, modern\u00fa no hlavne pohodln\u00fa sedaciu s\u00fapravu <strong>AMARETA.<\/strong> Komfortn\u00e9 sedenie zabezpe\u010dia <strong>3 polohovacie opierky hlavy<\/strong>, ktor\u00e9 si viete nastavi\u0165 a\u017e do <strong>\u0161iestich pol\u00f4h<\/strong>. Sedacia s\u00faprava <strong>m\u00e1 funkciu rozkladu<\/strong>, jednoduch\u00fdmi krokmi ju premen\u00edte na plochu pre pr\u00edle\u017eitostn\u00e9 spanie. Ocen\u00edte aj <strong>\u00falo\u017en\u00fd priestor.<\/strong> ktor\u00fd n\u00e1jdete v otomane. Stabilitu zabezpe\u010duj\u00fa <strong>modern\u00e9 no\u017ei\u010dky.<\/strong> V\u00e1\u0161mu oku neunikne <strong>dekorat\u00edvne pre\u0161itie.<\/strong> V\u00fdhodou je, \u017ee je <strong>celo\u010dal\u00fanen\u00e1<\/strong> a tak je mo\u017en\u00e9 ju umiestni\u0165 aj do priestoru. Mo\u017enos\u0165 v\u00fdberu prav\u00e9ho alebo \u013eav\u00e9ho prevedenia.<\/p>\n<p>Mo\u017enos\u0165 objednaniav 5 farebn\u00fdch prevedeniach l\u00e1tky Monolith v cene 1215,- EUR. Doba dodania je 6-8 t\u00fd\u017ed\u0148ov<\/p>\n<h3 class=\"page-product-heading\">VLASTNOSTI<\/h3>\n<table class=\"table-data-sheet\">\n<tbody>\n<tr class=\"odd\">\n<td>H\u013abka<\/td>\n<td>205 cm<\/td>\n<\/tr>\n<tr class=\"even\">\n<td>\u0160\u00edrka<\/td>\n<td>280 cm<\/td>\n<\/tr>\n<tr class=\"odd\">\n<td>V\u00fd\u0161ka<\/td>\n<td>70\/90 cm<\/td>\n<\/tr>\n<tr class=\"even\">\n<td>Vhodn\u00e1 miestnos\u0165<\/td>\n<td>ob\u00fdva\u010dka, spolo\u010densk\u00e1 miestnos\u0165, hotely, kaviarne<\/td>\n<\/tr>\n<tr class=\"odd\">\n<td>Typ n\u00e1bytku<\/td>\n<td>rohov\u00e1 sedacia s\u00faprava<\/td>\n<\/tr>\n<tr class=\"even\">\n<td>\u0160t\u00fdl n\u00e1bytku<\/td>\n<td>modern\u00fd<\/td>\n<\/tr>\n<tr class=\"odd\">\n<td>Z\u00e1ruka<\/td>\n<td>2 roky<\/td>\n<\/tr>\n<tr class=\"even\">\n<td>Sp\u00f4sob dodania<\/td>\n<td>demont v dvoch bal\u00edkoch<\/td>\n<\/tr>\n<tr class=\"odd\">\n<td>Hmotnos\u0165<\/td>\n<td>125 kg<\/td>\n<\/tr>\n<tr class=\"even\">\n<td>\u00dalo\u017en\u00fd priestor<\/td>\n<td>\u00e1no<\/td>\n<\/tr>\n<tr class=\"odd\">\n<td>Rohov\u00e9 prevedenie<\/td>\n<td>\u00e1no<\/td>\n<\/tr>\n<tr class=\"even\">\n<td>V\u00fd\u0161ka sed\u00e1ka<\/td>\n<td>41 cm<\/td>\n<\/tr>\n<tr class=\"odd\">\n<td>V\u00fd\u0161ka zadn\u00e9ho \u010dela<\/td>\n<td>max. 90 cm<\/td>\n<\/tr>\n<tr class=\"even\">\n<td>Mo\u017enos\u0165 rozkladania<\/td>\n<td>\u00e1no<\/td>\n<\/tr>\n<tr class=\"odd\">\n<td>Plocha na spanie<\/td>\n<td>125\u00d7198 cm<\/td>\n<\/tr>\n<tr class=\"even\">\n<td>Kon\u0161trukcia<\/td>\n<td>DTD<\/td>\n<\/tr>\n<tr class=\"odd\">\n<td>N\u00f4\u017eky<\/td>\n<td>kov<\/td>\n<\/tr>\n<tr class=\"even\">\n<td>Obsahuje vank\u00fa\u0161e<\/td>\n<td>nie<\/td>\n<\/tr>\n<tr class=\"odd\">\n<td>Nastavenie opierok<\/td>\n<td>\u00e1no<\/td>\n<\/tr>\n<tr class=\"even\">\n<td>V\u00fdpl\u0148 seda\u010dky<\/td>\n<td>pena+ pru\u017eina<\/td>\n<\/tr>\n<\/tbody>\n<\/table>\n<p>&nbsp;<\/p>\n<p>&nbsp;<\/p>\n<p>&nbsp;<\/p>\n","protected":false},"excerpt":{"rendered":"<p>Potrebujete nov\u00fa sedaciu s\u00fapravu? M\u00e1me pre V\u00e1s kr\u00e1snu, modern\u00fa no hlavne pohodln\u00fa sedaciu s\u00fapravu AMARETA. Komfortn\u00e9 sedenie zabezpe\u010dia 3 polohovacie opierky hlavy, ktor\u00e9 si viete nastavi\u0165 a\u017e do \u0161iestich pol\u00f4h. Sedacia s\u00faprava m\u00e1 funkciu rozkladu, jednoduch\u00fdmi krokmi ju premen\u00edte na plochu pre pr\u00edle\u017eitostn\u00e9 spanie. Ocen\u00edte aj \u00falo\u017en\u00fd priestor. ktor\u00fd n\u00e1jdete v otomane. Stabilitu zabezpe\u010duj\u00fa modern\u00e9&#8230;<\/p>\n","protected":false},"featured_media":90478,"comment_status":"closed","ping_status":"closed","template":"","meta":{"_seopress_robots_primary_cat":"140","_seopress_titles_title":"","_seopress_titles_desc":"","_seopress_robots_index":""},"product_brand":[],"product_cat":[255,140],"product_tag":[],"class_list":{"0":"post-101051","1":"product","2":"type-product","3":"status-publish","4":"has-post-thumbnail","6":"product_cat-rohove-supravy","7":"product_cat-sedacie-supravy","9":"first","10":"onbackorder","11":"shipping-taxable","12":"purchasable","13":"product-type-variable"},"_links":{"self":[{"href":"https:\/\/nabytoklaguna.sk\/sk\/wp-json\/wp\/v2\/product\/101051","targetHints":{"allow":["GET"]}}],"collection":[{"href":"https:\/\/nabytoklaguna.sk\/sk\/wp-json\/wp\/v2\/product"}],"about":[{"href":"https:\/\/nabytoklaguna.sk\/sk\/wp-json\/wp\/v2\/types\/product"}],"replies":[{"embeddable":true,"href":"https:\/\/nabytoklaguna.sk\/sk\/wp-json\/wp\/v2\/comments?post=101051"}],"wp:featuredmedia":[{"embeddable":true,"href":"https:\/\/nabytoklaguna.sk\/sk\/wp-json\/wp\/v2\/media\/90478"}],"wp:attachment":[{"href":"https:\/\/nabytoklaguna.sk\/sk\/wp-json\/wp\/v2\/media?parent=101051"}],"wp:term":[{"taxonomy":"product_brand","embeddable":true,"href":"https:\/\/nabytoklaguna.sk\/sk\/wp-json\/wp\/v2\/product_brand?post=101051"},{"taxonomy":"product_cat","embeddable":true,"href":"https:\/\/nabytoklaguna.sk\/sk\/wp-json\/wp\/v2\/product_cat?post=101051"},{"taxonomy":"product_tag","embeddable":true,"href":"https:\/\/nabytoklaguna.sk\/sk\/wp-json\/wp\/v2\/product_tag?post=101051"}],"curies":[{"name":"wp","href":"https:\/\/api.w.org\/{rel}","templated":true}]}}