{"id":103400,"date":"2021-10-19T15:59:10","date_gmt":"2021-10-19T13:59:10","guid":{"rendered":"https:\/\/nabytoklaguna.sk\/sk\/?post_type=product&#038;p=103400"},"modified":"2025-11-10T16:36:45","modified_gmt":"2025-11-10T15:36:45","slug":"dch-421","status":"publish","type":"product","link":"https:\/\/nabytoklaguna.sk\/sk\/produkt\/dch-421\/","title":{"rendered":"DCH-421"},"content":{"rendered":"<p>V\u010faka svojmu tvaru je t\u00e1to stoli\u010dka v industri\u00e1lnom dizajne nezamenite\u013en\u00e1 a z\u00e1rove\u0148 ve\u013emi pohodln\u00e1. \u0160krupina sedadla a operadla m\u00e1 po\u0165ah z\u00a0elegantnej zamatovej l\u00e1tky a\u00a0kvalitn\u00e9 polstrovanie s\u00a0efektn\u00fdm pre\u0161it\u00edm, ktor\u00e9 pod\u010diarkuje eleganciu stoli\u010dky. Stabilitu stoli\u010dky zais\u0165uj\u00fa 4 gu\u013eat\u00e9 kovov\u00e9 nohy s kvalitn\u00fdm pr\u00e1\u0161kov\u00fdm n\u00e1strekom v \u010diernej farbe. Toto v\u0161etko tvor\u00ed z tohto modelu stoli\u010dky skvel\u00fa vo\u013ebu pre zariadenie ob\u00fdvac\u00edch \u010di jed\u00e1lensk\u00fdch, ale aj zasadac\u00edch miestnost\u00ed. Nosnos\u0165 stoli\u010dky je 110 kg.<\/p>\n<p>Tieto prevedenia produkuj\u00fa z tohto modelu stoli\u010dky skvel\u00fa vo\u013ebu pre zariadenia ob\u00fdvac\u00edch \u010di jed\u00e1lnych, ale aj zasadac\u00edch miestnost\u00ed<\/p>\n<p>Dod\u00e1van\u00e9 v demonte.<\/p>\n<table>\n<tbody>\n<tr>\n<td class=\"popis\">\u0160\u00edrka (cm):<\/td>\n<td>61 cm<\/td>\n<\/tr>\n<tr>\n<td class=\"popis\">H\u013abka (cm):<\/td>\n<td>61 cm<\/td>\n<\/tr>\n<tr>\n<td class=\"popis\">V\u00fd\u0161ka (cm):<\/td>\n<td>87 cm<\/td>\n<\/tr>\n<tr>\n<td class=\"popis\">V\u00fd\u0161ka sedu:<\/td>\n<td>50 cm<\/td>\n<\/tr>\n<tr>\n<td>nosnos\u0165:<\/td>\n<td>110 kg<\/td>\n<\/tr>\n<tr>\n<td>hmotnos\u0165:<\/td>\n<td>8 kg<\/td>\n<\/tr>\n<\/tbody>\n<\/table>\n","protected":false},"excerpt":{"rendered":"<p>V\u010faka svojmu tvaru je t\u00e1to stoli\u010dka v industri\u00e1lnom dizajne nezamenite\u013en\u00e1 a z\u00e1rove\u0148 ve\u013emi pohodln\u00e1. \u0160krupina sedadla a operadla m\u00e1 po\u0165ah z\u00a0elegantnej zamatovej l\u00e1tky a\u00a0kvalitn\u00e9 polstrovanie s\u00a0efektn\u00fdm pre\u0161it\u00edm, ktor\u00e9 pod\u010diarkuje eleganciu stoli\u010dky. Stabilitu stoli\u010dky zais\u0165uj\u00fa 4 gu\u013eat\u00e9 kovov\u00e9 nohy s kvalitn\u00fdm pr\u00e1\u0161kov\u00fdm n\u00e1strekom v \u010diernej farbe. Toto v\u0161etko tvor\u00ed z tohto modelu stoli\u010dky skvel\u00fa vo\u013ebu pre&#8230;<\/p>\n","protected":false},"featured_media":117173,"comment_status":"closed","ping_status":"closed","template":"","meta":{"_seopress_robots_primary_cat":"none","_seopress_titles_title":"","_seopress_titles_desc":"","_seopress_robots_index":""},"product_brand":[],"product_cat":[239,237],"product_tag":[],"class_list":{"0":"post-103400","1":"product","2":"type-product","3":"status-publish","4":"has-post-thumbnail","6":"product_cat-kovove-stolicky","7":"product_cat-stolicky","8":"pa_farba-bk4","9":"pa_farba-grey4","10":"pa_farba-grn","11":"pa_farba-pink4","13":"first","14":"onbackorder","15":"shipping-taxable","16":"purchasable","17":"product-type-variable","18":"has-default-attributes"},"_links":{"self":[{"href":"https:\/\/nabytoklaguna.sk\/sk\/wp-json\/wp\/v2\/product\/103400","targetHints":{"allow":["GET"]}}],"collection":[{"href":"https:\/\/nabytoklaguna.sk\/sk\/wp-json\/wp\/v2\/product"}],"about":[{"href":"https:\/\/nabytoklaguna.sk\/sk\/wp-json\/wp\/v2\/types\/product"}],"replies":[{"embeddable":true,"href":"https:\/\/nabytoklaguna.sk\/sk\/wp-json\/wp\/v2\/comments?post=103400"}],"wp:featuredmedia":[{"embeddable":true,"href":"https:\/\/nabytoklaguna.sk\/sk\/wp-json\/wp\/v2\/media\/117173"}],"wp:attachment":[{"href":"https:\/\/nabytoklaguna.sk\/sk\/wp-json\/wp\/v2\/media?parent=103400"}],"wp:term":[{"taxonomy":"product_brand","embeddable":true,"href":"https:\/\/nabytoklaguna.sk\/sk\/wp-json\/wp\/v2\/product_brand?post=103400"},{"taxonomy":"product_cat","embeddable":true,"href":"https:\/\/nabytoklaguna.sk\/sk\/wp-json\/wp\/v2\/product_cat?post=103400"},{"taxonomy":"product_tag","embeddable":true,"href":"https:\/\/nabytoklaguna.sk\/sk\/wp-json\/wp\/v2\/product_tag?post=103400"}],"curies":[{"name":"wp","href":"https:\/\/api.w.org\/{rel}","templated":true}]}}