{"id":103486,"date":"2021-10-20T15:06:31","date_gmt":"2021-10-20T13:06:31","guid":{"rendered":"https:\/\/nabytoklaguna.sk\/sk\/?post_type=product&#038;p=103486"},"modified":"2025-06-12T01:00:25","modified_gmt":"2025-06-11T23:00:25","slug":"aut-6070-oak","status":"publish","type":"product","link":"https:\/\/nabytoklaguna.sk\/sk\/produkt\/aut-6070-oak\/","title":{"rendered":"AUT AUT-6070 OAK"},"content":{"rendered":"<p>Jed\u00e1lensk\u00fd set v \u0161t\u00fdle landhaus v minimalistickom preveden\u00ed. Je zlo\u017een\u00fd z jed\u00e1lensk\u00e9ho stola a \u0161tyroch jed\u00e1lensk\u00fdch stoli\u010diek.<\/p>\n<p>St\u00f4l je o rozmere 120 x 75 x 75 cm<\/p>\n<p>Doska je vyroben\u00e1 z kvalitnej a pevnej MDF. Nohy s\u00fa z mas\u00edvneho kau\u010dukovn\u00edka. Pou\u017eit\u00fd materi\u00e1l zais\u0165uje dostato\u010dn\u00fa pevnos\u0165 aj stabilitu cel\u00e9ho stola. Nohy s\u00fa opatren\u00e9 plastov\u00fdmi klz\u00e1kmi, zamedzuj\u00facimi riziko po\u0161kodenia podlahy.<\/p>\n<p>Dod\u00e1van\u00e9 v demonte.<\/p>\n<table>\n<tbody>\n<tr>\n<td class=\"popis\">\u0160\u00edrka (cm):<\/td>\n<td>120 cm<\/td>\n<\/tr>\n<tr>\n<td class=\"popis\">H\u013abka (cm):<\/td>\n<td>75 cm<\/td>\n<\/tr>\n<tr>\n<td class=\"popis\">V\u00fd\u0161ka (cm):<\/td>\n<td>75 cm<\/td>\n<\/tr>\n<tr>\n<td>hmotnos\u0165:<\/td>\n<td>36 kg<\/td>\n<\/tr>\n<\/tbody>\n<\/table>\n","protected":false},"excerpt":{"rendered":"<p>Jed\u00e1lensk\u00fd set v \u0161t\u00fdle landhaus v minimalistickom preveden\u00ed. Je zlo\u017een\u00fd z jed\u00e1lensk\u00e9ho stola a \u0161tyroch jed\u00e1lensk\u00fdch stoli\u010diek. St\u00f4l je o rozmere 120 x 75 x 75 cm Doska je vyroben\u00e1 z kvalitnej a pevnej MDF. Nohy s\u00fa z mas\u00edvneho kau\u010dukovn\u00edka. Pou\u017eit\u00fd materi\u00e1l zais\u0165uje dostato\u010dn\u00fa pevnos\u0165 aj stabilitu cel\u00e9ho stola. Nohy s\u00fa opatren\u00e9 plastov\u00fdmi klz\u00e1kmi, zamedzuj\u00facimi&#8230;<\/p>\n","protected":false},"featured_media":117142,"comment_status":"closed","ping_status":"closed","template":"","meta":{"_seopress_robots_primary_cat":"none","_seopress_titles_title":"","_seopress_titles_desc":"","_seopress_robots_index":""},"product_brand":[],"product_cat":[246],"product_tag":[],"class_list":{"0":"post-103486","1":"product","2":"type-product","3":"status-publish","4":"has-post-thumbnail","6":"product_cat-jedalenske-sety","7":"pa_farba-biela","8":"pa_farba-dub","10":"first","11":"onbackorder","12":"shipping-taxable","13":"purchasable","14":"product-type-variable"},"_links":{"self":[{"href":"https:\/\/nabytoklaguna.sk\/sk\/wp-json\/wp\/v2\/product\/103486","targetHints":{"allow":["GET"]}}],"collection":[{"href":"https:\/\/nabytoklaguna.sk\/sk\/wp-json\/wp\/v2\/product"}],"about":[{"href":"https:\/\/nabytoklaguna.sk\/sk\/wp-json\/wp\/v2\/types\/product"}],"replies":[{"embeddable":true,"href":"https:\/\/nabytoklaguna.sk\/sk\/wp-json\/wp\/v2\/comments?post=103486"}],"wp:featuredmedia":[{"embeddable":true,"href":"https:\/\/nabytoklaguna.sk\/sk\/wp-json\/wp\/v2\/media\/117142"}],"wp:attachment":[{"href":"https:\/\/nabytoklaguna.sk\/sk\/wp-json\/wp\/v2\/media?parent=103486"}],"wp:term":[{"taxonomy":"product_brand","embeddable":true,"href":"https:\/\/nabytoklaguna.sk\/sk\/wp-json\/wp\/v2\/product_brand?post=103486"},{"taxonomy":"product_cat","embeddable":true,"href":"https:\/\/nabytoklaguna.sk\/sk\/wp-json\/wp\/v2\/product_cat?post=103486"},{"taxonomy":"product_tag","embeddable":true,"href":"https:\/\/nabytoklaguna.sk\/sk\/wp-json\/wp\/v2\/product_tag?post=103486"}],"curies":[{"name":"wp","href":"https:\/\/api.w.org\/{rel}","templated":true}]}}