{"id":104452,"date":"2021-12-08T10:17:16","date_gmt":"2021-12-08T09:17:16","guid":{"rendered":"https:\/\/nabytoklaguna.sk\/sk\/?post_type=product&#038;p=104452"},"modified":"2026-01-01T00:45:11","modified_gmt":"2025-12-31T23:45:11","slug":"ka-l626","status":"publish","type":"product","link":"https:\/\/nabytoklaguna.sk\/sk\/produkt\/ka-l626\/","title":{"rendered":"KA-L626"},"content":{"rendered":"<p>Hern\u00e9 kreslo v dizajne seda\u010dky pretek\u00e1rskeho auta so zaoblen\u00fdmi l\u00edniami a novou funkciou operadla. Po\u0165ah je kombin\u00e1cia \u010diernej, do V pre\u0161\u00edvanej ekoko\u017ee a kontrastnej ekoko\u017ee na okrajoch sedadla i operadla a odn\u00edmate\u013en\u00fdch vank\u00fa\u0161ikoch. Polstrovanie je z kvalitnej PU peny. Stoli\u010dka je vybaven\u00e1 hojdac\u00edm mechanizmom s nastaven\u00edm protiv\u00e1hy a aret\u00e1ciou v z\u00e1kladnej polohe. Tuhos\u0165 protiv\u00e1hy je mo\u017en\u00e9 regulova\u0165 ve\u013ekou plastovou skrutkou, umiestnenou pod sed\u00e1kom. V\u00fd\u0161ka sedenia sa upravuje p\u00e1\u010dkou na pravej strane cez kvalitn\u00fd plynov\u00fd piest. Ruky unaven\u00e9 od kl\u00e1vesnice a r\u00fdchlej my\u0161i si m\u00f4\u017eete pohodlne polo\u017ei\u0165 na plastov\u00e9 podr\u00fa\u010dky, na lo\u017enej ploche polstrovan\u00e9 ekoko\u017eou. Operadlo je vy\u0161\u0161ie s dizajnov\u00fdmi otvormi v hornej \u010dasti lemovan\u00fdmi \u010diernymi plastov\u00fdmi v\u00fdliskami. Tie dod\u00e1vaj\u00fa stoli\u010dke nielen potrebn\u00fd z\u00e1vodn\u00fd vzh\u013ead (otvory na bezpe\u010dnostn\u00e9 p\u00e1sy), ale taktie\u017e u\u013eah\u010duje manipul\u00e1ciu. Kr\u00ed\u017e je kovov\u00fd, lakovan\u00fd \u010diernou farbou. Jednotliv\u00e9 l\u00fa\u010de s\u00fa skrutkovan\u00e9 k centr\u00e1lnemu nosn\u00edku s piestom. Kolieska s\u00fa plastov\u00e9, vhodn\u00e9 na koberce. Nosnos\u0165 stoli\u010dky je a\u017e 120 kg.\u00a0Ako nov\u00fa funkciu m\u00f4\u017eete vyu\u017ei\u0165 nieko\u013ekon\u00e1sobn\u00e9 polohovanie operadla, a to a\u017e do 135 \u00b0. Sta\u010d\u00ed len stla\u010di\u0165 tla\u010didlo umiestnen\u00e9 pod podr\u00fa\u010dkami a operadlo spolo\u010dne s podr\u00fa\u010dkami sa bude pos\u00fava\u0165 do st\u00e1le v\u00e4\u010d\u0161ej relaxa\u010dnej polohy.<\/p>\n<table>\n<tbody>\n<tr>\n<td class=\"popis\">Rozmery:<\/td>\n<td><span id=\"ctl00_ctl00_PageCPH_MainCPH_RozmeryLBL\" class=\"blue\">63x58x124-134&#215;49-59 cm<\/span><\/td>\n<\/tr>\n<\/tbody>\n<\/table>\n","protected":false},"excerpt":{"rendered":"<p>Hern\u00e9 kreslo v dizajne seda\u010dky pretek\u00e1rskeho auta so zaoblen\u00fdmi l\u00edniami a novou funkciou operadla. Po\u0165ah je kombin\u00e1cia \u010diernej, do V pre\u0161\u00edvanej ekoko\u017ee a kontrastnej ekoko\u017ee na okrajoch sedadla i operadla a odn\u00edmate\u013en\u00fdch vank\u00fa\u0161ikoch. Polstrovanie je z kvalitnej PU peny. Stoli\u010dka je vybaven\u00e1 hojdac\u00edm mechanizmom s nastaven\u00edm protiv\u00e1hy a aret\u00e1ciou v z\u00e1kladnej polohe. Tuhos\u0165 protiv\u00e1hy je&#8230;<\/p>\n","protected":false},"featured_media":104459,"comment_status":"closed","ping_status":"closed","template":"","meta":{"_seopress_robots_primary_cat":"none","_seopress_titles_title":"","_seopress_titles_desc":"","_seopress_robots_index":""},"product_brand":[],"product_cat":[242],"product_tag":[],"class_list":{"0":"post-104452","1":"product","2":"type-product","3":"status-publish","4":"has-post-thumbnail","6":"product_cat-kancelarske-stolicky","8":"first","9":"onbackorder","10":"shipping-taxable","11":"purchasable","12":"product-type-variable"},"_links":{"self":[{"href":"https:\/\/nabytoklaguna.sk\/sk\/wp-json\/wp\/v2\/product\/104452","targetHints":{"allow":["GET"]}}],"collection":[{"href":"https:\/\/nabytoklaguna.sk\/sk\/wp-json\/wp\/v2\/product"}],"about":[{"href":"https:\/\/nabytoklaguna.sk\/sk\/wp-json\/wp\/v2\/types\/product"}],"replies":[{"embeddable":true,"href":"https:\/\/nabytoklaguna.sk\/sk\/wp-json\/wp\/v2\/comments?post=104452"}],"wp:featuredmedia":[{"embeddable":true,"href":"https:\/\/nabytoklaguna.sk\/sk\/wp-json\/wp\/v2\/media\/104459"}],"wp:attachment":[{"href":"https:\/\/nabytoklaguna.sk\/sk\/wp-json\/wp\/v2\/media?parent=104452"}],"wp:term":[{"taxonomy":"product_brand","embeddable":true,"href":"https:\/\/nabytoklaguna.sk\/sk\/wp-json\/wp\/v2\/product_brand?post=104452"},{"taxonomy":"product_cat","embeddable":true,"href":"https:\/\/nabytoklaguna.sk\/sk\/wp-json\/wp\/v2\/product_cat?post=104452"},{"taxonomy":"product_tag","embeddable":true,"href":"https:\/\/nabytoklaguna.sk\/sk\/wp-json\/wp\/v2\/product_tag?post=104452"}],"curies":[{"name":"wp","href":"https:\/\/api.w.org\/{rel}","templated":true}]}}