{"id":10471,"date":"2021-02-22T16:54:36","date_gmt":"2021-02-22T15:54:36","guid":{"rendered":"http:\/\/nabytoklaguna.sk\/sk\/?post_type=product&#038;p=10471"},"modified":"2025-09-02T13:50:37","modified_gmt":"2025-09-02T11:50:37","slug":"k-mobi","status":"publish","type":"product","link":"https:\/\/nabytoklaguna.sk\/sk\/produkt\/k-mobi\/","title":{"rendered":"K MOBI botn\u00edk"},"content":{"rendered":"<p><b>Probl\u00e9m<\/b>\u00a0s uskladnen\u00edm top\u00e1nok? Vyrie\u0161te ho s\u00a0<b>p\u00e4\u0165radov\u00fdm botn\u00edkom MOBI 15<\/b>, ktor\u00fd udr\u017e\u00ed poriadok vo va\u0161ej predsieni. Botn\u00edk je vyroben\u00fd z\u00a0<b>laminovanej drevotriesky<\/b>\u00a0vo farebnej kombin\u00e1cii\u00a0<b>dub sonoma<\/b>\u00a0a\u00a0<b>biela<\/b>. Poskytuje dostatok\u00a0<b>\u00falo\u017en\u00e9ho priestoru<\/b>\u00a0v podobe\u00a0<b>piatich v\u00fdklopn\u00fdch \u0161upl\u00edkov<\/b>.\u00a0<b>Praktick\u00fd<\/b>\u00a0botn\u00edk MOBI 15 dod\u00e1 va\u0161ej predsieni nov\u00fd\u00a0<b>vzh\u013ead,<\/b>\u00a0ktor\u00fd bude p\u00f4sobi\u0165\u00a0<b>usporiadane<\/b>\u00a0a\u00a0<b>organizovane<\/b>.<\/p>\n<ul>\n<li><b>Farba:<\/b> dub sonoma\/biela , biela<\/li>\n<li><b>Rozmery (\u0160xHxV):<\/b>\u00a058x18x170,2 cm<\/li>\n<\/ul>\n","protected":false},"excerpt":{"rendered":"<p>Probl\u00e9m\u00a0s uskladnen\u00edm top\u00e1nok? Vyrie\u0161te ho s\u00a0p\u00e4\u0165radov\u00fdm botn\u00edkom MOBI 15, ktor\u00fd udr\u017e\u00ed poriadok vo va\u0161ej predsieni. Botn\u00edk je vyroben\u00fd z\u00a0laminovanej drevotriesky\u00a0vo farebnej kombin\u00e1cii\u00a0dub sonoma\u00a0a\u00a0biela. Poskytuje dostatok\u00a0\u00falo\u017en\u00e9ho priestoru\u00a0v podobe\u00a0piatich v\u00fdklopn\u00fdch \u0161upl\u00edkov.\u00a0Praktick\u00fd\u00a0botn\u00edk MOBI 15 dod\u00e1 va\u0161ej predsieni nov\u00fd\u00a0vzh\u013ead,\u00a0ktor\u00fd bude p\u00f4sobi\u0165\u00a0usporiadane\u00a0a\u00a0organizovane. Farba: dub sonoma\/biela , biela Rozmery (\u0160xHxV):\u00a058x18x170,2 cm<\/p>\n","protected":false},"featured_media":10472,"comment_status":"closed","ping_status":"closed","template":"","meta":{"_seopress_robots_primary_cat":"257","_seopress_titles_title":"","_seopress_titles_desc":"","_seopress_robots_index":""},"product_brand":[],"product_cat":[2139,252,257],"product_tag":[],"class_list":{"0":"post-10471","1":"product","2":"type-product","3":"status-publish","4":"has-post-thumbnail","6":"product_cat-predsiene-predsiene","7":"product_cat-botniky","8":"product_cat-predsiene","9":"pa_farba-biela","10":"pa_farba-buk","11":"pa_farba-dub-sonoma","12":"pa_farba-slivka","14":"first","15":"onbackorder","16":"shipping-taxable","17":"purchasable","18":"product-type-variable"},"_links":{"self":[{"href":"https:\/\/nabytoklaguna.sk\/sk\/wp-json\/wp\/v2\/product\/10471","targetHints":{"allow":["GET"]}}],"collection":[{"href":"https:\/\/nabytoklaguna.sk\/sk\/wp-json\/wp\/v2\/product"}],"about":[{"href":"https:\/\/nabytoklaguna.sk\/sk\/wp-json\/wp\/v2\/types\/product"}],"replies":[{"embeddable":true,"href":"https:\/\/nabytoklaguna.sk\/sk\/wp-json\/wp\/v2\/comments?post=10471"}],"wp:featuredmedia":[{"embeddable":true,"href":"https:\/\/nabytoklaguna.sk\/sk\/wp-json\/wp\/v2\/media\/10472"}],"wp:attachment":[{"href":"https:\/\/nabytoklaguna.sk\/sk\/wp-json\/wp\/v2\/media?parent=10471"}],"wp:term":[{"taxonomy":"product_brand","embeddable":true,"href":"https:\/\/nabytoklaguna.sk\/sk\/wp-json\/wp\/v2\/product_brand?post=10471"},{"taxonomy":"product_cat","embeddable":true,"href":"https:\/\/nabytoklaguna.sk\/sk\/wp-json\/wp\/v2\/product_cat?post=10471"},{"taxonomy":"product_tag","embeddable":true,"href":"https:\/\/nabytoklaguna.sk\/sk\/wp-json\/wp\/v2\/product_tag?post=10471"}],"curies":[{"name":"wp","href":"https:\/\/api.w.org\/{rel}","templated":true}]}}