{"id":104997,"date":"2022-01-03T12:37:35","date_gmt":"2022-01-03T11:37:35","guid":{"rendered":"https:\/\/nabytoklaguna.sk\/sk\/?post_type=product&#038;p=104997"},"modified":"2025-06-19T12:24:37","modified_gmt":"2025-06-19T10:24:37","slug":"pyka-etna-2","status":"publish","type":"product","link":"https:\/\/nabytoklaguna.sk\/sk\/produkt\/pyka-etna-2\/","title":{"rendered":"ETNA II  ko\u017een\u00e1 sedacia s\u00faprava"},"content":{"rendered":"<p><strong>Ko\u017een\u00e1 rohov\u00e1<\/strong> sedacia s\u00faprava <strong>ETNA II\u00a0<\/strong> ur\u010dite neostane bez pov\u0161imnutia. Navrhnut\u00e1 a vyroben\u00e1 je tak, aby v priestore ob\u00fdvacej izby p\u00f4sobila <strong>exkluz\u00edvne,<\/strong> a z\u00e1rove\u0148 bola<strong> maxim\u00e1lne komfortn\u00e1<\/strong>. \u00a0Sedacia s\u00faprava m\u00e1 <strong>polohovacie z\u00e1hlavie<\/strong>, ktor\u00e9 zabezpe\u010duje komfortn\u00e9 opretie chrbta a hlavy. Sedadl\u00e1 s\u00fa s<strong> luxusn\u00fdm dekorat\u00edvnym pre\u0161it\u00edm.<\/strong> O komfortn\u00e9 sedenie sa postar\u00e1 <strong>vysokoelastick\u00e1 HR pena<\/strong> v kombin\u00e1cii s pru\u017einou faliste. Sedacia s\u00faprava je bez rozkladu, je mo\u017en\u00e9 si ho doobjedna\u0165. Sedaciu s\u00fapravu je mo\u017en\u00e9 objedna\u0165 <strong>v pravom<\/strong> alebo <strong>v \u013eavom<\/strong> preveden\u00ed. Seda\u010dka p\u00f4sob\u00ed <strong>majest\u00e1tn<\/strong>e a bezpochyby sa stane novou <strong>dominantou<\/strong> Va\u0161ej ob\u00fdva\u010dky.<\/p>\n<p>Rozmery sedacej s\u00fa (\u0160xHxV): 250x186x77-93 cm<br \/>\n<strong>Rozmer taburetky, ktor\u00e1 nieje zahrnut\u00e1 v cene<\/strong> (\u0160xHxV): 90x55x44 cm.\u00a0 <strong>Cena\u00a0 275,-EUR<\/strong><br \/>\nCelkov\u00e9 rozmery seda\u010dky vr\u00e1tane taburetky s\u00fa (\u0160xHxV): 250x241x77-93 cm.<br \/>\nFunkciu rozkladu na l\u00f4\u017eko s rozmermi 140&#215;190 cm je mo\u017en\u00e9 zak\u00fapi\u0165 za pr\u00edplatok.<\/p>\n<p><strong>Cena za rozklad: 280,-EUR<\/strong><\/p>\n<p>&nbsp;<\/p>\n","protected":false},"excerpt":{"rendered":"<p>Ko\u017een\u00e1 rohov\u00e1 sedacia s\u00faprava ETNA II\u00a0 ur\u010dite neostane bez pov\u0161imnutia. Navrhnut\u00e1 a vyroben\u00e1 je tak, aby v priestore ob\u00fdvacej izby p\u00f4sobila exkluz\u00edvne, a z\u00e1rove\u0148 bola maxim\u00e1lne komfortn\u00e1. \u00a0Sedacia s\u00faprava m\u00e1 polohovacie z\u00e1hlavie, ktor\u00e9 zabezpe\u010duje komfortn\u00e9 opretie chrbta a hlavy. Sedadl\u00e1 s\u00fa s luxusn\u00fdm dekorat\u00edvnym pre\u0161it\u00edm. O komfortn\u00e9 sedenie sa postar\u00e1 vysokoelastick\u00e1 HR pena v kombin\u00e1cii&#8230;<\/p>\n","protected":false},"featured_media":105220,"comment_status":"closed","ping_status":"closed","template":"","meta":{"_seopress_robots_primary_cat":"none","_seopress_titles_title":"","_seopress_titles_desc":"","_seopress_robots_index":""},"product_brand":[],"product_cat":[255,140,214],"product_tag":[],"class_list":{"0":"post-104997","1":"product","2":"type-product","3":"status-publish","4":"has-post-thumbnail","6":"product_cat-rohove-supravy","7":"product_cat-sedacie-supravy","8":"product_cat-kozene-sedacie-supravy","10":"first","11":"instock","12":"shipping-taxable","13":"purchasable","14":"product-type-variable"},"_links":{"self":[{"href":"https:\/\/nabytoklaguna.sk\/sk\/wp-json\/wp\/v2\/product\/104997","targetHints":{"allow":["GET"]}}],"collection":[{"href":"https:\/\/nabytoklaguna.sk\/sk\/wp-json\/wp\/v2\/product"}],"about":[{"href":"https:\/\/nabytoklaguna.sk\/sk\/wp-json\/wp\/v2\/types\/product"}],"replies":[{"embeddable":true,"href":"https:\/\/nabytoklaguna.sk\/sk\/wp-json\/wp\/v2\/comments?post=104997"}],"wp:featuredmedia":[{"embeddable":true,"href":"https:\/\/nabytoklaguna.sk\/sk\/wp-json\/wp\/v2\/media\/105220"}],"wp:attachment":[{"href":"https:\/\/nabytoklaguna.sk\/sk\/wp-json\/wp\/v2\/media?parent=104997"}],"wp:term":[{"taxonomy":"product_brand","embeddable":true,"href":"https:\/\/nabytoklaguna.sk\/sk\/wp-json\/wp\/v2\/product_brand?post=104997"},{"taxonomy":"product_cat","embeddable":true,"href":"https:\/\/nabytoklaguna.sk\/sk\/wp-json\/wp\/v2\/product_cat?post=104997"},{"taxonomy":"product_tag","embeddable":true,"href":"https:\/\/nabytoklaguna.sk\/sk\/wp-json\/wp\/v2\/product_tag?post=104997"}],"curies":[{"name":"wp","href":"https:\/\/api.w.org\/{rel}","templated":true}]}}