{"id":105017,"date":"2022-01-03T15:02:34","date_gmt":"2022-01-03T14:02:34","guid":{"rendered":"https:\/\/nabytoklaguna.sk\/sk\/?post_type=product&#038;p=105017"},"modified":"2026-02-04T14:39:17","modified_gmt":"2026-02-04T13:39:17","slug":"pyka-aneta","status":"publish","type":"product","link":"https:\/\/nabytoklaguna.sk\/sk\/produkt\/pyka-aneta\/","title":{"rendered":"ANETA II ko\u017een\u00e1 sedacia s\u00faprava D3"},"content":{"rendered":"<p>Ak ste milovn\u00edkmi <strong>rustik\u00e1lneho \u0161t\u00fdlu<\/strong>, tak ste na spr\u00e1vnom mieste. <strong>Ko\u017een\u00e1<\/strong> zostava <strong>ANETA<\/strong> zobrazen\u00e1 na obr\u00e1zku pozost\u00e1va z trojsedu bez rozkladu a z dvoch kresiel. Set je \u010dal\u00fanen\u00fd<strong> kvalitnou hov\u00e4dzou ko\u017eou<\/strong>. O komfortn\u00e9 a pohodln\u00e9 sedenie sa postaraj\u00fa pru\u017einy typu Bonell, ktor\u00e9 zaru\u010duj\u00fa dlhodobo pru\u017en\u00e9 sedenie. <strong>Drevo<\/strong> vyu\u017e\u00edvan\u00e9 na v\u00fdrobu n\u00e1bytku je pevn\u00fd a vysoko <strong>kvalitn\u00fd dub<\/strong>. Za pr\u00edplatok je mo\u017en\u00e9 doobjedna\u0165 rozklad k trojsedu.<\/p>\n<p><strong>Rozmer trojsedu:<\/strong><\/p>\n<p><strong>\u0160\u00edrka:\u00a0<\/strong>190 cm<\/p>\n<p><strong>V\u00fd\u0161ka:<\/strong>\u00a095 cm<\/p>\n<p><strong>H\u013abka:<\/strong>\u00a095 cm<\/p>\n<p><strong>Rozmer dvojsedu:<\/strong><\/p>\n<p><strong>\u0160\u00edrka:\u00a0<\/strong>140 cm<\/p>\n<p><strong>V\u00fd\u0161ka:<\/strong>\u00a095 cm<\/p>\n<p><strong>H\u013abka:<\/strong>\u00a095 cm<\/p>\n<p><strong>Rozmer kresla:<\/strong><\/p>\n<p><strong>\u0160\u00edrka:\u00a0<\/strong>90 cm<\/p>\n<p><strong>V\u00fd\u0161ka:<\/strong>\u00a095 cm<\/p>\n<p><strong>H\u013abka:<\/strong>\u00a095 cm<\/p>\n<ul>\n<li>Farebn\u00e9 prevedenie dreva a ko\u017ee sa na z\u00e1klade nastavenia jasu na Va\u0161ej obrazovke m\u00f4\u017ee l\u00ed\u0161i\u0165<\/li>\n<\/ul>\n","protected":false},"excerpt":{"rendered":"<p>Ak ste milovn\u00edkmi rustik\u00e1lneho \u0161t\u00fdlu, tak ste na spr\u00e1vnom mieste. Ko\u017een\u00e1 zostava ANETA zobrazen\u00e1 na obr\u00e1zku pozost\u00e1va z trojsedu bez rozkladu a z dvoch kresiel. Set je \u010dal\u00fanen\u00fd kvalitnou hov\u00e4dzou ko\u017eou. O komfortn\u00e9 a pohodln\u00e9 sedenie sa postaraj\u00fa pru\u017einy typu Bonell, ktor\u00e9 zaru\u010duj\u00fa dlhodobo pru\u017en\u00e9 sedenie. Drevo vyu\u017e\u00edvan\u00e9 na v\u00fdrobu n\u00e1bytku je pevn\u00fd a vysoko&#8230;<\/p>\n","protected":false},"featured_media":105221,"comment_status":"closed","ping_status":"closed","template":"","meta":{"_seopress_robots_primary_cat":"none","_seopress_titles_title":"","_seopress_titles_desc":"","_seopress_robots_index":""},"product_brand":[],"product_cat":[256,140,214],"product_tag":[],"class_list":{"0":"post-105017","1":"product","2":"type-product","3":"status-publish","4":"has-post-thumbnail","6":"product_cat-supravy-311","7":"product_cat-sedacie-supravy","8":"product_cat-kozene-sedacie-supravy","9":"pa_typ-produktu-2-sed-2","10":"pa_typ-produktu-3n11","11":"pa_typ-produktu-3n21","12":"pa_typ-produktu-3sed","13":"pa_typ-produktu-kreslo","15":"first","16":"onbackorder","17":"shipping-taxable","18":"purchasable","19":"product-type-variable"},"_links":{"self":[{"href":"https:\/\/nabytoklaguna.sk\/sk\/wp-json\/wp\/v2\/product\/105017","targetHints":{"allow":["GET"]}}],"collection":[{"href":"https:\/\/nabytoklaguna.sk\/sk\/wp-json\/wp\/v2\/product"}],"about":[{"href":"https:\/\/nabytoklaguna.sk\/sk\/wp-json\/wp\/v2\/types\/product"}],"replies":[{"embeddable":true,"href":"https:\/\/nabytoklaguna.sk\/sk\/wp-json\/wp\/v2\/comments?post=105017"}],"wp:featuredmedia":[{"embeddable":true,"href":"https:\/\/nabytoklaguna.sk\/sk\/wp-json\/wp\/v2\/media\/105221"}],"wp:attachment":[{"href":"https:\/\/nabytoklaguna.sk\/sk\/wp-json\/wp\/v2\/media?parent=105017"}],"wp:term":[{"taxonomy":"product_brand","embeddable":true,"href":"https:\/\/nabytoklaguna.sk\/sk\/wp-json\/wp\/v2\/product_brand?post=105017"},{"taxonomy":"product_cat","embeddable":true,"href":"https:\/\/nabytoklaguna.sk\/sk\/wp-json\/wp\/v2\/product_cat?post=105017"},{"taxonomy":"product_tag","embeddable":true,"href":"https:\/\/nabytoklaguna.sk\/sk\/wp-json\/wp\/v2\/product_tag?post=105017"}],"curies":[{"name":"wp","href":"https:\/\/api.w.org\/{rel}","templated":true}]}}