{"id":105042,"date":"2022-01-04T10:26:11","date_gmt":"2022-01-04T09:26:11","guid":{"rendered":"https:\/\/nabytoklaguna.sk\/sk\/?post_type=product&#038;p=105042"},"modified":"2026-02-04T14:17:46","modified_gmt":"2026-02-04T13:17:46","slug":"pyka-parys","status":"publish","type":"product","link":"https:\/\/nabytoklaguna.sk\/sk\/produkt\/pyka-parys\/","title":{"rendered":"PARYS ko\u017een\u00e1 sedacia s\u00faprava D3"},"content":{"rendered":"<p><strong>Ko\u017een\u00e1<\/strong> sedacia s\u00faprava <strong>PARYS<\/strong> pote\u0161\u00ed najm\u00e4 milovn\u00edkov <strong>rustik\u00e1lneho<\/strong> <strong>\u0161t\u00fdlu<\/strong>. <strong>Mohutn\u00e9 nohy<\/strong> a mas\u00edvne spracovanie neodol\u00e1 \u017eiadnemu oku. Sedenie tvoria pru\u017einy BONELL, ktor\u00e9 <strong>pohodln\u00e9 a dlhodobo pru\u017en\u00e9<\/strong> sedenie. Nohy s\u00fa z pevn\u00e9ho a <strong>vysokokvalitn\u00e9ho dubu.<\/strong> Zobrazen\u00fd set V\u00e1m pon\u00faka 3-sed bez rozkladu a kreslo. Za pr\u00edplatok je mo\u017en\u00e9 objedna\u0165 <strong>3-sed s rozkladom<\/strong>. Sedacia s\u00faprava je vyroben\u00e1 z<strong> kvalitnej hov\u00e4dzej ko\u017ee.<\/strong><\/p>\n<p>Mo\u017enos\u0165 zak\u00fapi\u0165 aj <strong>taburet<\/strong> o rozmeroch (\u0161 x h x v) 45 x 45 x 45 cm za cenu<strong> 285 eur<\/strong><\/p>\n<p><strong>Trojsed<br \/>\n<\/strong><strong>\u0160\u00edrka:<\/strong>\u00a0210 cm<\/p>\n<p><strong>V\u00fd\u0161ka:<\/strong>\u00a097 cm<\/p>\n<p><strong>H\u013abka:<\/strong>\u00a0100 cm<\/p>\n<p><strong>Plocha po rozlo\u017een\u00ed:<\/strong> 140&#215;190 cm<\/p>\n<p><strong>Materi\u00e1l:<\/strong>\u00a0ko\u017ea\/mas\u00edvne drevo<\/p>\n<p><strong>Dvojsed:<br \/>\n<\/strong><strong style=\"font-size: 15.008px;\">\u0160\u00edrka:<\/strong><span style=\"font-size: 15.008px;\">\u00a0155 cm<\/span><\/p>\n<p><strong>V\u00fd\u0161ka:<\/strong>\u00a097 cm<\/p>\n<p><strong>H\u013abka:<\/strong>\u00a0100 cm<\/p>\n<p><strong>Materi\u00e1l:<\/strong>\u00a0ko\u017ea\/mas\u00edvne drevo<\/p>\n<p><strong>Kreslo:<br \/>\n<\/strong><\/p>\n<p><strong>\u0160\u00edrka:<\/strong>\u00a0105 cm<\/p>\n<p><strong>V\u00fd\u0161ka:<\/strong>\u00a097 cm<\/p>\n<p><strong>H\u013abka:<\/strong>\u00a0100 cm<\/p>\n<p><strong>Materi\u00e1l:<\/strong>\u00a0ko\u017ea\/mas\u00edvne drevo<\/p>\n<p><strong>\u00a0<\/strong><\/p>\n<p>&nbsp;<\/p>\n<ul>\n<li>Farebn\u00e9 prevedenie dreva a ko\u017ee sa na z\u00e1klade nastavenia jasu na Va\u0161ej obr\u00e1zovke m\u00f4\u017ee l\u00ed\u0161i\u0165<\/li>\n<\/ul>\n","protected":false},"excerpt":{"rendered":"<p>Ko\u017een\u00e1 sedacia s\u00faprava PARYS pote\u0161\u00ed najm\u00e4 milovn\u00edkov rustik\u00e1lneho \u0161t\u00fdlu. Mohutn\u00e9 nohy a mas\u00edvne spracovanie neodol\u00e1 \u017eiadnemu oku. Sedenie tvoria pru\u017einy BONELL, ktor\u00e9 pohodln\u00e9 a dlhodobo pru\u017en\u00e9 sedenie. Nohy s\u00fa z pevn\u00e9ho a vysokokvalitn\u00e9ho dubu. Zobrazen\u00fd set V\u00e1m pon\u00faka 3-sed bez rozkladu a kreslo. Za pr\u00edplatok je mo\u017en\u00e9 objedna\u0165 3-sed s rozkladom. Sedacia s\u00faprava je vyroben\u00e1&#8230;<\/p>\n","protected":false},"featured_media":105051,"comment_status":"closed","ping_status":"closed","template":"","meta":{"_seopress_robots_primary_cat":"none","_seopress_titles_title":"","_seopress_titles_desc":"","_seopress_robots_index":""},"product_brand":[],"product_cat":[256,140,214],"product_tag":[],"class_list":{"0":"post-105042","1":"product","2":"type-product","3":"status-publish","4":"has-post-thumbnail","6":"product_cat-supravy-311","7":"product_cat-sedacie-supravy","8":"product_cat-kozene-sedacie-supravy","9":"pa_typ-produktu-3n1","10":"pa_typ-produktu-2-sed-2","11":"pa_typ-produktu-3-sed-s-rozkladom","12":"pa_typ-produktu-3n11","13":"pa_typ-produktu-3n21","14":"pa_typ-produktu-3sed","15":"pa_typ-produktu-kreslo","17":"first","18":"instock","19":"shipping-taxable","20":"purchasable","21":"product-type-variable"},"_links":{"self":[{"href":"https:\/\/nabytoklaguna.sk\/sk\/wp-json\/wp\/v2\/product\/105042","targetHints":{"allow":["GET"]}}],"collection":[{"href":"https:\/\/nabytoklaguna.sk\/sk\/wp-json\/wp\/v2\/product"}],"about":[{"href":"https:\/\/nabytoklaguna.sk\/sk\/wp-json\/wp\/v2\/types\/product"}],"replies":[{"embeddable":true,"href":"https:\/\/nabytoklaguna.sk\/sk\/wp-json\/wp\/v2\/comments?post=105042"}],"wp:featuredmedia":[{"embeddable":true,"href":"https:\/\/nabytoklaguna.sk\/sk\/wp-json\/wp\/v2\/media\/105051"}],"wp:attachment":[{"href":"https:\/\/nabytoklaguna.sk\/sk\/wp-json\/wp\/v2\/media?parent=105042"}],"wp:term":[{"taxonomy":"product_brand","embeddable":true,"href":"https:\/\/nabytoklaguna.sk\/sk\/wp-json\/wp\/v2\/product_brand?post=105042"},{"taxonomy":"product_cat","embeddable":true,"href":"https:\/\/nabytoklaguna.sk\/sk\/wp-json\/wp\/v2\/product_cat?post=105042"},{"taxonomy":"product_tag","embeddable":true,"href":"https:\/\/nabytoklaguna.sk\/sk\/wp-json\/wp\/v2\/product_tag?post=105042"}],"curies":[{"name":"wp","href":"https:\/\/api.w.org\/{rel}","templated":true}]}}