{"id":105059,"date":"2022-01-04T14:14:15","date_gmt":"2022-01-04T13:14:15","guid":{"rendered":"https:\/\/nabytoklaguna.sk\/sk\/?post_type=product&#038;p=105059"},"modified":"2026-02-03T11:30:34","modified_gmt":"2026-02-03T10:30:34","slug":"pyka-lord","status":"publish","type":"product","link":"https:\/\/nabytoklaguna.sk\/sk\/produkt\/pyka-lord\/","title":{"rendered":"LORD ko\u017een\u00e1 sedacia s\u00faprava D3"},"content":{"rendered":"<p><strong>Luxusn\u00e1 ko\u017een\u00e1<\/strong> sedacia s\u00faprava <strong>LORD<\/strong> je vyroben\u00e1 v<strong> rustik\u00e1lnom \u0161t\u00fdle.<\/strong> Jadro sedacej s\u00fapravy tvoria pru\u017einy Faliste, ktor\u00e9 zabezpe\u010duj\u00fa kvalitn\u00e9 a <strong>komfortn\u00e9 sedenie<\/strong>. \u010cal\u00fanen\u00e1 je <strong>kvalitnou<\/strong> <strong>hov\u00e4dzou ko\u017eou<\/strong>. Zobrazen\u00fd set sa sklad\u00e1 z 3-sedu bez rozkladu a kresla. Za pr\u00edplatok je mo\u017en\u00e9 objedna\u0165 3-sed s rozkladom. Nohy na sedacej s\u00faprave s\u00fa z <strong>vysoko-kvalitn\u00e9ho dubu<\/strong>. Pri tejto kvalitnej sedacej s\u00faprave sa budete c\u00edti\u0165 v\u00fdnimo\u010dne. Pocit <strong>komfortu<\/strong> a <strong>pohodlia<\/strong> si tak m\u00f4\u017eete naplno vychutna\u0165.<\/p>\n<p><strong>Rozmer trojsedu:<\/strong><\/p>\n<p><strong>\u0160\u00edrka:<\/strong>\u00a0198 cm<\/p>\n<p><strong>V\u00fd\u0161ka:<\/strong>\u00a096 cm<\/p>\n<p><strong>H\u013abka:<\/strong>\u00a097 cm<\/p>\n<p><strong>Plocha po rozlo\u017een\u00ed:<\/strong> 140&#215;190 cm<\/p>\n<p>&nbsp;<\/p>\n<p><strong>Rozmer dvojsedu:<\/strong><\/p>\n<p><strong>\u0160\u00edrka:<\/strong>\u00a0145 cm<\/p>\n<p><strong>V\u00fd\u0161ka:<\/strong>\u00a096 cm<\/p>\n<p><strong>H\u013abka:<\/strong>\u00a097 cm<\/p>\n<p>&nbsp;<\/p>\n<p><strong>Rozmer kresla:<\/strong><\/p>\n<p><strong>\u0160\u00edrka:<\/strong>\u00a0100 cm<\/p>\n<p><strong>V\u00fd\u0161ka:<\/strong>\u00a096 cm<\/p>\n<p><strong>H\u013abka:<\/strong>\u00a097 cm<\/p>\n<p><strong>Materi\u00e1l:<\/strong>\u00a0ko\u017ea\/mas\u00edvne drevo<\/p>\n<p>&nbsp;<\/p>\n<ul>\n<li>Farebn\u00e9 prevedenie dreva a ko\u017ee sa na z\u00e1klade nastavenia jasu na Va\u0161ej obrazovke m\u00f4\u017ee l\u00ed\u0161i\u0165<\/li>\n<\/ul>\n","protected":false},"excerpt":{"rendered":"<p>Luxusn\u00e1 ko\u017een\u00e1 sedacia s\u00faprava LORD je vyroben\u00e1 v rustik\u00e1lnom \u0161t\u00fdle. Jadro sedacej s\u00fapravy tvoria pru\u017einy Faliste, ktor\u00e9 zabezpe\u010duj\u00fa kvalitn\u00e9 a komfortn\u00e9 sedenie. \u010cal\u00fanen\u00e1 je kvalitnou hov\u00e4dzou ko\u017eou. Zobrazen\u00fd set sa sklad\u00e1 z 3-sedu bez rozkladu a kresla. Za pr\u00edplatok je mo\u017en\u00e9 objedna\u0165 3-sed s rozkladom. Nohy na sedacej s\u00faprave s\u00fa z vysoko-kvalitn\u00e9ho dubu. Pri tejto&#8230;<\/p>\n","protected":false},"featured_media":105062,"comment_status":"closed","ping_status":"closed","template":"","meta":{"_seopress_robots_primary_cat":"none","_seopress_titles_title":"","_seopress_titles_desc":"","_seopress_robots_index":""},"product_brand":[],"product_cat":[140,214],"product_tag":[],"class_list":{"0":"post-105059","1":"product","2":"type-product","3":"status-publish","4":"has-post-thumbnail","6":"product_cat-sedacie-supravy","7":"product_cat-kozene-sedacie-supravy","8":"pa_typ-produktu-3n1","9":"pa_typ-produktu-2-sed-2","10":"pa_typ-produktu-3-sed-bez-rozkladu","11":"pa_typ-produktu-3-sed-s-rozkladom","12":"pa_typ-produktu-3n11","13":"pa_typ-produktu-3n21","14":"pa_typ-produktu-kreslo","16":"first","17":"instock","18":"shipping-taxable","19":"purchasable","20":"product-type-variable"},"_links":{"self":[{"href":"https:\/\/nabytoklaguna.sk\/sk\/wp-json\/wp\/v2\/product\/105059","targetHints":{"allow":["GET"]}}],"collection":[{"href":"https:\/\/nabytoklaguna.sk\/sk\/wp-json\/wp\/v2\/product"}],"about":[{"href":"https:\/\/nabytoklaguna.sk\/sk\/wp-json\/wp\/v2\/types\/product"}],"replies":[{"embeddable":true,"href":"https:\/\/nabytoklaguna.sk\/sk\/wp-json\/wp\/v2\/comments?post=105059"}],"wp:featuredmedia":[{"embeddable":true,"href":"https:\/\/nabytoklaguna.sk\/sk\/wp-json\/wp\/v2\/media\/105062"}],"wp:attachment":[{"href":"https:\/\/nabytoklaguna.sk\/sk\/wp-json\/wp\/v2\/media?parent=105059"}],"wp:term":[{"taxonomy":"product_brand","embeddable":true,"href":"https:\/\/nabytoklaguna.sk\/sk\/wp-json\/wp\/v2\/product_brand?post=105059"},{"taxonomy":"product_cat","embeddable":true,"href":"https:\/\/nabytoklaguna.sk\/sk\/wp-json\/wp\/v2\/product_cat?post=105059"},{"taxonomy":"product_tag","embeddable":true,"href":"https:\/\/nabytoklaguna.sk\/sk\/wp-json\/wp\/v2\/product_tag?post=105059"}],"curies":[{"name":"wp","href":"https:\/\/api.w.org\/{rel}","templated":true}]}}