{"id":10506,"date":"2021-02-22T16:54:36","date_gmt":"2021-02-22T15:54:36","guid":{"rendered":"http:\/\/nabytoklaguna.sk\/sk\/?post_type=product&#038;p=10506"},"modified":"2026-01-07T16:51:03","modified_gmt":"2026-01-07T15:51:03","slug":"k-mobi-13-botnik","status":"publish","type":"product","link":"https:\/\/nabytoklaguna.sk\/sk\/produkt\/k-mobi-13-botnik\/","title":{"rendered":"K MOBI 13"},"content":{"rendered":"<p>3 -radov\u00fd modern\u00fd\u00a0 v\u00fdklopn\u00fd botn\u00edk, materi\u00e1l: DTD laminovan\u00e1.<\/p>\n<p>Mo\u017enos\u0165 v\u00fdberu farebn\u00e9ho prevedenia:<\/p>\n<ul>\n<li>dub sonoma<\/li>\n<li>biela<\/li>\n<\/ul>\n<p><strong>KVALITN\u00dd \u010cESK\u00dd V\u00ddROBOK<\/strong><\/p>\n<p>ROZMER<br \/>\n\u0160\u00edrka: 58 cm<br \/>\nH\u013abka: 18 cm<br \/>\nV\u00fd\u0161ka: 106 cm<\/p>\n","protected":false},"excerpt":{"rendered":"<p>3 -radov\u00fd modern\u00fd\u00a0 v\u00fdklopn\u00fd botn\u00edk, materi\u00e1l: DTD laminovan\u00e1. Mo\u017enos\u0165 v\u00fdberu farebn\u00e9ho prevedenia: dub sonoma biela KVALITN\u00dd \u010cESK\u00dd V\u00ddROBOK ROZMER \u0160\u00edrka: 58 cm H\u013abka: 18 cm V\u00fd\u0161ka: 106 cm<\/p>\n","protected":false},"featured_media":10507,"comment_status":"closed","ping_status":"closed","template":"","meta":{"_seopress_robots_primary_cat":"257","_seopress_titles_title":"","_seopress_titles_desc":"","_seopress_robots_index":""},"product_brand":[],"product_cat":[2139,252,257],"product_tag":[],"class_list":{"0":"post-10506","1":"product","2":"type-product","3":"status-publish","4":"has-post-thumbnail","6":"product_cat-predsiene-predsiene","7":"product_cat-botniky","8":"product_cat-predsiene","9":"pa_farba-biela","10":"pa_farba-buk","11":"pa_farba-dub-sonoma","12":"pa_farba-slivka","14":"first","15":"onbackorder","16":"shipping-taxable","17":"purchasable","18":"product-type-variable"},"_links":{"self":[{"href":"https:\/\/nabytoklaguna.sk\/sk\/wp-json\/wp\/v2\/product\/10506","targetHints":{"allow":["GET"]}}],"collection":[{"href":"https:\/\/nabytoklaguna.sk\/sk\/wp-json\/wp\/v2\/product"}],"about":[{"href":"https:\/\/nabytoklaguna.sk\/sk\/wp-json\/wp\/v2\/types\/product"}],"replies":[{"embeddable":true,"href":"https:\/\/nabytoklaguna.sk\/sk\/wp-json\/wp\/v2\/comments?post=10506"}],"wp:featuredmedia":[{"embeddable":true,"href":"https:\/\/nabytoklaguna.sk\/sk\/wp-json\/wp\/v2\/media\/10507"}],"wp:attachment":[{"href":"https:\/\/nabytoklaguna.sk\/sk\/wp-json\/wp\/v2\/media?parent=10506"}],"wp:term":[{"taxonomy":"product_brand","embeddable":true,"href":"https:\/\/nabytoklaguna.sk\/sk\/wp-json\/wp\/v2\/product_brand?post=10506"},{"taxonomy":"product_cat","embeddable":true,"href":"https:\/\/nabytoklaguna.sk\/sk\/wp-json\/wp\/v2\/product_cat?post=10506"},{"taxonomy":"product_tag","embeddable":true,"href":"https:\/\/nabytoklaguna.sk\/sk\/wp-json\/wp\/v2\/product_tag?post=10506"}],"curies":[{"name":"wp","href":"https:\/\/api.w.org\/{rel}","templated":true}]}}