{"id":105140,"date":"2022-01-05T14:46:25","date_gmt":"2022-01-05T13:46:25","guid":{"rendered":"https:\/\/nabytoklaguna.sk\/sk\/?post_type=product&#038;p=105140"},"modified":"2026-02-03T11:13:58","modified_gmt":"2026-02-03T10:13:58","slug":"pyka-finka","status":"publish","type":"product","link":"https:\/\/nabytoklaguna.sk\/sk\/produkt\/pyka-finka\/","title":{"rendered":"FINKA S42 ko\u017een\u00e1 sedacia s\u00faprava D3"},"content":{"rendered":"<p style=\"text-align: left;\"><strong>Elegantn\u00e1 ko\u017een\u00e1<\/strong> sedacia s\u00faprava<strong> FINKA\u00a0<\/strong> je vyroben\u00e1 tak aby uspokojila aj toho <strong>najn\u00e1ro\u010dnej\u0161ieho z\u00e1kazn\u00edka<\/strong>. \u010cal\u00fanen\u00e1 je <strong>kvalitnou talianskou hov\u00e4dzou ko\u017eou<\/strong>. Sedenia tvoria pru\u017einy typu Bonell, ktor\u00e9 zaru\u010duj\u00fa dlhodobo pru\u017en\u00e9 sedenie. Pohovka je rozkladacia, jednoduch\u00fdm <strong>rozkladom KLIK-KLAK,<\/strong> premen\u00edte pohovku na plochu pre pr\u00edle\u017eitostn\u00e9 spanie s rozmerom 120x200cm. Zadn\u00e1 \u010das\u0165 pohovky je \u010dal\u00fanen\u00e1 univerz\u00e1lnou l\u00e1tkou, za pr\u00edplatok je mo\u017en\u00e9 o\u010dal\u00fani\u0165 ko\u017eou v tej istej farbe. Dreven\u00fa li\u0161tu a dreven\u00e9 nohy\u00a0 je mo\u017en\u00e9 objedna\u0165 za pr\u00edplatok. <strong>Mas\u00edvne drevo<\/strong> dod\u00e1va sedacej s\u00faprave ten spr\u00e1vny \u0161mrnc. Akciov\u00e1 cena je za zostavu 3R+1+1 v ko\u017ei S42 drevo D3. <strong>IBA TERAZ\u00a0 SUPER\u00a0 AKCIA\u00a0 !!!<\/strong><\/p>\n<p><strong>Trojsed\u00a0<\/strong><\/p>\n<p>\u0160\u00edrka:\u00a0213 cm<\/p>\n<p>V\u00fd\u0161ka: 100\u00a0cm<\/p>\n<p>H\u013abka: 95\u00a0cm<\/p>\n<p><strong>Kreslo<\/strong><\/p>\n<p>\u0160\u00edrka: 64\u00a0cm<\/p>\n<p>V\u00fd\u0161ka: 100\u00a0cm<\/p>\n<p>H\u013abka: 75\u00a0cm<\/p>\n<ul>\n<li>Farebn\u00e9 prevedenie dreva a ko\u017ee sa na z\u00e1klade nastavenia jasu na Va\u0161ej obrazovke m\u00f4\u017ee l\u00ed\u0161i\u0165(foto ilustra\u010dn\u00e9)<\/li>\n<\/ul>\n<p>&nbsp;<\/p>\n","protected":false},"excerpt":{"rendered":"<p>Elegantn\u00e1 ko\u017een\u00e1 sedacia s\u00faprava FINKA\u00a0 je vyroben\u00e1 tak aby uspokojila aj toho najn\u00e1ro\u010dnej\u0161ieho z\u00e1kazn\u00edka. \u010cal\u00fanen\u00e1 je kvalitnou talianskou hov\u00e4dzou ko\u017eou. Sedenia tvoria pru\u017einy typu Bonell, ktor\u00e9 zaru\u010duj\u00fa dlhodobo pru\u017en\u00e9 sedenie. Pohovka je rozkladacia, jednoduch\u00fdm rozkladom KLIK-KLAK, premen\u00edte pohovku na plochu pre pr\u00edle\u017eitostn\u00e9 spanie s rozmerom 120x200cm. Zadn\u00e1 \u010das\u0165 pohovky je \u010dal\u00fanen\u00e1 univerz\u00e1lnou l\u00e1tkou, za pr\u00edplatok&#8230;<\/p>\n","protected":false},"featured_media":105143,"comment_status":"closed","ping_status":"closed","template":"","meta":{"_seopress_robots_primary_cat":"none","_seopress_titles_title":"","_seopress_titles_desc":"","_seopress_robots_index":""},"product_brand":[],"product_cat":[256,140,214],"product_tag":[],"class_list":{"0":"post-105140","1":"product","2":"type-product","3":"status-publish","4":"has-post-thumbnail","6":"product_cat-supravy-311","7":"product_cat-sedacie-supravy","8":"product_cat-kozene-sedacie-supravy","9":"pa_typ-produktu-3r11","10":"pa_typ-produktu-3sed","11":"pa_typ-produktu-kreslo","13":"first","14":"onbackorder","15":"sale","16":"shipping-taxable","17":"purchasable","18":"product-type-variable"},"_links":{"self":[{"href":"https:\/\/nabytoklaguna.sk\/sk\/wp-json\/wp\/v2\/product\/105140","targetHints":{"allow":["GET"]}}],"collection":[{"href":"https:\/\/nabytoklaguna.sk\/sk\/wp-json\/wp\/v2\/product"}],"about":[{"href":"https:\/\/nabytoklaguna.sk\/sk\/wp-json\/wp\/v2\/types\/product"}],"replies":[{"embeddable":true,"href":"https:\/\/nabytoklaguna.sk\/sk\/wp-json\/wp\/v2\/comments?post=105140"}],"wp:featuredmedia":[{"embeddable":true,"href":"https:\/\/nabytoklaguna.sk\/sk\/wp-json\/wp\/v2\/media\/105143"}],"wp:attachment":[{"href":"https:\/\/nabytoklaguna.sk\/sk\/wp-json\/wp\/v2\/media?parent=105140"}],"wp:term":[{"taxonomy":"product_brand","embeddable":true,"href":"https:\/\/nabytoklaguna.sk\/sk\/wp-json\/wp\/v2\/product_brand?post=105140"},{"taxonomy":"product_cat","embeddable":true,"href":"https:\/\/nabytoklaguna.sk\/sk\/wp-json\/wp\/v2\/product_cat?post=105140"},{"taxonomy":"product_tag","embeddable":true,"href":"https:\/\/nabytoklaguna.sk\/sk\/wp-json\/wp\/v2\/product_tag?post=105140"}],"curies":[{"name":"wp","href":"https:\/\/api.w.org\/{rel}","templated":true}]}}