{"id":105330,"date":"2022-01-14T10:32:26","date_gmt":"2022-01-14T09:32:26","guid":{"rendered":"https:\/\/nabytoklaguna.sk\/sk\/?post_type=product&#038;p=105330"},"modified":"2025-06-05T12:16:26","modified_gmt":"2025-06-05T10:16:26","slug":"pyka-bella","status":"publish","type":"product","link":"https:\/\/nabytoklaguna.sk\/sk\/produkt\/pyka-bella\/","title":{"rendered":"BELLA ko\u017een\u00e1 sedacia s\u00faprava"},"content":{"rendered":"<p><strong>Modern\u00e1<\/strong> sedacia s\u00faprava <strong>BELLA<\/strong> vynikne v ka\u017edej modernej dom\u00e1cnosti. T\u00fato kr\u00e1snu zostavu je mo\u017en\u00e9 objedna\u0165 <strong>v kvalitnej talianskej ko\u017ei<\/strong> v ktorej vyzer\u00e1 e\u0161te<strong> luxusnej\u0161ie<\/strong>. V\u00fdnimo\u010dn\u00e1 je najm\u00e4 svojimi obl\u00fdmi tvarmi, ktor\u00e9 dod\u00e1vaj\u00fa \u010dloveku pocit pokoja. Pohovka a kresla stoja na <strong>vy\u0161\u0161\u00edch no\u017ei\u010dk\u00e1ch<\/strong>, ktor\u00e9 s\u00fa vyroben\u00e9 z <strong>vysokokvalitn\u00e9ho pr\u00edrodn\u00e9ho dubu.<\/strong> Vn\u00fatro sedacej \u010dasti tvor\u00ed <strong>HR pena a pru\u017eina Faliste<\/strong>. Sedenie je ve\u013emi pohodln\u00e9. 3-sed je bez rozkladu<\/p>\n<p><strong>Rozmer trojsed:\u00a0<\/strong><\/p>\n<p>\u0160\u00edrka:192cm<br \/>\nH\u013abka: 85cm<br \/>\nV\u00fd\u0161ka: 87 cm<\/p>\n<p><strong>Rozmer kresla:<\/strong><\/p>\n<p>\u0160\u00edrka:100cm<br \/>\nH\u013abka: 85cm<br \/>\nV\u00fd\u0161ka: 87 cm<\/p>\n<ul>\n<li>Farebn\u00e9 prevedenie dreva a ko\u017ee sa na z\u00e1klade nastavenia jasu na Va\u0161ej obrazovke m\u00f4\u017ee l\u00ed\u0161i\u0165<\/li>\n<\/ul>\n<p>&nbsp;<\/p>\n","protected":false},"excerpt":{"rendered":"<p>Modern\u00e1 sedacia s\u00faprava BELLA vynikne v ka\u017edej modernej dom\u00e1cnosti. T\u00fato kr\u00e1snu zostavu je mo\u017en\u00e9 objedna\u0165 v kvalitnej talianskej ko\u017ei v ktorej vyzer\u00e1 e\u0161te luxusnej\u0161ie. V\u00fdnimo\u010dn\u00e1 je najm\u00e4 svojimi obl\u00fdmi tvarmi, ktor\u00e9 dod\u00e1vaj\u00fa \u010dloveku pocit pokoja. Pohovka a kresla stoja na vy\u0161\u0161\u00edch no\u017ei\u010dk\u00e1ch, ktor\u00e9 s\u00fa vyroben\u00e9 z vysokokvalitn\u00e9ho pr\u00edrodn\u00e9ho dubu. Vn\u00fatro sedacej \u010dasti tvor\u00ed HR pena&#8230;<\/p>\n","protected":false},"featured_media":105332,"comment_status":"closed","ping_status":"closed","template":"","meta":{"_seopress_robots_primary_cat":"none","_seopress_titles_title":"","_seopress_titles_desc":"","_seopress_robots_index":""},"product_brand":[],"product_cat":[140,214],"product_tag":[],"class_list":{"0":"post-105330","1":"product","2":"type-product","3":"status-publish","4":"has-post-thumbnail","6":"product_cat-sedacie-supravy","7":"product_cat-kozene-sedacie-supravy","8":"pa_typ-produktu-3-sed-bez-rozkladu","9":"pa_typ-produktu-3n11","10":"pa_typ-produktu-kreslo","12":"first","13":"onbackorder","14":"shipping-taxable","15":"purchasable","16":"product-type-variable"},"_links":{"self":[{"href":"https:\/\/nabytoklaguna.sk\/sk\/wp-json\/wp\/v2\/product\/105330","targetHints":{"allow":["GET"]}}],"collection":[{"href":"https:\/\/nabytoklaguna.sk\/sk\/wp-json\/wp\/v2\/product"}],"about":[{"href":"https:\/\/nabytoklaguna.sk\/sk\/wp-json\/wp\/v2\/types\/product"}],"replies":[{"embeddable":true,"href":"https:\/\/nabytoklaguna.sk\/sk\/wp-json\/wp\/v2\/comments?post=105330"}],"wp:featuredmedia":[{"embeddable":true,"href":"https:\/\/nabytoklaguna.sk\/sk\/wp-json\/wp\/v2\/media\/105332"}],"wp:attachment":[{"href":"https:\/\/nabytoklaguna.sk\/sk\/wp-json\/wp\/v2\/media?parent=105330"}],"wp:term":[{"taxonomy":"product_brand","embeddable":true,"href":"https:\/\/nabytoklaguna.sk\/sk\/wp-json\/wp\/v2\/product_brand?post=105330"},{"taxonomy":"product_cat","embeddable":true,"href":"https:\/\/nabytoklaguna.sk\/sk\/wp-json\/wp\/v2\/product_cat?post=105330"},{"taxonomy":"product_tag","embeddable":true,"href":"https:\/\/nabytoklaguna.sk\/sk\/wp-json\/wp\/v2\/product_tag?post=105330"}],"curies":[{"name":"wp","href":"https:\/\/api.w.org\/{rel}","templated":true}]}}