{"id":105340,"date":"2022-01-14T11:20:14","date_gmt":"2022-01-14T10:20:14","guid":{"rendered":"https:\/\/nabytoklaguna.sk\/sk\/?post_type=product&#038;p=105340"},"modified":"2026-02-04T14:08:49","modified_gmt":"2026-02-04T13:08:49","slug":"pyka-chesterfield","status":"publish","type":"product","link":"https:\/\/nabytoklaguna.sk\/sk\/produkt\/pyka-chesterfield\/","title":{"rendered":"CHESTERFIELD ko\u017een\u00e1 sedacia s\u00faprava"},"content":{"rendered":"<p><strong>Luxusn\u00e1 ko\u017een\u00e1<\/strong> sedacia s\u00faprava<strong> CHESTERFIELD<\/strong> vyroben\u00e1 v anglickom \u0161t\u00fdle ulahod\u00ed nie jedn\u00e9mu oku. Ide\u00e1lna je do interi\u00e9ru v retro \u0161t\u00fdle. Zostava je \u010dal\u00fanen\u00e1 <strong>kvalitnou hov\u00e4dzou talianskou ko\u017eou<\/strong> a doplnen\u00e1 no\u017ei\u010dkami z vysokokvalitn\u00e9ho dubu. Jadro sedacej \u010dasti tvor\u00ed HR pena a pru\u017eina Faliste, v\u010faka \u010domu je\u00a0<strong> sedenie ve\u013emi komfortn\u00e9<\/strong>. Pohovka je bez rozkladu. Tvarovan\u00e9 opierky r\u00fak a pre\u0161\u00edvanie jej dod\u00e1vaj\u00fa <strong>honosn\u00fd vzh\u013ead<\/strong>. Milovn\u00edci <strong>anglick\u00e9ho \u0161t\u00fdlu<\/strong> si ur\u010dite pr\u00eddu na svoje s t\u00fdmto <strong>kr\u00e1snym a noblesn\u00fdm doplnkom.<\/strong> N\u00e1dherne vynikne nielen v dom\u00e1cnosti, ale aj v kancel\u00e1rii, hale \u010di in\u00fdch <strong>reprezentat\u00edvnych priestoroch<\/strong>. Rozklad 3-sedu mo\u017en\u00e9 dok\u00fapi\u0165 za pr\u00edplatok.<\/p>\n<p><strong>Rozmer trojsed:<\/strong><\/p>\n<p><strong>\u0160\u00edrka:\u00a0<\/strong>200 cm<\/p>\n<p><strong>V\u00fd\u0161ka:\u00a0<\/strong>72 cm<\/p>\n<p><strong>H\u013abka:\u00a0<\/strong>90 cm<\/p>\n<p>&nbsp;<\/p>\n<p><strong>Rozmer dvojsed:<\/strong><\/p>\n<p><strong>\u0160\u00edrka:\u00a0<\/strong>175 cm<\/p>\n<p><strong>V\u00fd\u0161ka:\u00a0<\/strong>72 cm<\/p>\n<p><strong>H\u013abka:\u00a0<\/strong>90 cm<\/p>\n<p>&nbsp;<\/p>\n<p><strong>Rozmer kreslo:<\/strong><\/p>\n<p><strong>\u0160\u00edrka:\u00a0<\/strong>110 cm<\/p>\n<p><strong>V\u00fd\u0161ka:\u00a0<\/strong>72 cm<\/p>\n<p><strong>H\u013abka:\u00a0<\/strong>90 cm<\/p>\n<p>&nbsp;<\/p>\n<ul>\n<li>Farebn\u00e9 prevedenie dreva a ko\u017ee sa na z\u00e1klade nastavenia jasu na Va\u0161ej obrazovke m\u00f4\u017ee l\u00ed\u0161i\u0165<\/li>\n<\/ul>\n","protected":false},"excerpt":{"rendered":"<p>Luxusn\u00e1 ko\u017een\u00e1 sedacia s\u00faprava CHESTERFIELD vyroben\u00e1 v anglickom \u0161t\u00fdle ulahod\u00ed nie jedn\u00e9mu oku. Ide\u00e1lna je do interi\u00e9ru v retro \u0161t\u00fdle. Zostava je \u010dal\u00fanen\u00e1 kvalitnou hov\u00e4dzou talianskou ko\u017eou a doplnen\u00e1 no\u017ei\u010dkami z vysokokvalitn\u00e9ho dubu. Jadro sedacej \u010dasti tvor\u00ed HR pena a pru\u017eina Faliste, v\u010faka \u010domu je\u00a0 sedenie ve\u013emi komfortn\u00e9. Pohovka je bez rozkladu. Tvarovan\u00e9 opierky r\u00fak&#8230;<\/p>\n","protected":false},"featured_media":105359,"comment_status":"closed","ping_status":"closed","template":"","meta":{"_seopress_robots_primary_cat":"none","_seopress_titles_title":"","_seopress_titles_desc":"","_seopress_robots_index":""},"product_brand":[],"product_cat":[256,140,214],"product_tag":[],"class_list":{"0":"post-105340","1":"product","2":"type-product","3":"status-publish","4":"has-post-thumbnail","6":"product_cat-supravy-311","7":"product_cat-sedacie-supravy","8":"product_cat-kozene-sedacie-supravy","9":"pa_typ-produktu-2-sed","10":"pa_typ-produktu-3-sed-bez-rozkladu","11":"pa_typ-produktu-3r21","12":"pa_typ-produktu-kreslo","14":"first","15":"onbackorder","16":"shipping-taxable","17":"purchasable","18":"product-type-variable"},"_links":{"self":[{"href":"https:\/\/nabytoklaguna.sk\/sk\/wp-json\/wp\/v2\/product\/105340","targetHints":{"allow":["GET"]}}],"collection":[{"href":"https:\/\/nabytoklaguna.sk\/sk\/wp-json\/wp\/v2\/product"}],"about":[{"href":"https:\/\/nabytoklaguna.sk\/sk\/wp-json\/wp\/v2\/types\/product"}],"replies":[{"embeddable":true,"href":"https:\/\/nabytoklaguna.sk\/sk\/wp-json\/wp\/v2\/comments?post=105340"}],"wp:featuredmedia":[{"embeddable":true,"href":"https:\/\/nabytoklaguna.sk\/sk\/wp-json\/wp\/v2\/media\/105359"}],"wp:attachment":[{"href":"https:\/\/nabytoklaguna.sk\/sk\/wp-json\/wp\/v2\/media?parent=105340"}],"wp:term":[{"taxonomy":"product_brand","embeddable":true,"href":"https:\/\/nabytoklaguna.sk\/sk\/wp-json\/wp\/v2\/product_brand?post=105340"},{"taxonomy":"product_cat","embeddable":true,"href":"https:\/\/nabytoklaguna.sk\/sk\/wp-json\/wp\/v2\/product_cat?post=105340"},{"taxonomy":"product_tag","embeddable":true,"href":"https:\/\/nabytoklaguna.sk\/sk\/wp-json\/wp\/v2\/product_tag?post=105340"}],"curies":[{"name":"wp","href":"https:\/\/api.w.org\/{rel}","templated":true}]}}