{"id":105383,"date":"2022-01-14T12:04:48","date_gmt":"2022-01-14T11:04:48","guid":{"rendered":"https:\/\/nabytoklaguna.sk\/sk\/?post_type=product&#038;p=105383"},"modified":"2024-04-22T12:49:58","modified_gmt":"2024-04-22T10:49:58","slug":"balance-180-skrina-adrk","status":"publish","type":"product","link":"https:\/\/nabytoklaguna.sk\/sk\/produkt\/balance-180-skrina-adrk\/","title":{"rendered":"BALANCE 180 skri\u0148a"},"content":{"rendered":"<p>\u0160atn\u00edkov\u00e1 skri\u0148a s posuvn\u00fdmi dverami a zrkadlom. \u0160atn\u00edkov\u00e1 skri\u0148a BALANCE je vyroben\u00e1 z kvalitn\u00fdch materi\u00e1lov (16mm laminovan\u00e1 doska), ktor\u00e9 s\u00fa odoln\u00e9 vo\u010di mechanick\u00e9mu po\u0161kodeniu. Je vybaven\u00e1 posuvn\u00fdm syst\u00e9mom s hlin\u00edkov\u00fdmi ko\u013eajni\u010dkami. T\u00e1to skri\u0148a V\u00e1m poskytuje dostatok priestoru na ulo\u017eenie Va\u0161ich vec\u00ed. Vn\u00fatorn\u00e9 priestory s\u00fa rozdelen\u00e9 do dvoch \u010dast\u00ed \u2013 \u0161atn\u00edkov\u00e1 \u010das\u0165 a policov\u00e1 \u010das\u0165.<\/p>\n<p><strong>Mo\u017enos\u0165 dok\u00fapi\u0165 LED RGB osvetlenie za 45,- \u20ac\u00a0<\/strong>(pri objedn\u00e1vke potrebn\u00e9 uvies\u0165 v pozn\u00e1mke).<\/p>\n<p><strong>Parametre v\u00fdrobku<\/strong><\/p>\n<table border=\"0\" cellspacing=\"5\" cellpadding=\"1\">\n<tbody>\n<tr>\n<td><strong>Typ v\u00fdrobku<\/strong><\/td>\n<td>Skri\u0148a<\/td>\n<\/tr>\n<tr>\n<td><strong>Materi\u00e1l<\/strong><\/td>\n<td>DTD laminovan\u00e1\/sklo<\/td>\n<\/tr>\n<tr>\n<td><strong>Rozmery \u0161\/h\/v<br \/>\n<\/strong><\/td>\n<td>180x58x215cm<\/td>\n<\/tr>\n<tr>\n<td><strong>Balenie<\/strong><\/td>\n<td>demont<\/td>\n<\/tr>\n<tr>\n<td><strong>Z\u00e1ruka<\/strong><\/td>\n<td>2 roky<\/td>\n<\/tr>\n<\/tbody>\n<\/table>\n","protected":false},"excerpt":{"rendered":"<p>\u0160atn\u00edkov\u00e1 skri\u0148a s posuvn\u00fdmi dverami a zrkadlom. \u0160atn\u00edkov\u00e1 skri\u0148a BALANCE je vyroben\u00e1 z kvalitn\u00fdch materi\u00e1lov (16mm laminovan\u00e1 doska), ktor\u00e9 s\u00fa odoln\u00e9 vo\u010di mechanick\u00e9mu po\u0161kodeniu. Je vybaven\u00e1 posuvn\u00fdm syst\u00e9mom s hlin\u00edkov\u00fdmi ko\u013eajni\u010dkami. T\u00e1to skri\u0148a V\u00e1m poskytuje dostatok priestoru na ulo\u017eenie Va\u0161ich vec\u00ed. Vn\u00fatorn\u00e9 priestory s\u00fa rozdelen\u00e9 do dvoch \u010dast\u00ed \u2013 \u0161atn\u00edkov\u00e1 \u010das\u0165 a policov\u00e1 \u010das\u0165. Mo\u017enos\u0165&#8230;<\/p>\n","protected":false},"featured_media":105356,"comment_status":"closed","ping_status":"closed","template":"","meta":{"_seopress_robots_primary_cat":"none","_seopress_titles_title":"","_seopress_titles_desc":"","_seopress_robots_index":""},"product_brand":[],"product_cat":[1585,225],"product_tag":[],"class_list":{"0":"post-105383","1":"product","2":"type-product","3":"status-publish","4":"has-post-thumbnail","6":"product_cat-s-posuvnymi-dverami","7":"product_cat-skrine","9":"first","10":"onbackorder","11":"shipping-taxable","12":"purchasable","13":"product-type-variable"},"_links":{"self":[{"href":"https:\/\/nabytoklaguna.sk\/sk\/wp-json\/wp\/v2\/product\/105383","targetHints":{"allow":["GET"]}}],"collection":[{"href":"https:\/\/nabytoklaguna.sk\/sk\/wp-json\/wp\/v2\/product"}],"about":[{"href":"https:\/\/nabytoklaguna.sk\/sk\/wp-json\/wp\/v2\/types\/product"}],"replies":[{"embeddable":true,"href":"https:\/\/nabytoklaguna.sk\/sk\/wp-json\/wp\/v2\/comments?post=105383"}],"wp:featuredmedia":[{"embeddable":true,"href":"https:\/\/nabytoklaguna.sk\/sk\/wp-json\/wp\/v2\/media\/105356"}],"wp:attachment":[{"href":"https:\/\/nabytoklaguna.sk\/sk\/wp-json\/wp\/v2\/media?parent=105383"}],"wp:term":[{"taxonomy":"product_brand","embeddable":true,"href":"https:\/\/nabytoklaguna.sk\/sk\/wp-json\/wp\/v2\/product_brand?post=105383"},{"taxonomy":"product_cat","embeddable":true,"href":"https:\/\/nabytoklaguna.sk\/sk\/wp-json\/wp\/v2\/product_cat?post=105383"},{"taxonomy":"product_tag","embeddable":true,"href":"https:\/\/nabytoklaguna.sk\/sk\/wp-json\/wp\/v2\/product_tag?post=105383"}],"curies":[{"name":"wp","href":"https:\/\/api.w.org\/{rel}","templated":true}]}}