{"id":105441,"date":"2022-01-14T13:44:42","date_gmt":"2022-01-14T12:44:42","guid":{"rendered":"https:\/\/nabytoklaguna.sk\/sk\/?post_type=product&#038;p=105441"},"modified":"2025-06-05T12:13:54","modified_gmt":"2025-06-05T10:13:54","slug":"pyka-boston","status":"publish","type":"product","link":"https:\/\/nabytoklaguna.sk\/sk\/produkt\/pyka-boston\/","title":{"rendered":"BOSTON ko\u017een\u00e1 sedacia s\u00faprava"},"content":{"rendered":"<p><strong>Atrakt\u00edvna ko\u017een\u00e1<\/strong> sedacia s\u00faprava <strong>BOSTON<\/strong> sa stane ve\u013emi ob\u013e\u00fabenou najm\u00e4 medzi milovn\u00edkmi klasiky. U\u017e na prv\u00fd poh\u013ead je jasne \u017ee t\u00e1to neodolate\u013en\u00e1 zostava sa stane <strong>dominantn\u00fdm k\u00faskom n\u00e1bytku<\/strong> vo Va\u0161ej dom\u00e1cnosti. Zostava je \u010dal\u00fanen\u00e1 <strong>kvalitnou talianskou ko\u017eou.<\/strong> <strong>Pohodln\u00e9 a dlhodobo kvalitn\u00e9<\/strong> sedenie sedacej s\u00fapravy tvoria bonelov\u00e9 pru\u017einy v kombin\u00e1ci\u00ed s pru\u017einami<strong> faliste<\/strong>, ktor\u00e9 s\u00fa pou\u017eit\u00e9 v kon\u0161trukcii sed\u00e1ku. Zobrazen\u00e1 zostava pozost\u00e1va z 3-sedu bez rozkladu, 2-sed, kreslo. Mo\u017enos\u0165 objedania 3-sedu <strong>s rozkladom<\/strong> za pr\u00edplatok. N\u00e1dherne vynikne nielen <strong>v dom\u00e1cnosti,<\/strong> ale aj v kancel\u00e1rii, hale \u010di in\u00fdch <strong>reprezentat\u00edvnych priestoroch<\/strong>. Tieto zostavy maj\u00fa navy\u0161e nesporn\u00fa v\u00fdhodu v tom, \u017ee umiestnenie jednotliv\u00fdch kusov v ob\u00fdva\u010dke mo\u017eno <strong>\u013eubovo\u013ene meni\u0165,<\/strong> a tak razom zmen\u00edte aj charakter miestnosti.<\/p>\n<p>Rozmer<\/p>\n<p>3-sed &#8211; 210 x 104 x 100 cm<\/p>\n<p>2-sed &#8211; 160 x 104 x 100 cm<\/p>\n<p>kreslo &#8211; 110 x 104 x 100 cm<\/p>\n<ul>\n<li>Farebn\u00e9 prevedenie dreva a ko\u017ee sa na z\u00e1klade nastavenia jasu na Va\u0161ej obrazovke m\u00f4\u017ee l\u00ed\u0161i\u0165<\/li>\n<\/ul>\n","protected":false},"excerpt":{"rendered":"<p>Atrakt\u00edvna ko\u017een\u00e1 sedacia s\u00faprava BOSTON sa stane ve\u013emi ob\u013e\u00fabenou najm\u00e4 medzi milovn\u00edkmi klasiky. U\u017e na prv\u00fd poh\u013ead je jasne \u017ee t\u00e1to neodolate\u013en\u00e1 zostava sa stane dominantn\u00fdm k\u00faskom n\u00e1bytku vo Va\u0161ej dom\u00e1cnosti. Zostava je \u010dal\u00fanen\u00e1 kvalitnou talianskou ko\u017eou. Pohodln\u00e9 a dlhodobo kvalitn\u00e9 sedenie sedacej s\u00fapravy tvoria bonelov\u00e9 pru\u017einy v kombin\u00e1ci\u00ed s pru\u017einami faliste, ktor\u00e9 s\u00fa pou\u017eit\u00e9&#8230;<\/p>\n","protected":false},"featured_media":105463,"comment_status":"closed","ping_status":"closed","template":"","meta":{"_seopress_robots_primary_cat":"none","_seopress_titles_title":"","_seopress_titles_desc":"","_seopress_robots_index":""},"product_brand":[],"product_cat":[256,140,214],"product_tag":[],"class_list":{"0":"post-105441","1":"product","2":"type-product","3":"status-publish","4":"has-post-thumbnail","6":"product_cat-supravy-311","7":"product_cat-sedacie-supravy","8":"product_cat-kozene-sedacie-supravy","9":"pa_typ-produktu-7371","10":"pa_typ-produktu-2-sed","11":"pa_typ-produktu-3sed","12":"pa_typ-produktu-kreslo","14":"first","15":"onbackorder","16":"shipping-taxable","17":"purchasable","18":"product-type-variable"},"_links":{"self":[{"href":"https:\/\/nabytoklaguna.sk\/sk\/wp-json\/wp\/v2\/product\/105441","targetHints":{"allow":["GET"]}}],"collection":[{"href":"https:\/\/nabytoklaguna.sk\/sk\/wp-json\/wp\/v2\/product"}],"about":[{"href":"https:\/\/nabytoklaguna.sk\/sk\/wp-json\/wp\/v2\/types\/product"}],"replies":[{"embeddable":true,"href":"https:\/\/nabytoklaguna.sk\/sk\/wp-json\/wp\/v2\/comments?post=105441"}],"wp:featuredmedia":[{"embeddable":true,"href":"https:\/\/nabytoklaguna.sk\/sk\/wp-json\/wp\/v2\/media\/105463"}],"wp:attachment":[{"href":"https:\/\/nabytoklaguna.sk\/sk\/wp-json\/wp\/v2\/media?parent=105441"}],"wp:term":[{"taxonomy":"product_brand","embeddable":true,"href":"https:\/\/nabytoklaguna.sk\/sk\/wp-json\/wp\/v2\/product_brand?post=105441"},{"taxonomy":"product_cat","embeddable":true,"href":"https:\/\/nabytoklaguna.sk\/sk\/wp-json\/wp\/v2\/product_cat?post=105441"},{"taxonomy":"product_tag","embeddable":true,"href":"https:\/\/nabytoklaguna.sk\/sk\/wp-json\/wp\/v2\/product_tag?post=105441"}],"curies":[{"name":"wp","href":"https:\/\/api.w.org\/{rel}","templated":true}]}}