{"id":105461,"date":"2022-01-14T13:50:17","date_gmt":"2022-01-14T12:50:17","guid":{"rendered":"https:\/\/nabytoklaguna.sk\/sk\/?post_type=product&#038;p=105461"},"modified":"2024-04-23T13:00:54","modified_gmt":"2024-04-23T11:00:54","slug":"clever-150-skrina-adrk","status":"publish","type":"product","link":"https:\/\/nabytoklaguna.sk\/sk\/produkt\/clever-150-skrina-adrk\/","title":{"rendered":"CLEVER 150 skri\u0148a"},"content":{"rendered":"<p>Modern\u00e1 \u0161atn\u00edkov\u00e1 skri\u0148a, ktor\u00e1 je vyroben\u00e1 z kvalitn\u00fdch materi\u00e1lov(16mm laminovan\u00e1 doska),ktor\u00e9 s\u00fa odoln\u00e9 vo\u010di mechanick\u00e9mu po\u0161kodeniu. T\u00e1to skri\u0148a V\u00e1m poskytuje dostatok priestoru na ulo\u017eenie Va\u0161ich vec\u00ed. Skri\u0148a je dvojdverov\u00e1-zas\u00favacia, \u010d\u00edm V\u00e1m u\u013eah\u010duje ka\u017edodenn\u00e9 pou\u017e\u00edvanie. Vo vn\u00fatri sa o poriadok vo Va\u0161ich veciach postaraj\u00fa priestory\u00a0 rozdelen\u00e9 do dvoch \u010dast\u00ed \u2013 \u0161atn\u00edkov\u00e1 \u010das\u0165 a policov\u00e1 \u010das\u0165. Zrkadlo na dver\u00e1ch dod\u00e1va skrini CLEVER punc elegancie.<\/p>\n<p><strong>Mo\u017enos\u0165 dok\u00fapi\u0165 LED RGB osvetlenie za 43,- \u20ac <\/strong>(pri objedn\u00e1vke potrebn\u00e9 uvies\u0165 v pozn\u00e1mke).<\/p>\n<p><strong>Parametre v\u00fdrobku<\/strong><\/p>\n<table border=\"0\" cellspacing=\"5\" cellpadding=\"1\">\n<tbody>\n<tr>\n<td><strong>Typ v\u00fdrobku<\/strong><\/td>\n<td>Skri\u0148a<\/td>\n<\/tr>\n<tr>\n<td><strong>Materi\u00e1l<\/strong><\/td>\n<td>DTD laminovan\u00e1\/sklo<\/td>\n<\/tr>\n<tr>\n<td><strong>Rozmery \u0161\/h\/v<br \/>\n<\/strong><\/td>\n<td>150x58x200<\/td>\n<\/tr>\n<tr>\n<td><strong>Balenie<\/strong><\/td>\n<td>demont<\/td>\n<\/tr>\n<tr>\n<td><strong>Z\u00e1ruka<\/strong><\/td>\n<td>2 roky<\/td>\n<\/tr>\n<\/tbody>\n<\/table>\n","protected":false},"excerpt":{"rendered":"<p>Modern\u00e1 \u0161atn\u00edkov\u00e1 skri\u0148a, ktor\u00e1 je vyroben\u00e1 z kvalitn\u00fdch materi\u00e1lov(16mm laminovan\u00e1 doska),ktor\u00e9 s\u00fa odoln\u00e9 vo\u010di mechanick\u00e9mu po\u0161kodeniu. T\u00e1to skri\u0148a V\u00e1m poskytuje dostatok priestoru na ulo\u017eenie Va\u0161ich vec\u00ed. Skri\u0148a je dvojdverov\u00e1-zas\u00favacia, \u010d\u00edm V\u00e1m u\u013eah\u010duje ka\u017edodenn\u00e9 pou\u017e\u00edvanie. Vo vn\u00fatri sa o poriadok vo Va\u0161ich veciach postaraj\u00fa priestory\u00a0 rozdelen\u00e9 do dvoch \u010dast\u00ed \u2013 \u0161atn\u00edkov\u00e1 \u010das\u0165 a policov\u00e1 \u010das\u0165. Zrkadlo&#8230;<\/p>\n","protected":false},"featured_media":105477,"comment_status":"closed","ping_status":"closed","template":"","meta":{"_seopress_robots_primary_cat":"none","_seopress_titles_title":"","_seopress_titles_desc":"","_seopress_robots_index":""},"product_brand":[],"product_cat":[1585,225],"product_tag":[],"class_list":{"0":"post-105461","1":"product","2":"type-product","3":"status-publish","4":"has-post-thumbnail","6":"product_cat-s-posuvnymi-dverami","7":"product_cat-skrine","9":"first","10":"onbackorder","11":"shipping-taxable","12":"purchasable","13":"product-type-variable"},"_links":{"self":[{"href":"https:\/\/nabytoklaguna.sk\/sk\/wp-json\/wp\/v2\/product\/105461","targetHints":{"allow":["GET"]}}],"collection":[{"href":"https:\/\/nabytoklaguna.sk\/sk\/wp-json\/wp\/v2\/product"}],"about":[{"href":"https:\/\/nabytoklaguna.sk\/sk\/wp-json\/wp\/v2\/types\/product"}],"replies":[{"embeddable":true,"href":"https:\/\/nabytoklaguna.sk\/sk\/wp-json\/wp\/v2\/comments?post=105461"}],"wp:featuredmedia":[{"embeddable":true,"href":"https:\/\/nabytoklaguna.sk\/sk\/wp-json\/wp\/v2\/media\/105477"}],"wp:attachment":[{"href":"https:\/\/nabytoklaguna.sk\/sk\/wp-json\/wp\/v2\/media?parent=105461"}],"wp:term":[{"taxonomy":"product_brand","embeddable":true,"href":"https:\/\/nabytoklaguna.sk\/sk\/wp-json\/wp\/v2\/product_brand?post=105461"},{"taxonomy":"product_cat","embeddable":true,"href":"https:\/\/nabytoklaguna.sk\/sk\/wp-json\/wp\/v2\/product_cat?post=105461"},{"taxonomy":"product_tag","embeddable":true,"href":"https:\/\/nabytoklaguna.sk\/sk\/wp-json\/wp\/v2\/product_tag?post=105461"}],"curies":[{"name":"wp","href":"https:\/\/api.w.org\/{rel}","templated":true}]}}