{"id":105488,"date":"2022-01-15T09:26:21","date_gmt":"2022-01-15T08:26:21","guid":{"rendered":"https:\/\/nabytoklaguna.sk\/sk\/?post_type=product&#038;p=105488"},"modified":"2026-02-09T16:05:38","modified_gmt":"2026-02-09T15:05:38","slug":"pyka-vegas","status":"publish","type":"product","link":"https:\/\/nabytoklaguna.sk\/sk\/produkt\/pyka-vegas\/","title":{"rendered":"VEGAS ko\u017een\u00e1 sedacia s\u00faprava"},"content":{"rendered":"<p><strong>Modern\u00e1 ko\u017een\u00e1<\/strong> sedacia s\u00faprava <strong>VEGAS<\/strong> je vhodn\u00e1 do modernej i klasickej dom\u00e1cnosti. \u010cal\u00fanen\u00e1 je<strong> kvalitnou talianskou hov\u00e4dzou ko\u017eou.<\/strong> O dlhodobo pru\u017en\u00e9 sedenie sa postaraj\u00fa <strong>pru\u017einy Faliste<\/strong>, ktor\u00e9 sa nach\u00e1dzaj\u00fa v sedacej \u010dasti. Zobrazen\u00e1 zostava pozost\u00e1va z 3- sedu s rozkladom a kresla. <strong>Plocha na spanie<\/strong> 120x190cm.Zadn\u00e1 \u010das\u0165 pohovky a kresla nie je \u010dal\u00fanen\u00e1 ko\u017eou ale univerz\u00e1lnou l\u00e1tkou. N\u00e1dherne vynikne nielen v dom\u00e1cnosti, ale aj v kancel\u00e1rii, hale \u010di in\u00fdch <strong>reprezentat\u00edvnych priestoroch<\/strong>. Tieto zostavy maj\u00fa navy\u0161e nesporn\u00fa v\u00fdhodu v tom, \u017ee umiestnenie jednotliv\u00fdch kusov v ob\u00fdva\u010dke mo\u017eno <strong>\u013eubovo\u013ene meni\u0165<\/strong>, a tak razom zmen\u00edte aj charakter miestnosti.<\/p>\n<p><strong>Trojsed rozkladac\u00ed<\/strong><\/p>\n<p><strong>\u0160\u00edrka:\u00a0<\/strong>220 cm<\/p>\n<p><strong>V\u00fd\u0161ka:<\/strong>\u00a084 cm<\/p>\n<p><strong>H\u013abka:<\/strong> 95 cm<\/p>\n<p><strong>Dvojsed\u00a0<\/strong><\/p>\n<p><strong>\u0160\u00edrka:\u00a0<\/strong>145 cm<\/p>\n<p><strong>V\u00fd\u0161ka:<\/strong>\u00a084 cm<\/p>\n<p><strong>H\u013abka:<\/strong>\u00a084 cm<\/p>\n<p><strong>Kreslo\u00a0<\/strong><\/p>\n<p><strong>\u0160\u00edrka:\u00a0<\/strong>84 cm<\/p>\n<p><strong>V\u00fd\u0161ka:<\/strong>\u00a084 cm<\/p>\n<p><strong>H\u013abka:<\/strong>\u00a084 cm<\/p>\n<ul>\n<li>Farebn\u00e9 prevedenie dreva a ko\u017ee sa na z\u00e1klade nastavenia jasu na Va\u0161ej obrazovke m\u00f4\u017ee l\u00ed\u0161i\u0165<\/li>\n<\/ul>\n","protected":false},"excerpt":{"rendered":"<p>Modern\u00e1 ko\u017een\u00e1 sedacia s\u00faprava VEGAS je vhodn\u00e1 do modernej i klasickej dom\u00e1cnosti. \u010cal\u00fanen\u00e1 je kvalitnou talianskou hov\u00e4dzou ko\u017eou. O dlhodobo pru\u017en\u00e9 sedenie sa postaraj\u00fa pru\u017einy Faliste, ktor\u00e9 sa nach\u00e1dzaj\u00fa v sedacej \u010dasti. Zobrazen\u00e1 zostava pozost\u00e1va z 3- sedu s rozkladom a kresla. Plocha na spanie 120x190cm.Zadn\u00e1 \u010das\u0165 pohovky a kresla nie je \u010dal\u00fanen\u00e1 ko\u017eou ale&#8230;<\/p>\n","protected":false},"featured_media":105545,"comment_status":"closed","ping_status":"closed","template":"","meta":{"_seopress_robots_primary_cat":"none","_seopress_titles_title":"","_seopress_titles_desc":"","_seopress_robots_index":""},"product_brand":[],"product_cat":[256,140,214],"product_tag":[],"class_list":{"0":"post-105488","1":"product","2":"type-product","3":"status-publish","4":"has-post-thumbnail","6":"product_cat-supravy-311","7":"product_cat-sedacie-supravy","8":"product_cat-kozene-sedacie-supravy","9":"pa_typ-produktu-7372","10":"pa_typ-produktu-1-kreslo","11":"pa_typ-produktu-2-sed","12":"pa_typ-produktu-3sed","14":"first","15":"onbackorder","16":"shipping-taxable","17":"purchasable","18":"product-type-variable"},"_links":{"self":[{"href":"https:\/\/nabytoklaguna.sk\/sk\/wp-json\/wp\/v2\/product\/105488","targetHints":{"allow":["GET"]}}],"collection":[{"href":"https:\/\/nabytoklaguna.sk\/sk\/wp-json\/wp\/v2\/product"}],"about":[{"href":"https:\/\/nabytoklaguna.sk\/sk\/wp-json\/wp\/v2\/types\/product"}],"replies":[{"embeddable":true,"href":"https:\/\/nabytoklaguna.sk\/sk\/wp-json\/wp\/v2\/comments?post=105488"}],"wp:featuredmedia":[{"embeddable":true,"href":"https:\/\/nabytoklaguna.sk\/sk\/wp-json\/wp\/v2\/media\/105545"}],"wp:attachment":[{"href":"https:\/\/nabytoklaguna.sk\/sk\/wp-json\/wp\/v2\/media?parent=105488"}],"wp:term":[{"taxonomy":"product_brand","embeddable":true,"href":"https:\/\/nabytoklaguna.sk\/sk\/wp-json\/wp\/v2\/product_brand?post=105488"},{"taxonomy":"product_cat","embeddable":true,"href":"https:\/\/nabytoklaguna.sk\/sk\/wp-json\/wp\/v2\/product_cat?post=105488"},{"taxonomy":"product_tag","embeddable":true,"href":"https:\/\/nabytoklaguna.sk\/sk\/wp-json\/wp\/v2\/product_tag?post=105488"}],"curies":[{"name":"wp","href":"https:\/\/api.w.org\/{rel}","templated":true}]}}