{"id":105557,"date":"2022-01-15T10:26:37","date_gmt":"2022-01-15T09:26:37","guid":{"rendered":"https:\/\/nabytoklaguna.sk\/sk\/?post_type=product&#038;p=105557"},"modified":"2026-02-04T16:57:53","modified_gmt":"2026-02-04T15:57:53","slug":"pyka-ludvig","status":"publish","type":"product","link":"https:\/\/nabytoklaguna.sk\/sk\/produkt\/pyka-ludvig\/","title":{"rendered":"LUDVIG ko\u017een\u00e1 sedacia s\u00faprava"},"content":{"rendered":"<p><strong>Luxusn\u00e1 ko\u017een\u00e1 <\/strong>sedacia s\u00faprava<strong> LUDVIG<\/strong> V\u00e1s zaujme najme svoj\u00edm <strong>nev\u0161edn\u00fdm dizajnom<\/strong>. O pohodln\u00e9 sedenie sa postar\u00e1 <strong>HR pena<\/strong> a elastick\u00e9 p\u00e1sy pre e\u0161te vy\u0161\u0161\u00ed komfort. Zostava zobrazen\u00e1 na hlavnom obr\u00e1zku pozost\u00e1va z trojsedu bez rozkladu a kresla. Mo\u017enos\u0165 objednania v<strong> kvalitnej talianskej hov\u00e4dzej ko\u017ei<\/strong>. No\u017ei\u010dky s\u00fa z <strong>vysokokvalitn\u00e9ho dubu<\/strong> v striebornej farbe. N\u00e1dherne vynikne nielen v dom\u00e1cnosti, ale aj v kancel\u00e1rii, hale \u010di in\u00fdch <strong>reprezentat\u00edvnych<\/strong> <strong>priestoroch.<\/strong> Tieto zostavy maj\u00fa navy\u0161e nesporn\u00fa<strong> v\u00fdhodu<\/strong> v tom, \u017ee umiestnenie jednotliv\u00fdch kusov v ob\u00fdva\u010dke mo\u017eno <strong>\u013eubovo\u013ene meni\u0165<\/strong>, a tak razom zmen\u00edte aj charakter miestnosti.<\/p>\n<p>Rozmer trojsed:<\/p>\n<p>\u0160\u00edrka:205 cm<br \/>\nH\u013abka: 78 cm<br \/>\nV\u00fd\u0161ka: 110 cm<\/p>\n<p>Rozmer dvojsed:<\/p>\n<p>\u0160\u00edrka:155 cm<br \/>\nH\u013abka: 78 cm<br \/>\nV\u00fd\u0161ka: 110 cm<\/p>\n<p>Rozmer kreslo:<\/p>\n<p>\u0160\u00edrka:76 cm<br \/>\nH\u013abka: 78 cm<br \/>\nV\u00fd\u0161ka: 110 cm<\/p>\n<ul>\n<li>Farebn\u00e9 prevedenie dreva a ko\u017ee sa na z\u00e1klade nastavenia jasu na Va\u0161ej obrazovke m\u00f4\u017ee l\u00ed\u0161i\u0165<\/li>\n<\/ul>\n<p>&nbsp;<\/p>\n","protected":false},"excerpt":{"rendered":"<p>Luxusn\u00e1 ko\u017een\u00e1 sedacia s\u00faprava LUDVIG V\u00e1s zaujme najme svoj\u00edm nev\u0161edn\u00fdm dizajnom. O pohodln\u00e9 sedenie sa postar\u00e1 HR pena a elastick\u00e9 p\u00e1sy pre e\u0161te vy\u0161\u0161\u00ed komfort. Zostava zobrazen\u00e1 na hlavnom obr\u00e1zku pozost\u00e1va z trojsedu bez rozkladu a kresla. Mo\u017enos\u0165 objednania v kvalitnej talianskej hov\u00e4dzej ko\u017ei. No\u017ei\u010dky s\u00fa z vysokokvalitn\u00e9ho dubu v striebornej farbe. N\u00e1dherne vynikne nielen&#8230;<\/p>\n","protected":false},"featured_media":105568,"comment_status":"closed","ping_status":"closed","template":"","meta":{"_seopress_robots_primary_cat":"none","_seopress_titles_title":"","_seopress_titles_desc":"","_seopress_robots_index":""},"product_brand":[],"product_cat":[140,214],"product_tag":[],"class_list":{"0":"post-105557","1":"product","2":"type-product","3":"status-publish","4":"has-post-thumbnail","6":"product_cat-sedacie-supravy","7":"product_cat-kozene-sedacie-supravy","8":"pa_typ-produktu-7372","9":"pa_typ-produktu-2-sed","10":"pa_typ-produktu-3sed","11":"pa_typ-produktu-kreslo","13":"first","14":"onbackorder","15":"shipping-taxable","16":"purchasable","17":"product-type-variable"},"_links":{"self":[{"href":"https:\/\/nabytoklaguna.sk\/sk\/wp-json\/wp\/v2\/product\/105557","targetHints":{"allow":["GET"]}}],"collection":[{"href":"https:\/\/nabytoklaguna.sk\/sk\/wp-json\/wp\/v2\/product"}],"about":[{"href":"https:\/\/nabytoklaguna.sk\/sk\/wp-json\/wp\/v2\/types\/product"}],"replies":[{"embeddable":true,"href":"https:\/\/nabytoklaguna.sk\/sk\/wp-json\/wp\/v2\/comments?post=105557"}],"wp:featuredmedia":[{"embeddable":true,"href":"https:\/\/nabytoklaguna.sk\/sk\/wp-json\/wp\/v2\/media\/105568"}],"wp:attachment":[{"href":"https:\/\/nabytoklaguna.sk\/sk\/wp-json\/wp\/v2\/media?parent=105557"}],"wp:term":[{"taxonomy":"product_brand","embeddable":true,"href":"https:\/\/nabytoklaguna.sk\/sk\/wp-json\/wp\/v2\/product_brand?post=105557"},{"taxonomy":"product_cat","embeddable":true,"href":"https:\/\/nabytoklaguna.sk\/sk\/wp-json\/wp\/v2\/product_cat?post=105557"},{"taxonomy":"product_tag","embeddable":true,"href":"https:\/\/nabytoklaguna.sk\/sk\/wp-json\/wp\/v2\/product_tag?post=105557"}],"curies":[{"name":"wp","href":"https:\/\/api.w.org\/{rel}","templated":true}]}}