{"id":105594,"date":"2022-01-17T12:15:44","date_gmt":"2022-01-17T11:15:44","guid":{"rendered":"https:\/\/nabytoklaguna.sk\/sk\/?post_type=product&#038;p=105594"},"modified":"2025-03-13T13:32:22","modified_gmt":"2025-03-13T12:32:22","slug":"wip-tina","status":"publish","type":"product","link":"https:\/\/nabytoklaguna.sk\/sk\/produkt\/wip-tina\/","title":{"rendered":"TINA MASIV"},"content":{"rendered":"<p><strong>Sektorov\u00e1<\/strong> ob\u00fdvacia stena <strong>TINA<\/strong> uspokoj\u00ed aj toho najn\u00e1ro\u010dnej\u0161ieho z\u00e1kazn\u00edka. Korpus je vyroben\u00fd z pr\u00edrodnej dyhy v drevenom rustik\u00e1lnom \u0161t\u00fdle.\u00a0 Predn\u00e9 dvierka s\u00fa z <strong>mas\u00edvneho dubov\u00e9ho dreva<\/strong>, Sektor stoj\u00ed na vy\u0161\u0161\u00edch no\u017ei\u010dk\u00e1ch, s\u00fa chr\u00f3mov\u00e9 a v striebornej farbe. Sektor je doplnen\u00fd <strong>chr\u00f3mov\u00fdmi \u00fachytkami<\/strong> taktie\u017e v striebornej farbe. Prvky z <strong>tvrden\u00e9ho skla<\/strong> a prepracovan\u00e9 \u010del\u00e1 navy\u0161e zd\u00f4raz\u0148uj\u00fa krasu a \u010daro <strong>dubov\u00e9ho dreva<\/strong>. Syst\u00e9m pozost\u00e1va z nieko\u013ek\u00fdch komponentov, v\u010faka ktor\u00fdm si origin\u00e1lne zariadite interi\u00e9r V\u00e1\u0161ho domova. Sektor <strong>TINA<\/strong> sa vyr\u00e1ba vo farebnom preveden\u00ed <strong>dub medov\u00fd<\/strong>, ktor\u00fd vnesie do V\u00e1\u0161ho interi\u00e9ru <strong>svie\u017eos\u0165 a mimoriadny jas<\/strong>. Jednoducho a r\u00fdchlo t\u00fdmto syst\u00e9mom zariadite ob\u00fdvaciu izbu \u010di jed\u00e1le\u0148<\/p>\n<p><strong>Rozmery jednotliv\u00fdch komponentov\u00a0<\/strong><\/p>\n<p>Vitr\u00edna \u013eav\u00e1\u00a0 \u00a0 TINA 10 (\u0160xHxV)&#8230;&#8230;..70x42x200cm<br \/>\nVitr\u00edna prav\u00e1\u00a0 TINA 11 (\u0160xHxV)&#8230;&#8230;..70x42x200cm<br \/>\nVitr\u00edna\u00a0 TINA 12 (\u0160xHxV)&#8230;&#8230;&#8230;&#8230;&#8230;&#8230;90x42x200cm<br \/>\nVitr\u00edna TINA 15 (\u0160xHxV)&#8230;&#8230;&#8230;&#8230;&#8230;&#8230;.96x42x134cm<br \/>\nRtv stol\u00edk TINA 25 (\u0160xHxV)&#8230;&#8230;&#8230;&#8230;..155x42x70cm<br \/>\nKomoda TINA 45 (\u0160xHxV)&#8230;&#8230;&#8230;&#8230;&#8230;180x42x91cm<br \/>\nKomoda TINA 46 (\u0160xHxV)&#8230;&#8230;&#8230;&#8230;&#8230;155x42x91cm<br \/>\nVitr\u00edna TINA 48 (\u0160xHxV)&#8230;&#8230;&#8230;&#8230;&#8230;&#8230;126x42x134cm<br \/>\nPolica TINA 35 (\u0160xHxV)&#8230;&#8230;&#8230;&#8230;&#8230;&#8230;.155x24x15cm<br \/>\nJed\u00e1lensk\u00fd st\u00f4l TINA 40 (\u0160xHxV)&#8230;.160-250x90x76cm<br \/>\nKonferen. stol\u00edk TINA 41 (\u0160xHxV)&#8230;.80x80x45cm<\/p>\n<p>&nbsp;<\/p>\n<p>Sektor je dod\u00e1van\u00fd v zmontovanom stave<\/p>\n","protected":false},"excerpt":{"rendered":"<p>Sektorov\u00e1 ob\u00fdvacia stena TINA uspokoj\u00ed aj toho najn\u00e1ro\u010dnej\u0161ieho z\u00e1kazn\u00edka. Korpus je vyroben\u00fd z pr\u00edrodnej dyhy v drevenom rustik\u00e1lnom \u0161t\u00fdle.\u00a0 Predn\u00e9 dvierka s\u00fa z mas\u00edvneho dubov\u00e9ho dreva, Sektor stoj\u00ed na vy\u0161\u0161\u00edch no\u017ei\u010dk\u00e1ch, s\u00fa chr\u00f3mov\u00e9 a v striebornej farbe. Sektor je doplnen\u00fd chr\u00f3mov\u00fdmi \u00fachytkami taktie\u017e v striebornej farbe. Prvky z tvrden\u00e9ho skla a prepracovan\u00e9 \u010del\u00e1 navy\u0161e zd\u00f4raz\u0148uj\u00fa&#8230;<\/p>\n","protected":false},"featured_media":105621,"comment_status":"closed","ping_status":"closed","template":"","meta":{"_seopress_robots_primary_cat":"none","_seopress_titles_title":"","_seopress_titles_desc":"","_seopress_robots_index":""},"product_brand":[],"product_cat":[7513,182,183],"product_tag":[],"class_list":{"0":"post-105594","1":"product","2":"type-product","3":"status-publish","4":"has-post-thumbnail","6":"product_cat-obyvacie-steny-masiv","7":"product_cat-obyvacie-steny","8":"product_cat-sektorove-obyvacie-steny","9":"pa_typ-produktu-latina-10","10":"pa_typ-produktu-latina-11","11":"pa_typ-produktu-latina-12","12":"pa_typ-produktu-latina-15","13":"pa_typ-produktu-latina-25","14":"pa_typ-produktu-latina-35","15":"pa_typ-produktu-latina-40","16":"pa_typ-produktu-latina-41","17":"pa_typ-produktu-latina-45","18":"pa_typ-produktu-latina-46","19":"pa_typ-produktu-latina-48","21":"first","22":"onbackorder","23":"shipping-taxable","24":"purchasable","25":"product-type-variable"},"_links":{"self":[{"href":"https:\/\/nabytoklaguna.sk\/sk\/wp-json\/wp\/v2\/product\/105594","targetHints":{"allow":["GET"]}}],"collection":[{"href":"https:\/\/nabytoklaguna.sk\/sk\/wp-json\/wp\/v2\/product"}],"about":[{"href":"https:\/\/nabytoklaguna.sk\/sk\/wp-json\/wp\/v2\/types\/product"}],"replies":[{"embeddable":true,"href":"https:\/\/nabytoklaguna.sk\/sk\/wp-json\/wp\/v2\/comments?post=105594"}],"wp:featuredmedia":[{"embeddable":true,"href":"https:\/\/nabytoklaguna.sk\/sk\/wp-json\/wp\/v2\/media\/105621"}],"wp:attachment":[{"href":"https:\/\/nabytoklaguna.sk\/sk\/wp-json\/wp\/v2\/media?parent=105594"}],"wp:term":[{"taxonomy":"product_brand","embeddable":true,"href":"https:\/\/nabytoklaguna.sk\/sk\/wp-json\/wp\/v2\/product_brand?post=105594"},{"taxonomy":"product_cat","embeddable":true,"href":"https:\/\/nabytoklaguna.sk\/sk\/wp-json\/wp\/v2\/product_cat?post=105594"},{"taxonomy":"product_tag","embeddable":true,"href":"https:\/\/nabytoklaguna.sk\/sk\/wp-json\/wp\/v2\/product_tag?post=105594"}],"curies":[{"name":"wp","href":"https:\/\/api.w.org\/{rel}","templated":true}]}}