{"id":10567,"date":"2021-02-22T16:54:36","date_gmt":"2021-02-22T15:54:36","guid":{"rendered":"http:\/\/nabytoklaguna.sk\/sk\/?post_type=product&#038;p=10567"},"modified":"2025-09-02T13:35:17","modified_gmt":"2025-09-02T11:35:17","slug":"k-anabela","status":"publish","type":"product","link":"https:\/\/nabytoklaguna.sk\/sk\/produkt\/k-anabela\/","title":{"rendered":"K ANABELA botn\u00edk"},"content":{"rendered":"<p>Pekn\u00fdm a praktick\u00fdm doplnkom do Va\u0161ich predsien\u00ed je botn\u00edk modern\u00e9ho dizajnu ANABELA.Materi\u00e1l: <b>DTD laminovan\u00e1<\/b>. Farebn\u00e9 prevedenie: dub sonoma. alebo biela<\/p>\n<p><b> Slovensk\u00fd v\u00fdrobok<\/b>.<\/p>\n<p><img loading=\"lazy\" decoding=\"async\" class=\"alignnone size-full wp-image-10473\" src=\"http:\/\/nabytoklaguna.sk\/sk\/wp-content\/uploads\/2017\/03\/slovensk%C3%BD-znak-4.png\" alt=\"\" width=\"126\" height=\"126\" \/><\/p>\n<p>ROZMER<\/p>\n<p>\u0160\u00edrka: 120 cm<\/p>\n<p>H\u013abka: 28 cm<\/p>\n<p>V\u00fd\u0161ka: 85 cm<\/p>\n","protected":false},"excerpt":{"rendered":"<p>Pekn\u00fdm a praktick\u00fdm doplnkom do Va\u0161ich predsien\u00ed je botn\u00edk modern\u00e9ho dizajnu ANABELA.Materi\u00e1l: DTD laminovan\u00e1. Farebn\u00e9 prevedenie: dub sonoma. alebo biela Slovensk\u00fd v\u00fdrobok. ROZMER \u0160\u00edrka: 120 cm H\u013abka: 28 cm V\u00fd\u0161ka: 85 cm<\/p>\n","protected":false},"featured_media":63730,"comment_status":"closed","ping_status":"closed","template":"","meta":{"_seopress_robots_primary_cat":"257","_seopress_titles_title":"","_seopress_titles_desc":"","_seopress_robots_index":""},"product_brand":[],"product_cat":[2139,252,257],"product_tag":[],"class_list":{"0":"post-10567","1":"product","2":"type-product","3":"status-publish","4":"has-post-thumbnail","6":"product_cat-predsiene-predsiene","7":"product_cat-botniky","8":"product_cat-predsiene","9":"pa_farba-biela","10":"pa_farba-dub-sonoma","12":"first","13":"onbackorder","14":"shipping-taxable","15":"purchasable","16":"product-type-variable"},"_links":{"self":[{"href":"https:\/\/nabytoklaguna.sk\/sk\/wp-json\/wp\/v2\/product\/10567","targetHints":{"allow":["GET"]}}],"collection":[{"href":"https:\/\/nabytoklaguna.sk\/sk\/wp-json\/wp\/v2\/product"}],"about":[{"href":"https:\/\/nabytoklaguna.sk\/sk\/wp-json\/wp\/v2\/types\/product"}],"replies":[{"embeddable":true,"href":"https:\/\/nabytoklaguna.sk\/sk\/wp-json\/wp\/v2\/comments?post=10567"}],"wp:featuredmedia":[{"embeddable":true,"href":"https:\/\/nabytoklaguna.sk\/sk\/wp-json\/wp\/v2\/media\/63730"}],"wp:attachment":[{"href":"https:\/\/nabytoklaguna.sk\/sk\/wp-json\/wp\/v2\/media?parent=10567"}],"wp:term":[{"taxonomy":"product_brand","embeddable":true,"href":"https:\/\/nabytoklaguna.sk\/sk\/wp-json\/wp\/v2\/product_brand?post=10567"},{"taxonomy":"product_cat","embeddable":true,"href":"https:\/\/nabytoklaguna.sk\/sk\/wp-json\/wp\/v2\/product_cat?post=10567"},{"taxonomy":"product_tag","embeddable":true,"href":"https:\/\/nabytoklaguna.sk\/sk\/wp-json\/wp\/v2\/product_tag?post=10567"}],"curies":[{"name":"wp","href":"https:\/\/api.w.org\/{rel}","templated":true}]}}