{"id":10569,"date":"2021-02-22T16:54:36","date_gmt":"2021-02-22T15:54:36","guid":{"rendered":"http:\/\/nabytoklaguna.sk\/sk\/?post_type=product&#038;p=10569"},"modified":"2025-09-02T13:37:07","modified_gmt":"2025-09-02T11:37:07","slug":"k-izabela","status":"publish","type":"product","link":"https:\/\/nabytoklaguna.sk\/sk\/produkt\/k-izabela\/","title":{"rendered":"K IZABELA botn\u00edk"},"content":{"rendered":"<p>V\u00fdklopn\u00fd dvojradov\u00fd botn\u00edk IZABELA,v\u010faka svojmu modern\u00e9mu dizajnu je pekn\u00fdm a tie\u017e praktick\u00fdm doplnkom.Vyr\u00e1ba sa z kvalitnej laminovanej DTD , vo farebnom preveden\u00ed dub sonoma alebo biela. Univerz\u00e1lny (\u013d\/P).<\/p>\n<p><b>Slovensk\u00fd v\u00fdrobok. <\/b><\/p>\n<p><img loading=\"lazy\" decoding=\"async\" class=\"alignnone size-full wp-image-10473\" src=\"http:\/\/nabytoklaguna.sk\/sk\/wp-content\/uploads\/2017\/03\/slovensk\u00fd-znak-4.png\" alt=\"\" width=\"126\" height=\"126\" srcset=\"https:\/\/nabytoklaguna.sk\/sk\/wp-content\/uploads\/2017\/03\/slovensk\u00fd-znak-4.png 126w, https:\/\/nabytoklaguna.sk\/sk\/wp-content\/uploads\/2017\/03\/slovensk\u00fd-znak-4-100x100.png 100w\" sizes=\"auto, (max-width: 126px) 100vw, 126px\" \/><\/p>\n<p>ROZMER<\/p>\n<p>\u0160\u00edrka: 95 cm<\/p>\n<p>H\u013abka: 28 cm<\/p>\n<p>V\u00fd\u0161ka: 90 cm<\/p>\n<p>&nbsp;<\/p>\n","protected":false},"excerpt":{"rendered":"<p>V\u00fdklopn\u00fd dvojradov\u00fd botn\u00edk IZABELA,v\u010faka svojmu modern\u00e9mu dizajnu je pekn\u00fdm a tie\u017e praktick\u00fdm doplnkom.Vyr\u00e1ba sa z kvalitnej laminovanej DTD , vo farebnom preveden\u00ed dub sonoma alebo biela. Univerz\u00e1lny (\u013d\/P). Slovensk\u00fd v\u00fdrobok. ROZMER \u0160\u00edrka: 95 cm H\u013abka: 28 cm V\u00fd\u0161ka: 90 cm &nbsp;<\/p>\n","protected":false},"featured_media":63737,"comment_status":"closed","ping_status":"closed","template":"","meta":{"_seopress_robots_primary_cat":"257","_seopress_titles_title":"","_seopress_titles_desc":"","_seopress_robots_index":""},"product_brand":[],"product_cat":[2139,252,257],"product_tag":[],"class_list":{"0":"post-10569","1":"product","2":"type-product","3":"status-publish","4":"has-post-thumbnail","6":"product_cat-predsiene-predsiene","7":"product_cat-botniky","8":"product_cat-predsiene","9":"pa_farba-biela","10":"pa_farba-dub-sonoma","12":"first","13":"onbackorder","14":"shipping-taxable","15":"purchasable","16":"product-type-variable"},"_links":{"self":[{"href":"https:\/\/nabytoklaguna.sk\/sk\/wp-json\/wp\/v2\/product\/10569","targetHints":{"allow":["GET"]}}],"collection":[{"href":"https:\/\/nabytoklaguna.sk\/sk\/wp-json\/wp\/v2\/product"}],"about":[{"href":"https:\/\/nabytoklaguna.sk\/sk\/wp-json\/wp\/v2\/types\/product"}],"replies":[{"embeddable":true,"href":"https:\/\/nabytoklaguna.sk\/sk\/wp-json\/wp\/v2\/comments?post=10569"}],"wp:featuredmedia":[{"embeddable":true,"href":"https:\/\/nabytoklaguna.sk\/sk\/wp-json\/wp\/v2\/media\/63737"}],"wp:attachment":[{"href":"https:\/\/nabytoklaguna.sk\/sk\/wp-json\/wp\/v2\/media?parent=10569"}],"wp:term":[{"taxonomy":"product_brand","embeddable":true,"href":"https:\/\/nabytoklaguna.sk\/sk\/wp-json\/wp\/v2\/product_brand?post=10569"},{"taxonomy":"product_cat","embeddable":true,"href":"https:\/\/nabytoklaguna.sk\/sk\/wp-json\/wp\/v2\/product_cat?post=10569"},{"taxonomy":"product_tag","embeddable":true,"href":"https:\/\/nabytoklaguna.sk\/sk\/wp-json\/wp\/v2\/product_tag?post=10569"}],"curies":[{"name":"wp","href":"https:\/\/api.w.org\/{rel}","templated":true}]}}