{"id":105718,"date":"2022-01-18T13:44:20","date_gmt":"2022-01-18T12:44:20","guid":{"rendered":"https:\/\/nabytoklaguna.sk\/sk\/?post_type=product&#038;p=105718"},"modified":"2025-03-13T13:30:30","modified_gmt":"2025-03-13T12:30:30","slug":"tto","status":"publish","type":"product","link":"https:\/\/nabytoklaguna.sk\/sk\/produkt\/tto\/","title":{"rendered":"TTO mas\u00edv"},"content":{"rendered":"<p><strong>Sektor TTO j<\/strong>e vyroben\u00fd v <strong>nad\u010dasovom dizajne<\/strong> s d\u00f4razom na ka\u017ed\u00fd detail. Vonkaj\u0161\u00ed korpus je vyroben\u00fd z pr\u00edrodnej dubovej d\u00fdhy. Vn\u00fatorn\u00fd korpus je z lamin\u00e1tov\u00fdch dosiek, ktor\u00e9 s\u00fa potiahnut\u00e9 f\u00f3liou v dekore dreva. Predn\u00e9 plochy s\u00fa z<strong> mas\u00edvneho br\u00fasen\u00e9ho dreva<\/strong> vo farbe\u00a0 <strong>dub rustikal<\/strong>. V kombin\u00e1cii s kovov\u00fdmi detailmi p\u00f4sob\u00ed tento sektor elegantne. Sektor stoj\u00ed na vy\u0161\u0161\u00edch <strong>kovov\u00fdch no\u017ei\u010dk\u00e1ch<\/strong> v \u010diernej farbe.Mo\u017enos\u0165 <strong>objednania LED<\/strong> osvetlenia za pr\u00edplatok. T\u00e1to kr\u00e1sna sektorov\u00e1 zostava pote\u0161\u00ed aj n\u00e1ro\u010dn\u00e9ho z\u00e1kazn\u00edka. Vybav\u00edte n\u00edm ka\u017ed\u00fa modern\u00fa ob\u00fdvaciu izbu \u010di jed\u00e1le\u0148. V\u010faka <strong>kvalitn\u00e9mu spracovaniu<\/strong> a pou\u017eit\u00fdch <strong>kvalitn\u00fdch materi\u00e1lov<\/strong> V\u00e1m tento sektor bude k dispoz\u00edcii nieko\u013eko rokov<\/p>\n<p><strong>Rozmery jednotliv\u00fdch komponentov:<\/strong><\/p>\n<p>Vitr\u00edna \u013eav\u00e1 TTO 10, rozmer(\u0160xHxV)&#8230;&#8230;..67x42x198cm<br \/>\nVitr\u00edna prav\u00e1 TTO 11, rozmer (\u0160xHxV)&#8230;&#8230;.67x42x198cm<br \/>\nVitr\u00edna TTO 12, rozmer (\u0160xHxV)&#8230;&#8230;&#8230;&#8230;&#8230;96x42x198cm<br \/>\nVitr\u00edna TTO 15, rozmer (\u0160xHxV)&#8230;&#8230;&#8230;&#8230;&#8230;96x42x126cm<br \/>\nRTV stol\u00edk TTO 25, rozmer (\u0160xHxV)&#8230;&#8230;..180x42x54cm<br \/>\nPolica TTO 35, rozmer (\u0160xHxV)&#8230;&#8230;&#8230;&#8230;&#8230;180x26x25cm<br \/>\nKomoda TTO 45, rozmer (\u0160xHxV)&#8230;&#8230;&#8230;..150x42x90cm<br \/>\nKomoda TTO 47, rozmer(\u0160xHxV)&#8230;&#8230;&#8230;.. 180x42x90cm<br \/>\nJed\u00e1lensk\u00fd st\u00f4l TTO, rozmer (\u0160xHxV)&#8230;&#8230;140-200x90x78cm<br \/>\nKonfern.stol\u00edk TTO 41, rozmer (\u0160xHxV)&#8230;.110x60x48cm<\/p>\n","protected":false},"excerpt":{"rendered":"<p>Sektor TTO je vyroben\u00fd v nad\u010dasovom dizajne s d\u00f4razom na ka\u017ed\u00fd detail. Vonkaj\u0161\u00ed korpus je vyroben\u00fd z pr\u00edrodnej dubovej d\u00fdhy. Vn\u00fatorn\u00fd korpus je z lamin\u00e1tov\u00fdch dosiek, ktor\u00e9 s\u00fa potiahnut\u00e9 f\u00f3liou v dekore dreva. Predn\u00e9 plochy s\u00fa z mas\u00edvneho br\u00fasen\u00e9ho dreva vo farbe\u00a0 dub rustikal. V kombin\u00e1cii s kovov\u00fdmi detailmi p\u00f4sob\u00ed tento sektor elegantne. Sektor stoj\u00ed&#8230;<\/p>\n","protected":false},"featured_media":105720,"comment_status":"closed","ping_status":"closed","template":"","meta":{"_seopress_robots_primary_cat":"none","_seopress_titles_title":"","_seopress_titles_desc":"","_seopress_robots_index":""},"product_brand":[],"product_cat":[7513,182,183],"product_tag":[],"class_list":{"0":"post-105718","1":"product","2":"type-product","3":"status-publish","4":"has-post-thumbnail","6":"product_cat-obyvacie-steny-masiv","7":"product_cat-obyvacie-steny","8":"product_cat-sektorove-obyvacie-steny","9":"pa_typ-produktu-pratto-10","10":"pa_typ-produktu-pratto-11","11":"pa_typ-produktu-pratto-12","12":"pa_typ-produktu-pratto-15","13":"pa_typ-produktu-pratto-25","14":"pa_typ-produktu-pratto-35","15":"pa_typ-produktu-pratto-40","16":"pa_typ-produktu-pratto-41","17":"pa_typ-produktu-pratto-45","18":"pa_typ-produktu-pratto-47","20":"first","21":"onbackorder","22":"shipping-taxable","23":"purchasable","24":"product-type-variable"},"_links":{"self":[{"href":"https:\/\/nabytoklaguna.sk\/sk\/wp-json\/wp\/v2\/product\/105718","targetHints":{"allow":["GET"]}}],"collection":[{"href":"https:\/\/nabytoklaguna.sk\/sk\/wp-json\/wp\/v2\/product"}],"about":[{"href":"https:\/\/nabytoklaguna.sk\/sk\/wp-json\/wp\/v2\/types\/product"}],"replies":[{"embeddable":true,"href":"https:\/\/nabytoklaguna.sk\/sk\/wp-json\/wp\/v2\/comments?post=105718"}],"wp:featuredmedia":[{"embeddable":true,"href":"https:\/\/nabytoklaguna.sk\/sk\/wp-json\/wp\/v2\/media\/105720"}],"wp:attachment":[{"href":"https:\/\/nabytoklaguna.sk\/sk\/wp-json\/wp\/v2\/media?parent=105718"}],"wp:term":[{"taxonomy":"product_brand","embeddable":true,"href":"https:\/\/nabytoklaguna.sk\/sk\/wp-json\/wp\/v2\/product_brand?post=105718"},{"taxonomy":"product_cat","embeddable":true,"href":"https:\/\/nabytoklaguna.sk\/sk\/wp-json\/wp\/v2\/product_cat?post=105718"},{"taxonomy":"product_tag","embeddable":true,"href":"https:\/\/nabytoklaguna.sk\/sk\/wp-json\/wp\/v2\/product_tag?post=105718"}],"curies":[{"name":"wp","href":"https:\/\/api.w.org\/{rel}","templated":true}]}}