{"id":10575,"date":"2021-02-22T16:54:36","date_gmt":"2021-02-22T15:54:36","guid":{"rendered":"http:\/\/nabytoklaguna.sk\/sk\/?post_type=product&#038;p=10575"},"modified":"2025-09-02T13:32:39","modified_gmt":"2025-09-02T11:32:39","slug":"k-langella","status":"publish","type":"product","link":"https:\/\/nabytoklaguna.sk\/sk\/produkt\/k-langella\/","title":{"rendered":"K Botnik LANGELLA"},"content":{"rendered":"<p>Elegantn\u00fdm a z\u00e1rove\u0148 aj praktick\u00fdm doplnkom do predsien\u00ed je lavica s botn\u00edkom LANGELLA. Materi\u00e1l: drevo+l\u00e1tka+kov<\/p>\n<p>Mo\u017enos\u0165 v\u00fdberu farebn\u00e9ho prevedenia:<\/p>\n<ul>\n<li>Biela+siv\u00e1+chr\u00f3m<\/li>\n<li>B\u00e9\u017eov\u00e1+siv\u00e1+chr\u00f3m<\/li>\n<li>\u010cokol\u00e1dov\u00e1+tmavohned\u00e1+chr\u00f3m<\/li>\n<\/ul>\n<p>&nbsp;<\/p>\n<p>ROZMER<\/p>\n<p>\u0160\u00edrka: 80 cm<\/p>\n<p>H\u013abka: 30 cm<\/p>\n<p>V\u00fd\u0161ka: 48 cm<\/p>\n","protected":false},"excerpt":{"rendered":"<p>Elegantn\u00fdm a z\u00e1rove\u0148 aj praktick\u00fdm doplnkom do predsien\u00ed je lavica s botn\u00edkom LANGELLA. Materi\u00e1l: drevo+l\u00e1tka+kov Mo\u017enos\u0165 v\u00fdberu farebn\u00e9ho prevedenia: Biela+siv\u00e1+chr\u00f3m B\u00e9\u017eov\u00e1+siv\u00e1+chr\u00f3m \u010cokol\u00e1dov\u00e1+tmavohned\u00e1+chr\u00f3m &nbsp; ROZMER \u0160\u00edrka: 80 cm H\u013abka: 30 cm V\u00fd\u0161ka: 48 cm<\/p>\n","protected":false},"featured_media":10576,"comment_status":"closed","ping_status":"closed","template":"","meta":{"_seopress_robots_primary_cat":"252","_seopress_titles_title":"","_seopress_titles_desc":"","_seopress_robots_index":""},"product_brand":[],"product_cat":[2139,252,257],"product_tag":[],"class_list":{"0":"post-10575","1":"product","2":"type-product","3":"status-publish","4":"has-post-thumbnail","6":"product_cat-predsiene-predsiene","7":"product_cat-botniky","8":"product_cat-predsiene","9":"pa_farba-bezovasivachrom","10":"pa_farba-bielasivachrom","11":"pa_farba-cokoladovatmavohnedachrom","13":"first","14":"onbackorder","15":"shipping-taxable","16":"purchasable","17":"product-type-variable"},"_links":{"self":[{"href":"https:\/\/nabytoklaguna.sk\/sk\/wp-json\/wp\/v2\/product\/10575","targetHints":{"allow":["GET"]}}],"collection":[{"href":"https:\/\/nabytoklaguna.sk\/sk\/wp-json\/wp\/v2\/product"}],"about":[{"href":"https:\/\/nabytoklaguna.sk\/sk\/wp-json\/wp\/v2\/types\/product"}],"replies":[{"embeddable":true,"href":"https:\/\/nabytoklaguna.sk\/sk\/wp-json\/wp\/v2\/comments?post=10575"}],"wp:featuredmedia":[{"embeddable":true,"href":"https:\/\/nabytoklaguna.sk\/sk\/wp-json\/wp\/v2\/media\/10576"}],"wp:attachment":[{"href":"https:\/\/nabytoklaguna.sk\/sk\/wp-json\/wp\/v2\/media?parent=10575"}],"wp:term":[{"taxonomy":"product_brand","embeddable":true,"href":"https:\/\/nabytoklaguna.sk\/sk\/wp-json\/wp\/v2\/product_brand?post=10575"},{"taxonomy":"product_cat","embeddable":true,"href":"https:\/\/nabytoklaguna.sk\/sk\/wp-json\/wp\/v2\/product_cat?post=10575"},{"taxonomy":"product_tag","embeddable":true,"href":"https:\/\/nabytoklaguna.sk\/sk\/wp-json\/wp\/v2\/product_tag?post=10575"}],"curies":[{"name":"wp","href":"https:\/\/api.w.org\/{rel}","templated":true}]}}