{"id":106056,"date":"2022-01-20T16:19:37","date_gmt":"2022-01-20T15:19:37","guid":{"rendered":"https:\/\/nabytoklaguna.sk\/sk\/?post_type=product&#038;p=106056"},"modified":"2024-04-23T14:12:33","modified_gmt":"2024-04-23T12:12:33","slug":"genua-120-skrina-adrk","status":"publish","type":"product","link":"https:\/\/nabytoklaguna.sk\/sk\/produkt\/genua-120-skrina-adrk\/","title":{"rendered":"GENUA 120 skri\u0148a"},"content":{"rendered":"<p>Dvojdverov\u00e1 \u0161atn\u00edkov\u00e1 skri\u0148a <strong>GENUA 120<\/strong>\u00a0 s posuvn\u00fdmi dverami na prv\u00fd poh\u013ead zaujme svojim \u0161t\u00fdlov\u00fdm\u00a0dizajnom umocnen\u00fd\u00a0<b>zrkadlom<\/b>. Skri\u0148a je ur\u010den\u00e1 do ka\u017edej\u00a0<strong>miestnosti<\/strong>\u00a0v byte alebo dome. Vo vn\u00fatri sa o\u00a0<strong>poriadok<\/strong>\u00a0vo Va\u0161ich veciach postaraj\u00fa priestory rozdelen\u00e9 do dvoch\u00a0<strong>sektorov<\/strong>\u00a0\u2013 v \u013eavej \u010dasti je\u00a0<strong>\u0161atn\u00edkov\u00e1 ty\u010d<\/strong>, v pravej \u010dasti s\u00fa\u00a0<strong>police<\/strong>. Skri\u0148a je vyhotoven\u00e1 v kvalitnom preveden\u00ed \u2013 laminovan\u00e1 DTDL s hr\u00fabkou 16 mm. \u013dahkos\u0165 manipul\u00e1cie zabezpe\u010duj\u00fa\u00a0<strong>kovania<\/strong>\u00a0<strong>Sevroll<\/strong>. \u00dachytky vo forme hlin\u00edkovej li\u0161ty pozd\u013a\u017e dver\u00ed p\u00f4sobia elegantne a z\u00e1rove\u0148 minimalisticky.<\/p>\n<p><strong>Mo\u017enos\u0165 dok\u00fapi\u0165 LED RGB osvetlenie za 35,- \u20ac\u00a0<\/strong>(pri objedn\u00e1vke potrebn\u00e9 uvies\u0165 v pozn\u00e1mke).<\/p>\n<p>Rozmer (\u0160xVxH): 120 x 200 x 58 cm<\/p>\n<p><strong>Parametre v\u00fdrobku<\/strong><\/p>\n<table border=\"0\" cellspacing=\"5\" cellpadding=\"1\">\n<tbody>\n<tr>\n<td><strong>Typ v\u00fdrobku<\/strong><\/td>\n<td>Skri\u0148a s posuvn\u00fdmi dverami<\/td>\n<\/tr>\n<tr>\n<td><strong>Materi\u00e1l<\/strong><\/td>\n<td>DTD laminovan\u00e1<\/td>\n<\/tr>\n<tr>\n<td><strong>Rozmery \u0161\/v\/h<br \/>\n<\/strong><\/td>\n<td>120 x 200 x 58 cm<\/td>\n<\/tr>\n<tr>\n<td><strong>Balenie<\/strong><\/td>\n<td>demont<\/td>\n<\/tr>\n<\/tbody>\n<\/table>\n","protected":false},"excerpt":{"rendered":"<p>Dvojdverov\u00e1 \u0161atn\u00edkov\u00e1 skri\u0148a GENUA 120\u00a0 s posuvn\u00fdmi dverami na prv\u00fd poh\u013ead zaujme svojim \u0161t\u00fdlov\u00fdm\u00a0dizajnom umocnen\u00fd\u00a0zrkadlom. Skri\u0148a je ur\u010den\u00e1 do ka\u017edej\u00a0miestnosti\u00a0v byte alebo dome. Vo vn\u00fatri sa o\u00a0poriadok\u00a0vo Va\u0161ich veciach postaraj\u00fa priestory rozdelen\u00e9 do dvoch\u00a0sektorov\u00a0\u2013 v \u013eavej \u010dasti je\u00a0\u0161atn\u00edkov\u00e1 ty\u010d, v pravej \u010dasti s\u00fa\u00a0police. Skri\u0148a je vyhotoven\u00e1 v kvalitnom preveden\u00ed \u2013 laminovan\u00e1 DTDL s hr\u00fabkou 16&#8230;<\/p>\n","protected":false},"featured_media":106043,"comment_status":"closed","ping_status":"closed","template":"","meta":{"_seopress_robots_primary_cat":"none","_seopress_titles_title":"","_seopress_titles_desc":"","_seopress_robots_index":""},"product_brand":[],"product_cat":[1585,225],"product_tag":[],"class_list":{"0":"post-106056","1":"product","2":"type-product","3":"status-publish","4":"has-post-thumbnail","6":"product_cat-s-posuvnymi-dverami","7":"product_cat-skrine","9":"first","10":"onbackorder","11":"shipping-taxable","12":"purchasable","13":"product-type-variable"},"_links":{"self":[{"href":"https:\/\/nabytoklaguna.sk\/sk\/wp-json\/wp\/v2\/product\/106056","targetHints":{"allow":["GET"]}}],"collection":[{"href":"https:\/\/nabytoklaguna.sk\/sk\/wp-json\/wp\/v2\/product"}],"about":[{"href":"https:\/\/nabytoklaguna.sk\/sk\/wp-json\/wp\/v2\/types\/product"}],"replies":[{"embeddable":true,"href":"https:\/\/nabytoklaguna.sk\/sk\/wp-json\/wp\/v2\/comments?post=106056"}],"wp:featuredmedia":[{"embeddable":true,"href":"https:\/\/nabytoklaguna.sk\/sk\/wp-json\/wp\/v2\/media\/106043"}],"wp:attachment":[{"href":"https:\/\/nabytoklaguna.sk\/sk\/wp-json\/wp\/v2\/media?parent=106056"}],"wp:term":[{"taxonomy":"product_brand","embeddable":true,"href":"https:\/\/nabytoklaguna.sk\/sk\/wp-json\/wp\/v2\/product_brand?post=106056"},{"taxonomy":"product_cat","embeddable":true,"href":"https:\/\/nabytoklaguna.sk\/sk\/wp-json\/wp\/v2\/product_cat?post=106056"},{"taxonomy":"product_tag","embeddable":true,"href":"https:\/\/nabytoklaguna.sk\/sk\/wp-json\/wp\/v2\/product_tag?post=106056"}],"curies":[{"name":"wp","href":"https:\/\/api.w.org\/{rel}","templated":true}]}}