{"id":106164,"date":"2022-01-21T14:54:45","date_gmt":"2022-01-21T13:54:45","guid":{"rendered":"https:\/\/nabytoklaguna.sk\/sk\/?post_type=product&#038;p=106164"},"modified":"2024-04-23T13:36:48","modified_gmt":"2024-04-23T11:36:48","slug":"olivier-200-skrina-adrk","status":"publish","type":"product","link":"https:\/\/nabytoklaguna.sk\/sk\/produkt\/olivier-200-skrina-adrk\/","title":{"rendered":"OLIVER 200 skri\u0148a"},"content":{"rendered":"<p><strong>Modern\u00e1<\/strong>\u00a0\u0161atn\u00edkov\u00e1 skri\u0148a na prv\u00fd poh\u013ead zaujme svojim\u00a0<strong>\u0161t\u00fdlov\u00fdm<\/strong>\u00a0dizajnom umocnen\u00fd\u00a0<strong>zrkadlom<\/strong>. Skri\u0148a je ur\u010den\u00e1 do ka\u017edej\u00a0<strong>miestnosti<\/strong>\u00a0v byte alebo dome. Vo vn\u00fatri sa o\u00a0<strong>poriadok<\/strong>\u00a0vo Va\u0161ich veciach postaraj\u00fa priestory rozdelen\u00e9 do troch\u00a0<strong>sektorov<\/strong>\u00a0\u2013 v \u013eavej a pravej \u010dasti s\u00fa\u00a0<strong>police<\/strong>, stredn\u00e1 \u010das\u0165 je rozdelen\u00e1 ako na\u00a0<strong>policov\u00fa<\/strong>\u00a0\u010das\u0165, tak aj na priestor, ktor\u00fd m\u00f4\u017eete vyu\u017ei\u0165 na\u00a0<strong>zavesenie<\/strong>\u00a0\u010fal\u0161ieho oble\u010denia, alebo\u00a0<strong>odlo\u017eenie<\/strong>\u00a0kufrov, \u010di in\u00fdch\u00a0<strong>objemnej\u0161\u00edch<\/strong>\u00a0vec\u00ed. Skri\u0148a je vyhotoven\u00e1 v kvalitnom preveden\u00ed \u2013\u00a0<strong>laminovan\u00e1<\/strong>\u00a0<strong>MDF<\/strong>. \u013dahkos\u0165 manipul\u00e1cie zabezpe\u010duj\u00fa\u00a0<strong>kovania<\/strong>\u00a0spolo\u010dnosti\u00a0<strong>Sevroll<\/strong>. \u00dachytky vo forme hlin\u00edkovej li\u0161ty pozd\u013a\u017e dver\u00ed p\u00f4sobia elegantne a z\u00e1rove\u0148 minimalisticky.<\/p>\n<p><strong>Mo\u017enos\u0165 dok\u00fapi\u0165 LED RGB osvetlenie za 49,- \u20ac\u00a0<\/strong>(pri objedn\u00e1vke potrebn\u00e9 uvies\u0165 v pozn\u00e1mke).<\/p>\n<p><strong>Parametre v\u00fdrobku<\/strong><\/p>\n<table border=\"0\" cellspacing=\"5\" cellpadding=\"1\">\n<tbody>\n<tr>\n<td><strong>Typ v\u00fdrobku<\/strong><\/td>\n<td>Skri\u0148a s posuvn\u00fdmi dverami<\/td>\n<\/tr>\n<tr>\n<td><strong>Materi\u00e1l<\/strong><\/td>\n<td>DTD laminovan\u00e1\/sklo<\/td>\n<\/tr>\n<tr>\n<td><strong>Rozmery \u0161\/v\/h<br \/>\n<\/strong><\/td>\n<td>200 x 215 x 58 cm<\/td>\n<\/tr>\n<tr>\n<td><strong>Balenie<\/strong><\/td>\n<td>demont<\/td>\n<\/tr>\n<\/tbody>\n<\/table>\n","protected":false},"excerpt":{"rendered":"<p>Modern\u00e1\u00a0\u0161atn\u00edkov\u00e1 skri\u0148a na prv\u00fd poh\u013ead zaujme svojim\u00a0\u0161t\u00fdlov\u00fdm\u00a0dizajnom umocnen\u00fd\u00a0zrkadlom. Skri\u0148a je ur\u010den\u00e1 do ka\u017edej\u00a0miestnosti\u00a0v byte alebo dome. Vo vn\u00fatri sa o\u00a0poriadok\u00a0vo Va\u0161ich veciach postaraj\u00fa priestory rozdelen\u00e9 do troch\u00a0sektorov\u00a0\u2013 v \u013eavej a pravej \u010dasti s\u00fa\u00a0police, stredn\u00e1 \u010das\u0165 je rozdelen\u00e1 ako na\u00a0policov\u00fa\u00a0\u010das\u0165, tak aj na priestor, ktor\u00fd m\u00f4\u017eete vyu\u017ei\u0165 na\u00a0zavesenie\u00a0\u010fal\u0161ieho oble\u010denia, alebo\u00a0odlo\u017eenie\u00a0kufrov, \u010di in\u00fdch\u00a0objemnej\u0161\u00edch\u00a0vec\u00ed. Skri\u0148a je vyhotoven\u00e1 v&#8230;<\/p>\n","protected":false},"featured_media":106134,"comment_status":"closed","ping_status":"closed","template":"","meta":{"_seopress_robots_primary_cat":"none","_seopress_titles_title":"","_seopress_titles_desc":"","_seopress_robots_index":""},"product_brand":[],"product_cat":[1585,225],"product_tag":[],"class_list":{"0":"post-106164","1":"product","2":"type-product","3":"status-publish","4":"has-post-thumbnail","6":"product_cat-s-posuvnymi-dverami","7":"product_cat-skrine","9":"first","10":"onbackorder","11":"shipping-taxable","12":"purchasable","13":"product-type-variable"},"_links":{"self":[{"href":"https:\/\/nabytoklaguna.sk\/sk\/wp-json\/wp\/v2\/product\/106164","targetHints":{"allow":["GET"]}}],"collection":[{"href":"https:\/\/nabytoklaguna.sk\/sk\/wp-json\/wp\/v2\/product"}],"about":[{"href":"https:\/\/nabytoklaguna.sk\/sk\/wp-json\/wp\/v2\/types\/product"}],"replies":[{"embeddable":true,"href":"https:\/\/nabytoklaguna.sk\/sk\/wp-json\/wp\/v2\/comments?post=106164"}],"wp:featuredmedia":[{"embeddable":true,"href":"https:\/\/nabytoklaguna.sk\/sk\/wp-json\/wp\/v2\/media\/106134"}],"wp:attachment":[{"href":"https:\/\/nabytoklaguna.sk\/sk\/wp-json\/wp\/v2\/media?parent=106164"}],"wp:term":[{"taxonomy":"product_brand","embeddable":true,"href":"https:\/\/nabytoklaguna.sk\/sk\/wp-json\/wp\/v2\/product_brand?post=106164"},{"taxonomy":"product_cat","embeddable":true,"href":"https:\/\/nabytoklaguna.sk\/sk\/wp-json\/wp\/v2\/product_cat?post=106164"},{"taxonomy":"product_tag","embeddable":true,"href":"https:\/\/nabytoklaguna.sk\/sk\/wp-json\/wp\/v2\/product_tag?post=106164"}],"curies":[{"name":"wp","href":"https:\/\/api.w.org\/{rel}","templated":true}]}}