{"id":106376,"date":"2022-01-27T14:46:38","date_gmt":"2022-01-27T13:46:38","guid":{"rendered":"https:\/\/nabytoklaguna.sk\/sk\/?post_type=product&#038;p=106376"},"modified":"2023-01-02T12:30:50","modified_gmt":"2023-01-02T11:30:50","slug":"pyka-kinga-masiv","status":"publish","type":"product","link":"https:\/\/nabytoklaguna.sk\/sk\/produkt\/pyka-kinga-masiv\/","title":{"rendered":"PYKA KINGA MASIV"},"content":{"rendered":"<p>Sektorov\u00fd n\u00e1bytok KINGA sa stane ob\u013e\u00fabenou najme u milovn\u00edkov rustik\u00e1lneho \u0161t\u00fdlu. Korpus je vyroben\u00fd z kvalitnej dosky, potiahnutej pr\u00edrodnou dubovou dyhou a predn\u00e9 dvierka n\u00e1bytku z mas\u00edvu. Farebn\u00e9 prevedenie je D3, ktor\u00e9 je p\u00f4vabn\u00e9 a elegantn\u00e9. Tento kr\u00e1sny sektor dop\u013a\u0148aj\u00fa kr\u00e1sne kovov\u00e9 \u00fachytky. Sektor KINGA je v\u010faka po\u017eitiu kvalitn\u00fdch materi\u00e1lov nielen mas\u00edvny a odoln\u00fd, ale aj prepracovan\u00fd v ka\u017edom detaile.\u00a0 V kolekcii n\u00e1bytku KINGA\u00a0 sa nach\u00e1dzaj\u00fa\u00a0 vitr\u00edny \u010di komody, ktor\u00e9 V\u00e1m umo\u017enia vytvori\u0165 dokonal\u00fa zostavu do Va\u0161ej ob\u00fdva\u010dky \u010di jed\u00e1lne<\/p>\n<p>Rozmery jednotliv\u00fdch komponentov:<\/p>\n<p>Dvojdverov\u00e1 skri\u0148a, rozmery (\u0160xHxV): 108x65x202cm<br \/>\nKni\u017enica, rozmery (\u0160xHxV): 108x42x202cm<br \/>\nVitr\u00edna, rozmery (\u0160xHxV): 108x42x202cm<br \/>\nVitr\u00edna rohov\u00e1, rozmery (\u0160xHxV): 60x60x202cm<br \/>\nVitr\u00edna \u013eav\u00e1, rozmery (\u0160xHxV):67x42x202cm<br \/>\nVitr\u00edna prav\u00e1, rozmery (\u0160xHxV):67x42x202cm<br \/>\nVitr\u00edna s komodou, rozmery (\u0160xHxV): 165x50x202cm<br \/>\nKomoda 1 , rozmery (\u0160xHxV: 200x50x110cm<br \/>\nKomoda 2, rozmery (\u0160xHxV): 200x50x85cm<br \/>\nKomoda 3, rozmery (\u0160xHxV): 165x50x85cm<br \/>\nKomoda 4, rozmery (\u0160xHxV): 100x50x85cm<br \/>\nRTV A, rozmery (\u0160xHxV): 100x50x85cm<br \/>\nRTV B, rozmery (\u0160xHxV):165x50x85cm<\/p>\n<p>Foto ilustra\u010dn\u00e9<\/p>\n<p>&nbsp;<\/p>\n<p>&nbsp;<\/p>\n<p>&nbsp;<\/p>\n","protected":false},"excerpt":{"rendered":"<p>Sektorov\u00fd n\u00e1bytok KINGA sa stane ob\u013e\u00fabenou najme u milovn\u00edkov rustik\u00e1lneho \u0161t\u00fdlu. Korpus je vyroben\u00fd z kvalitnej dosky, potiahnutej pr\u00edrodnou dubovou dyhou a predn\u00e9 dvierka n\u00e1bytku z mas\u00edvu. Farebn\u00e9 prevedenie je D3, ktor\u00e9 je p\u00f4vabn\u00e9 a elegantn\u00e9. Tento kr\u00e1sny sektor dop\u013a\u0148aj\u00fa kr\u00e1sne kovov\u00e9 \u00fachytky. Sektor KINGA je v\u010faka po\u017eitiu kvalitn\u00fdch materi\u00e1lov nielen mas\u00edvny a odoln\u00fd, ale&#8230;<\/p>\n","protected":false},"featured_media":106380,"comment_status":"closed","ping_status":"closed","template":"","meta":{"_seopress_robots_primary_cat":"none","_seopress_titles_title":"","_seopress_titles_desc":"","_seopress_robots_index":""},"product_brand":[],"product_cat":[7513,182,183],"product_tag":[],"class_list":{"0":"post-106376","1":"product","2":"type-product","3":"status-publish","4":"has-post-thumbnail","6":"product_cat-obyvacie-steny-masiv","7":"product_cat-obyvacie-steny","8":"product_cat-sektorove-obyvacie-steny","9":"pa_typ-produktu-dvojdverova-skrina","10":"pa_typ-produktu-kniznica","11":"pa_typ-produktu-komoda-1","12":"pa_typ-produktu-komoda-4","13":"pa_typ-produktu-rtv-a","14":"pa_typ-produktu-rtv-b","15":"pa_typ-produktu-trojdverova-skrina","16":"pa_typ-produktu-vitrina","17":"pa_typ-produktu-vitrina-lava","18":"pa_typ-produktu-vitrina-prava","19":"pa_typ-produktu-vitrina-rohova","20":"pa_typ-produktu-vitrina-s-komodou","21":"pa_typ-produktu-komoda-2","22":"pa_typ-produktu-komoda-3","24":"first","25":"onbackorder","26":"shipping-taxable","27":"purchasable","28":"product-type-variable"},"_links":{"self":[{"href":"https:\/\/nabytoklaguna.sk\/sk\/wp-json\/wp\/v2\/product\/106376","targetHints":{"allow":["GET"]}}],"collection":[{"href":"https:\/\/nabytoklaguna.sk\/sk\/wp-json\/wp\/v2\/product"}],"about":[{"href":"https:\/\/nabytoklaguna.sk\/sk\/wp-json\/wp\/v2\/types\/product"}],"replies":[{"embeddable":true,"href":"https:\/\/nabytoklaguna.sk\/sk\/wp-json\/wp\/v2\/comments?post=106376"}],"wp:featuredmedia":[{"embeddable":true,"href":"https:\/\/nabytoklaguna.sk\/sk\/wp-json\/wp\/v2\/media\/106380"}],"wp:attachment":[{"href":"https:\/\/nabytoklaguna.sk\/sk\/wp-json\/wp\/v2\/media?parent=106376"}],"wp:term":[{"taxonomy":"product_brand","embeddable":true,"href":"https:\/\/nabytoklaguna.sk\/sk\/wp-json\/wp\/v2\/product_brand?post=106376"},{"taxonomy":"product_cat","embeddable":true,"href":"https:\/\/nabytoklaguna.sk\/sk\/wp-json\/wp\/v2\/product_cat?post=106376"},{"taxonomy":"product_tag","embeddable":true,"href":"https:\/\/nabytoklaguna.sk\/sk\/wp-json\/wp\/v2\/product_tag?post=106376"}],"curies":[{"name":"wp","href":"https:\/\/api.w.org\/{rel}","templated":true}]}}