{"id":106954,"date":"2022-03-09T16:12:19","date_gmt":"2022-03-09T15:12:19","guid":{"rendered":"https:\/\/nabytoklaguna.sk\/sk\/?post_type=product&#038;p=106954"},"modified":"2026-01-15T00:56:34","modified_gmt":"2026-01-14T23:56:34","slug":"ct-394-grey2","status":"publish","type":"product","link":"https:\/\/nabytoklaguna.sk\/sk\/produkt\/ct-394-grey2\/","title":{"rendered":"CT-394 GREY2"},"content":{"rendered":"<p>Dizajnov\u00e1 \u0161krupinov\u00e1 jed\u00e1lensk\u00e1 stoli\u010dka je \u010dal\u00fanen\u00e1 \u0161edou l\u00e1tkou s v\u00fdrazn\u00fdm pre\u0161it\u00edm sedacej \u010dasti aj \u010dasti ur\u010denej na opretie. Sedacia \u010das\u0165 je zaoblen\u00e1 a m\u00e1 vyv\u00fd\u0161en\u00e9 boky, plynulo prech\u00e1dzaj\u00face do operadla. Polstrovanie je z kvalitnej PU peny. \u0160tvornoh\u00e1 kovov\u00e1 podno\u017e je v 3D dekore dub. Nohy s\u00fa kruhov\u00e9ho prierezu a k\u00f3nick\u00e9, ukon\u010den\u00e9 \u010diernymi platov\u00fdmi klz\u00e1kmi. Cel\u00e1 podno\u017e je zvaren\u00e1 a dod\u00e1van\u00e1 ako celok, nehroz\u00ed teda ob\u010dasn\u00e9 do\u0165ahovanie skrutiek ako pri podno\u017ei skrutkovanej. Toto v\u0161etko p\u00f4sob\u00ed nielen ako \u0161t\u00fdlov\u00fd dizajnov\u00fd prvok, ale rob\u00ed stoli\u010dku ve\u013emi pevnou, pohodlnou a praktickou na krat\u0161ie aj dlh\u0161ie posedenie. Svoj\u00edm preveden\u00edm v \u0161kandin\u00e1vskom \u0161t\u00fdle a decentnou farebnos\u0165ou sa stoli\u010dka hod\u00ed nielen k jed\u00e1lensk\u00e9mu stolu, ale aj ako s\u00fa\u010das\u0165 pracovn\u00ed \u010di konferen\u010dn\u00fdch miestnost\u00ed.<\/p>\n<p>Nosnos\u0165 110 kg<\/p>\n<p>Dod\u00e1van\u00e9 v demonte<\/p>\n<table style=\"width: 100%;\">\n<tbody>\n<tr>\n<td class=\"popis\" style=\"width: 22.734%;\">Rozmery:<\/td>\n<td style=\"width: 77.0431%;\"><span id=\"ctl00_ctl00_PageCPH_MainCPH_RozmeryLBL\" class=\"blue\">51 x 61 x 84 x 50 cm<\/span><\/td>\n<\/tr>\n<\/tbody>\n<\/table>\n","protected":false},"excerpt":{"rendered":"<p>Dizajnov\u00e1 \u0161krupinov\u00e1 jed\u00e1lensk\u00e1 stoli\u010dka je \u010dal\u00fanen\u00e1 \u0161edou l\u00e1tkou s v\u00fdrazn\u00fdm pre\u0161it\u00edm sedacej \u010dasti aj \u010dasti ur\u010denej na opretie. Sedacia \u010das\u0165 je zaoblen\u00e1 a m\u00e1 vyv\u00fd\u0161en\u00e9 boky, plynulo prech\u00e1dzaj\u00face do operadla. Polstrovanie je z kvalitnej PU peny. \u0160tvornoh\u00e1 kovov\u00e1 podno\u017e je v 3D dekore dub. Nohy s\u00fa kruhov\u00e9ho prierezu a k\u00f3nick\u00e9, ukon\u010den\u00e9 \u010diernymi platov\u00fdmi klz\u00e1kmi. Cel\u00e1&#8230;<\/p>\n","protected":false},"featured_media":106958,"comment_status":"closed","ping_status":"closed","template":"","meta":{"_seopress_robots_primary_cat":"none","_seopress_titles_title":"","_seopress_titles_desc":"","_seopress_robots_index":""},"product_brand":[],"product_cat":[238,239,237],"product_tag":[],"class_list":{"0":"post-106954","1":"product","2":"type-product","3":"status-publish","4":"has-post-thumbnail","6":"product_cat-drevene-stolicky","7":"product_cat-kovove-stolicky","8":"product_cat-stolicky","10":"first","11":"onbackorder","12":"shipping-taxable","13":"purchasable","14":"product-type-simple"},"_links":{"self":[{"href":"https:\/\/nabytoklaguna.sk\/sk\/wp-json\/wp\/v2\/product\/106954","targetHints":{"allow":["GET"]}}],"collection":[{"href":"https:\/\/nabytoklaguna.sk\/sk\/wp-json\/wp\/v2\/product"}],"about":[{"href":"https:\/\/nabytoklaguna.sk\/sk\/wp-json\/wp\/v2\/types\/product"}],"replies":[{"embeddable":true,"href":"https:\/\/nabytoklaguna.sk\/sk\/wp-json\/wp\/v2\/comments?post=106954"}],"wp:featuredmedia":[{"embeddable":true,"href":"https:\/\/nabytoklaguna.sk\/sk\/wp-json\/wp\/v2\/media\/106958"}],"wp:attachment":[{"href":"https:\/\/nabytoklaguna.sk\/sk\/wp-json\/wp\/v2\/media?parent=106954"}],"wp:term":[{"taxonomy":"product_brand","embeddable":true,"href":"https:\/\/nabytoklaguna.sk\/sk\/wp-json\/wp\/v2\/product_brand?post=106954"},{"taxonomy":"product_cat","embeddable":true,"href":"https:\/\/nabytoklaguna.sk\/sk\/wp-json\/wp\/v2\/product_cat?post=106954"},{"taxonomy":"product_tag","embeddable":true,"href":"https:\/\/nabytoklaguna.sk\/sk\/wp-json\/wp\/v2\/product_tag?post=106954"}],"curies":[{"name":"wp","href":"https:\/\/api.w.org\/{rel}","templated":true}]}}