{"id":107103,"date":"2022-03-18T11:42:30","date_gmt":"2022-03-18T10:42:30","guid":{"rendered":"https:\/\/nabytoklaguna.sk\/sk\/?post_type=product&#038;p=107103"},"modified":"2023-02-24T14:52:02","modified_gmt":"2023-02-24T13:52:02","slug":"messa-konferencny-stolik-adrk","status":"publish","type":"product","link":"https:\/\/nabytoklaguna.sk\/sk\/produkt\/messa-konferencny-stolik-adrk\/","title":{"rendered":"MESSA konferen\u010dn\u00fd stol\u00edk ADRK"},"content":{"rendered":"<p><strong>Modern\u00fd<\/strong> konferen\u010dn\u00fd stol\u00edk <strong>MESSA<\/strong> v\u00e1s zaru\u010dene o\u010dar\u00ed svoj\u00edm nezvy\u010dajn\u00fdm vzh\u013eadom. Vrchn\u00e1 lakovan\u00e1 drevotrieskov\u00e1 doska m\u00e1 hr\u00fabku <strong>18<\/strong> <strong>mm. <\/strong>Punc luxusu stol\u00edku <strong>MESSA<\/strong> dod\u00e1vaj\u00fa kovov\u00e9 nohy a doplnky v chr\u00f3movom vzh\u013eade.<\/p>\n<p>Rozmery: v x \u0161 x d: 31 x 60 x 60 cm<\/p>\n<div>Dod\u00e1van\u00e9 v demonte<\/div>\n","protected":false},"excerpt":{"rendered":"<p>Modern\u00fd konferen\u010dn\u00fd stol\u00edk MESSA v\u00e1s zaru\u010dene o\u010dar\u00ed svoj\u00edm nezvy\u010dajn\u00fdm vzh\u013eadom. Vrchn\u00e1 lakovan\u00e1 drevotrieskov\u00e1 doska m\u00e1 hr\u00fabku 18 mm. Punc luxusu stol\u00edku MESSA dod\u00e1vaj\u00fa kovov\u00e9 nohy a doplnky v chr\u00f3movom vzh\u013eade. Rozmery: v x \u0161 x d: 31 x 60 x 60 cm Dod\u00e1van\u00e9 v demonte<\/p>\n","protected":false},"featured_media":107110,"comment_status":"closed","ping_status":"closed","template":"","meta":{"_seopress_robots_primary_cat":"none","_seopress_titles_title":"","_seopress_titles_desc":"","_seopress_robots_index":""},"product_brand":[],"product_cat":[221],"product_tag":[],"class_list":{"0":"post-107103","1":"product","2":"type-product","3":"status-publish","4":"has-post-thumbnail","6":"product_cat-konferencne-stoliky","8":"first","9":"onbackorder","10":"sale","11":"shipping-taxable","12":"purchasable","13":"product-type-variable"},"_links":{"self":[{"href":"https:\/\/nabytoklaguna.sk\/sk\/wp-json\/wp\/v2\/product\/107103","targetHints":{"allow":["GET"]}}],"collection":[{"href":"https:\/\/nabytoklaguna.sk\/sk\/wp-json\/wp\/v2\/product"}],"about":[{"href":"https:\/\/nabytoklaguna.sk\/sk\/wp-json\/wp\/v2\/types\/product"}],"replies":[{"embeddable":true,"href":"https:\/\/nabytoklaguna.sk\/sk\/wp-json\/wp\/v2\/comments?post=107103"}],"wp:featuredmedia":[{"embeddable":true,"href":"https:\/\/nabytoklaguna.sk\/sk\/wp-json\/wp\/v2\/media\/107110"}],"wp:attachment":[{"href":"https:\/\/nabytoklaguna.sk\/sk\/wp-json\/wp\/v2\/media?parent=107103"}],"wp:term":[{"taxonomy":"product_brand","embeddable":true,"href":"https:\/\/nabytoklaguna.sk\/sk\/wp-json\/wp\/v2\/product_brand?post=107103"},{"taxonomy":"product_cat","embeddable":true,"href":"https:\/\/nabytoklaguna.sk\/sk\/wp-json\/wp\/v2\/product_cat?post=107103"},{"taxonomy":"product_tag","embeddable":true,"href":"https:\/\/nabytoklaguna.sk\/sk\/wp-json\/wp\/v2\/product_tag?post=107103"}],"curies":[{"name":"wp","href":"https:\/\/api.w.org\/{rel}","templated":true}]}}