{"id":107257,"date":"2022-03-22T11:28:13","date_gmt":"2022-03-22T10:28:13","guid":{"rendered":"https:\/\/nabytoklaguna.sk\/sk\/?post_type=product&#038;p=107257"},"modified":"2025-04-14T14:11:04","modified_gmt":"2025-04-14T12:11:04","slug":"bill-konferencny-stolik-adrk","status":"publish","type":"product","link":"https:\/\/nabytoklaguna.sk\/sk\/produkt\/bill-konferencny-stolik-adrk\/","title":{"rendered":"BILL konferen\u010dn\u00fd stol\u00edk ADRK"},"content":{"rendered":"<p><strong>Modern\u00fd<\/strong>\u00a0konferen\u010dn\u00fd stol\u00edk\u00a0<strong>BILL<\/strong>\u00a0v\u00a0<strong>minimalistickom<\/strong> \u0161t\u00fdle vyroben\u00fd z\u00a0 MDF dosky s hr\u00fabkou vrchn\u00e9ho pl\u00e1tu 38 mm a nohami s rozmerom 7 x 7 cm je vhodn\u00fd do modern\u00e9ho aj tradi\u010dn\u00e9ho interi\u00e9ru.<\/p>\n<p>Rozmery: v x \u0161 x d: 51 x 60 x 60 cm<\/p>\n<p>Dod\u00e1van\u00e9 v demonte<\/p>\n","protected":false},"excerpt":{"rendered":"<p>Modern\u00fd\u00a0konferen\u010dn\u00fd stol\u00edk\u00a0BILL\u00a0v\u00a0minimalistickom \u0161t\u00fdle vyroben\u00fd z\u00a0 MDF dosky s hr\u00fabkou vrchn\u00e9ho pl\u00e1tu 38 mm a nohami s rozmerom 7 x 7 cm je vhodn\u00fd do modern\u00e9ho aj tradi\u010dn\u00e9ho interi\u00e9ru. Rozmery: v x \u0161 x d: 51 x 60 x 60 cm Dod\u00e1van\u00e9 v demonte<\/p>\n","protected":false},"featured_media":107136,"comment_status":"closed","ping_status":"closed","template":"","meta":{"_seopress_robots_primary_cat":"none","_seopress_titles_title":"","_seopress_titles_desc":"","_seopress_robots_index":""},"product_brand":[],"product_cat":[221],"product_tag":[],"class_list":{"0":"post-107257","1":"product","2":"type-product","3":"status-publish","4":"has-post-thumbnail","6":"product_cat-konferencne-stoliky","8":"first","9":"onbackorder","10":"shipping-taxable","11":"purchasable","12":"product-type-variable"},"_links":{"self":[{"href":"https:\/\/nabytoklaguna.sk\/sk\/wp-json\/wp\/v2\/product\/107257","targetHints":{"allow":["GET"]}}],"collection":[{"href":"https:\/\/nabytoklaguna.sk\/sk\/wp-json\/wp\/v2\/product"}],"about":[{"href":"https:\/\/nabytoklaguna.sk\/sk\/wp-json\/wp\/v2\/types\/product"}],"replies":[{"embeddable":true,"href":"https:\/\/nabytoklaguna.sk\/sk\/wp-json\/wp\/v2\/comments?post=107257"}],"wp:featuredmedia":[{"embeddable":true,"href":"https:\/\/nabytoklaguna.sk\/sk\/wp-json\/wp\/v2\/media\/107136"}],"wp:attachment":[{"href":"https:\/\/nabytoklaguna.sk\/sk\/wp-json\/wp\/v2\/media?parent=107257"}],"wp:term":[{"taxonomy":"product_brand","embeddable":true,"href":"https:\/\/nabytoklaguna.sk\/sk\/wp-json\/wp\/v2\/product_brand?post=107257"},{"taxonomy":"product_cat","embeddable":true,"href":"https:\/\/nabytoklaguna.sk\/sk\/wp-json\/wp\/v2\/product_cat?post=107257"},{"taxonomy":"product_tag","embeddable":true,"href":"https:\/\/nabytoklaguna.sk\/sk\/wp-json\/wp\/v2\/product_tag?post=107257"}],"curies":[{"name":"wp","href":"https:\/\/api.w.org\/{rel}","templated":true}]}}