{"id":107986,"date":"2022-04-04T11:35:34","date_gmt":"2022-04-04T09:35:34","guid":{"rendered":"https:\/\/nabytoklaguna.sk\/sk\/?post_type=product&#038;p=107986"},"modified":"2026-04-20T14:46:17","modified_gmt":"2026-04-20T12:46:17","slug":"k-tramp","status":"publish","type":"product","link":"https:\/\/nabytoklaguna.sk\/sk\/produkt\/k-tramp\/","title":{"rendered":"K TRAMP"},"content":{"rendered":"<p>Priestrann\u00e1 a pohodln\u00e1! Takto m\u00f4\u017eeme definova\u0165 sedaciu s\u00fapravu <strong>TRAMP<\/strong>. Hne\u010f na prv\u00fd poh\u013ead je sedacie s\u00faprava zauj\u00edmav\u00e1 svoj\u00edm pre\u0161it\u00edm \u010do jej dod\u00e1va nev\u0161edn\u00fd dizajn. O pohodln\u00e9 sedenie sa postaraj\u00fa tri vank\u00fa\u0161e, ktor\u00e9 sl\u00fa\u017eia ako opierka chrbta. Za p\u00e1r sek\u00fand premen\u00edte sedaciu s\u00fapravu na plochu pr\u00edle\u017eitostn\u00e9 spanie. \u00dalo\u017en\u00e9ho priestoru nie je nikdy dos\u0165, n\u00e1jdete ho v kon\u0161trukcii seda\u010dky. M\u00f4\u017eete do neho ulo\u017ei\u0165 veci, ktor\u00e9 potrebujete ma\u0165 po ruke. \u00a0Univerz\u00e1lne prevedenie\u00a0v\u00e1m umo\u017e\u0148uje zmontova\u0165 seda\u010dku s\u00a0otomanom na pravej alebo \u013eavej strane, vo\u013eba je na v\u00e1s<\/p>\n<h3 class=\"page-product-heading\">VLASTNOSTI<\/h3>\n<table class=\"table-data-sheet\">\n<tbody>\n<tr class=\"odd\">\n<td>H\u013abka<\/td>\n<td>180 cm<\/td>\n<\/tr>\n<tr class=\"even\">\n<td>\u0160\u00edrka<\/td>\n<td>257 cm<\/td>\n<\/tr>\n<tr class=\"odd\">\n<td>V\u00fd\u0161ka<\/td>\n<td>83 cm<\/td>\n<\/tr>\n<tr class=\"even\">\n<td>Vhodn\u00e1 miestnos\u0165<\/td>\n<td>ob\u00fdva\u010dka, spolo\u010densk\u00e1 miestnos\u0165, hotely, kaviarne<\/td>\n<\/tr>\n<tr class=\"odd\">\n<td>Typ n\u00e1bytku<\/td>\n<td>rohov\u00e1 sedacia s\u00faprava<\/td>\n<\/tr>\n<tr class=\"even\">\n<td>\u0160t\u00fdl n\u00e1bytku<\/td>\n<td>modern\u00fd<\/td>\n<\/tr>\n<tr class=\"odd\">\n<td>Z\u00e1ruka<\/td>\n<td>2 roky<\/td>\n<\/tr>\n<tr class=\"even\">\n<td>Sp\u00f4sob dodania<\/td>\n<td>demont v bal\u00edkoch<\/td>\n<\/tr>\n<tr class=\"odd\">\n<td>Hmotnos\u0165<\/td>\n<td>135kg<\/td>\n<\/tr>\n<tr class=\"even\">\n<td>\u00dalo\u017en\u00fd priestor<\/td>\n<td>\u00e1no<\/td>\n<\/tr>\n<tr class=\"odd\">\n<td>Rohov\u00e9 prevedenie<\/td>\n<td>\u00e1no<\/td>\n<\/tr>\n<tr class=\"even\">\n<td>V\u00fd\u0161ka sed\u00e1ka<\/td>\n<td>38cm<\/td>\n<\/tr>\n<tr class=\"odd\">\n<td>V\u00fd\u0161ka zadn\u00e9ho \u010dela<\/td>\n<td>max.83 cm<\/td>\n<\/tr>\n<tr class=\"even\">\n<td>Mo\u017enos\u0165 rozkladania<\/td>\n<td>\u00e1no<\/td>\n<\/tr>\n<tr class=\"odd\">\n<td>Plocha po rozlo\u017een\u00ed<\/td>\n<td>149\u00d7206 cm<\/td>\n<\/tr>\n<tr class=\"even\">\n<td>Kon\u0161trukcia<\/td>\n<td>DTD<\/td>\n<\/tr>\n<tr class=\"odd\">\n<td><\/td>\n<td><\/td>\n<\/tr>\n<tr class=\"even\">\n<td>Obsahuje vank\u00fa\u0161e<\/td>\n<td>\u00e1no<\/td>\n<\/tr>\n<tr class=\"odd\">\n<td>Nastavenie opierok<\/td>\n<td>nie<\/td>\n<\/tr>\n<tr class=\"even\">\n<td><\/td>\n<td><\/td>\n<\/tr>\n<\/tbody>\n<\/table>\n<p>Nastavenie displeja m\u00f4\u017ee sp\u00f4sobi\u0165 odch\u00fdlku vo farbe vzoriek po\u0165ahov\u00fdch l\u00e1tok.<\/p>\n","protected":false},"excerpt":{"rendered":"<p>Priestrann\u00e1 a pohodln\u00e1! Takto m\u00f4\u017eeme definova\u0165 sedaciu s\u00fapravu TRAMP. Hne\u010f na prv\u00fd poh\u013ead je sedacie s\u00faprava zauj\u00edmav\u00e1 svoj\u00edm pre\u0161it\u00edm \u010do jej dod\u00e1va nev\u0161edn\u00fd dizajn. O pohodln\u00e9 sedenie sa postaraj\u00fa tri vank\u00fa\u0161e, ktor\u00e9 sl\u00fa\u017eia ako opierka chrbta. Za p\u00e1r sek\u00fand premen\u00edte sedaciu s\u00fapravu na plochu pr\u00edle\u017eitostn\u00e9 spanie. \u00dalo\u017en\u00e9ho priestoru nie je nikdy dos\u0165, n\u00e1jdete ho v&#8230;<\/p>\n","protected":false},"featured_media":107988,"comment_status":"closed","ping_status":"closed","template":"","meta":{"_seopress_robots_primary_cat":"none","_seopress_titles_title":"","_seopress_titles_desc":"","_seopress_robots_index":""},"product_brand":[],"product_cat":[255,140],"product_tag":[],"class_list":{"0":"post-107986","1":"product","2":"type-product","3":"status-publish","4":"has-post-thumbnail","6":"product_cat-rohove-supravy","7":"product_cat-sedacie-supravy","9":"first","10":"onbackorder","11":"shipping-taxable","12":"purchasable","13":"product-type-variable"},"_links":{"self":[{"href":"https:\/\/nabytoklaguna.sk\/sk\/wp-json\/wp\/v2\/product\/107986","targetHints":{"allow":["GET"]}}],"collection":[{"href":"https:\/\/nabytoklaguna.sk\/sk\/wp-json\/wp\/v2\/product"}],"about":[{"href":"https:\/\/nabytoklaguna.sk\/sk\/wp-json\/wp\/v2\/types\/product"}],"replies":[{"embeddable":true,"href":"https:\/\/nabytoklaguna.sk\/sk\/wp-json\/wp\/v2\/comments?post=107986"}],"wp:featuredmedia":[{"embeddable":true,"href":"https:\/\/nabytoklaguna.sk\/sk\/wp-json\/wp\/v2\/media\/107988"}],"wp:attachment":[{"href":"https:\/\/nabytoklaguna.sk\/sk\/wp-json\/wp\/v2\/media?parent=107986"}],"wp:term":[{"taxonomy":"product_brand","embeddable":true,"href":"https:\/\/nabytoklaguna.sk\/sk\/wp-json\/wp\/v2\/product_brand?post=107986"},{"taxonomy":"product_cat","embeddable":true,"href":"https:\/\/nabytoklaguna.sk\/sk\/wp-json\/wp\/v2\/product_cat?post=107986"},{"taxonomy":"product_tag","embeddable":true,"href":"https:\/\/nabytoklaguna.sk\/sk\/wp-json\/wp\/v2\/product_tag?post=107986"}],"curies":[{"name":"wp","href":"https:\/\/api.w.org\/{rel}","templated":true}]}}