{"id":108053,"date":"2022-04-05T10:02:14","date_gmt":"2022-04-05T08:02:14","guid":{"rendered":"https:\/\/nabytoklaguna.sk\/sk\/?post_type=product&#038;p=108053"},"modified":"2023-12-12T13:11:11","modified_gmt":"2023-12-12T12:11:11","slug":"tempo-kondela-romualda-140","status":"publish","type":"product","link":"https:\/\/nabytoklaguna.sk\/sk\/produkt\/tempo-kondela-romualda-140\/","title":{"rendered":"TK ROMUALDA 140"},"content":{"rendered":"<p>Modern\u00e1, elegantn\u00e1 kombinovan\u00e1 skri\u0148a so zrkadlom Romualda s rozmerom 140 cm, pote\u0161\u00ed najme t\u00fdch, ktor\u00ed potrebuj\u00fa skri\u0148u men\u0161\u00edch rozmerov.\u00a0Skri\u0148a je ur\u010den\u00e1 do ka\u017edej\u00a0miestnosti v byte alebo dome. Vo vn\u00fatri sa o poriadok vo Va\u0161ich veciach postaraj\u00fa dve ve\u0161iakov\u00e9 ty\u010de, tri \u0161upl\u00edky a police. Vyroben\u00e1 je z kvalitnej laminovanej DTD, hr\u00fabka materi\u00e1lu 16 mm. Vyr\u00e1ba sa v troch farebn\u00fdch prevedeniach a tak si ju ur\u010dite jednoducho dolad\u00edte k svojmu interi\u00e9ru.<\/p>\n<p><strong>Parametre v\u00fdrobku<\/strong><\/p>\n<table border=\"0\" cellspacing=\"5\" cellpadding=\"1\">\n<tbody>\n<tr>\n<td><strong>Typ v\u00fdrobku<\/strong><\/td>\n<td>Skri\u0148a<\/td>\n<\/tr>\n<tr>\n<td><strong>Materi\u00e1l<\/strong><\/td>\n<td>DTD laminovan\u00e1\/sklo<\/td>\n<\/tr>\n<tr>\n<td><strong>Rozmery \u0161\/h\/v<br \/>\n<\/strong><\/td>\n<td>140x65x216cm<\/td>\n<\/tr>\n<tr>\n<td><strong>Balenie<\/strong><\/td>\n<td>demont<\/td>\n<\/tr>\n<tr>\n<td><strong>Z\u00e1ruka<\/strong><\/td>\n<td>2 roky<\/td>\n<\/tr>\n<\/tbody>\n<\/table>\n<p>&nbsp;<\/p>\n","protected":false},"excerpt":{"rendered":"<p>Modern\u00e1, elegantn\u00e1 kombinovan\u00e1 skri\u0148a so zrkadlom Romualda s rozmerom 140 cm, pote\u0161\u00ed najme t\u00fdch, ktor\u00ed potrebuj\u00fa skri\u0148u men\u0161\u00edch rozmerov.\u00a0Skri\u0148a je ur\u010den\u00e1 do ka\u017edej\u00a0miestnosti v byte alebo dome. Vo vn\u00fatri sa o poriadok vo Va\u0161ich veciach postaraj\u00fa dve ve\u0161iakov\u00e9 ty\u010de, tri \u0161upl\u00edky a police. Vyroben\u00e1 je z kvalitnej laminovanej DTD, hr\u00fabka materi\u00e1lu 16 mm. Vyr\u00e1ba sa&#8230;<\/p>\n","protected":false},"featured_media":108055,"comment_status":"closed","ping_status":"closed","template":"","meta":{"_seopress_robots_primary_cat":"none","_seopress_titles_title":"","_seopress_titles_desc":"","_seopress_robots_index":""},"product_brand":[],"product_cat":[1585,225],"product_tag":[],"class_list":{"0":"post-108053","1":"product","2":"type-product","3":"status-publish","4":"has-post-thumbnail","6":"product_cat-s-posuvnymi-dverami","7":"product_cat-skrine","9":"first","10":"onbackorder","11":"shipping-taxable","12":"purchasable","13":"product-type-variable"},"_links":{"self":[{"href":"https:\/\/nabytoklaguna.sk\/sk\/wp-json\/wp\/v2\/product\/108053","targetHints":{"allow":["GET"]}}],"collection":[{"href":"https:\/\/nabytoklaguna.sk\/sk\/wp-json\/wp\/v2\/product"}],"about":[{"href":"https:\/\/nabytoklaguna.sk\/sk\/wp-json\/wp\/v2\/types\/product"}],"replies":[{"embeddable":true,"href":"https:\/\/nabytoklaguna.sk\/sk\/wp-json\/wp\/v2\/comments?post=108053"}],"wp:featuredmedia":[{"embeddable":true,"href":"https:\/\/nabytoklaguna.sk\/sk\/wp-json\/wp\/v2\/media\/108055"}],"wp:attachment":[{"href":"https:\/\/nabytoklaguna.sk\/sk\/wp-json\/wp\/v2\/media?parent=108053"}],"wp:term":[{"taxonomy":"product_brand","embeddable":true,"href":"https:\/\/nabytoklaguna.sk\/sk\/wp-json\/wp\/v2\/product_brand?post=108053"},{"taxonomy":"product_cat","embeddable":true,"href":"https:\/\/nabytoklaguna.sk\/sk\/wp-json\/wp\/v2\/product_cat?post=108053"},{"taxonomy":"product_tag","embeddable":true,"href":"https:\/\/nabytoklaguna.sk\/sk\/wp-json\/wp\/v2\/product_tag?post=108053"}],"curies":[{"name":"wp","href":"https:\/\/api.w.org\/{rel}","templated":true}]}}