{"id":108087,"date":"2022-04-05T11:43:24","date_gmt":"2022-04-05T09:43:24","guid":{"rendered":"https:\/\/nabytoklaguna.sk\/sk\/?post_type=product&#038;p=108087"},"modified":"2023-12-12T11:56:07","modified_gmt":"2023-12-12T10:56:07","slug":"tempo-kondela-kaipo-200","status":"publish","type":"product","link":"https:\/\/nabytoklaguna.sk\/sk\/produkt\/tempo-kondela-kaipo-200\/","title":{"rendered":"TK KAIPO 200"},"content":{"rendered":"<p>Modern\u00e1 \u0161atn\u00edkov\u00e1 skri\u0148a KAIPO so zrkadlom a efektn\u00fdmi p\u00e1smi v podobe striebornej li\u0161ty rozhodne z\u00fatuln\u00ed v\u00e1\u0161 domov a zabezpe\u010d\u00ed, aby boli va\u0161e veci prakticky ulo\u017een\u00e9 a v poriadku. Je vyroben\u00e1 z laminovanej drevotriesky v sivom farebnom preveden\u00ed, ktor\u00e1 je pevn\u00fdm a odoln\u00fdm materi\u00e1lom. Skri\u0148a je rozdelen\u00e1 na dve \u010dasti, v jednej \u010dasti sa nach\u00e1dza ve\u0161iakov\u00e1 ty\u010d, v druhej polovici police. Pre lep\u0161iu manipul\u00e1ciu so skri\u0148ou sa na jednej strane posuvn\u00fdch dver\u00ed nach\u00e1dza\u00a0madlo.\u00a0Kombinovan\u00e1 skri\u0148a KAIPO je vhodn\u00e1 nielen do\u00a0sp\u00e1lne, ale \u0161ikovne dok\u00e1\u017ee vyplni\u0165 priestor na chodbe alebo hale.<\/p>\n<p><strong>Parametre v\u00fdrobku<\/strong><\/p>\n<table border=\"0\" cellspacing=\"5\" cellpadding=\"1\">\n<tbody>\n<tr>\n<td><strong>Typ v\u00fdrobku<\/strong><\/td>\n<td>Skri\u0148a<\/td>\n<\/tr>\n<tr>\n<td><strong>Materi\u00e1l<\/strong><\/td>\n<td>DTD laminovan\u00e1\/sklo<\/td>\n<\/tr>\n<tr>\n<td><strong>Rozmery \u0161\/h\/v<br \/>\n<\/strong><\/td>\n<td>200x62x216cm<\/td>\n<\/tr>\n<tr>\n<td><strong>Balenie<\/strong><\/td>\n<td>demont<\/td>\n<\/tr>\n<tr>\n<td><strong>Z\u00e1ruka<\/strong><\/td>\n<td>2 roky<\/td>\n<\/tr>\n<\/tbody>\n<\/table>\n","protected":false},"excerpt":{"rendered":"<p>Modern\u00e1 \u0161atn\u00edkov\u00e1 skri\u0148a KAIPO so zrkadlom a efektn\u00fdmi p\u00e1smi v podobe striebornej li\u0161ty rozhodne z\u00fatuln\u00ed v\u00e1\u0161 domov a zabezpe\u010d\u00ed, aby boli va\u0161e veci prakticky ulo\u017een\u00e9 a v poriadku. Je vyroben\u00e1 z laminovanej drevotriesky v sivom farebnom preveden\u00ed, ktor\u00e1 je pevn\u00fdm a odoln\u00fdm materi\u00e1lom. Skri\u0148a je rozdelen\u00e1 na dve \u010dasti, v jednej \u010dasti sa nach\u00e1dza ve\u0161iakov\u00e1&#8230;<\/p>\n","protected":false},"featured_media":108090,"comment_status":"closed","ping_status":"closed","template":"","meta":{"_seopress_robots_primary_cat":"none","_seopress_titles_title":"","_seopress_titles_desc":"","_seopress_robots_index":""},"product_brand":[],"product_cat":[1585,225],"product_tag":[],"class_list":{"0":"post-108087","1":"product","2":"type-product","3":"status-publish","4":"has-post-thumbnail","6":"product_cat-s-posuvnymi-dverami","7":"product_cat-skrine","9":"first","10":"onbackorder","11":"shipping-taxable","12":"purchasable","13":"product-type-simple"},"_links":{"self":[{"href":"https:\/\/nabytoklaguna.sk\/sk\/wp-json\/wp\/v2\/product\/108087","targetHints":{"allow":["GET"]}}],"collection":[{"href":"https:\/\/nabytoklaguna.sk\/sk\/wp-json\/wp\/v2\/product"}],"about":[{"href":"https:\/\/nabytoklaguna.sk\/sk\/wp-json\/wp\/v2\/types\/product"}],"replies":[{"embeddable":true,"href":"https:\/\/nabytoklaguna.sk\/sk\/wp-json\/wp\/v2\/comments?post=108087"}],"wp:featuredmedia":[{"embeddable":true,"href":"https:\/\/nabytoklaguna.sk\/sk\/wp-json\/wp\/v2\/media\/108090"}],"wp:attachment":[{"href":"https:\/\/nabytoklaguna.sk\/sk\/wp-json\/wp\/v2\/media?parent=108087"}],"wp:term":[{"taxonomy":"product_brand","embeddable":true,"href":"https:\/\/nabytoklaguna.sk\/sk\/wp-json\/wp\/v2\/product_brand?post=108087"},{"taxonomy":"product_cat","embeddable":true,"href":"https:\/\/nabytoklaguna.sk\/sk\/wp-json\/wp\/v2\/product_cat?post=108087"},{"taxonomy":"product_tag","embeddable":true,"href":"https:\/\/nabytoklaguna.sk\/sk\/wp-json\/wp\/v2\/product_tag?post=108087"}],"curies":[{"name":"wp","href":"https:\/\/api.w.org\/{rel}","templated":true}]}}