{"id":10818,"date":"2021-02-22T16:54:36","date_gmt":"2021-02-22T15:54:36","guid":{"rendered":"http:\/\/nabytoklaguna.sk\/sk\/?post_type=product&#038;p=10818"},"modified":"2025-04-29T11:36:44","modified_gmt":"2025-04-29T09:36:44","slug":"rea-lary-s4","status":"publish","type":"product","link":"https:\/\/nabytoklaguna.sk\/sk\/produkt\/rea-lary-s4\/","title":{"rendered":"DREVONA REA LARY S4\/200"},"content":{"rendered":"<p>\u0160atn\u00edkov\u00e1 skri\u0148a. Obe \u010dasti s\u00fa policov\u00e9. Kvalitn\u00fd slovensk\u00fd v\u00fdrobok s mo\u017enos\u0165ou v\u00fdberu farebn\u00e9ho prevedenia pod\u013ea ponuky.<\/p>\n<p><strong>Rozmery<\/strong><\/p>\n<p><strong>\u0160xHxV:\u00a0<\/strong> 100x40x200cm<\/p>\n","protected":false},"excerpt":{"rendered":"<p><img loading=\"lazy\" decoding=\"async\" class=\"alignnone size-full wp-image-10821\" src=\"http:\/\/nabytoklaguna.sk\/sk\/wp-content\/uploads\/2017\/03\/slovensk\u00fd-znak-5.png\" alt=\"\" width=\"126\" height=\"126\" srcset=\"https:\/\/nabytoklaguna.sk\/sk\/wp-content\/uploads\/2017\/03\/slovensk\u00fd-znak-5.png 126w, https:\/\/nabytoklaguna.sk\/sk\/wp-content\/uploads\/2017\/03\/slovensk\u00fd-znak-5-100x100.png 100w\" sizes=\"auto, (max-width: 126px) 100vw, 126px\" \/><\/p>\n","protected":false},"featured_media":10819,"comment_status":"closed","ping_status":"closed","template":"","meta":{"_seopress_robots_primary_cat":"225","_seopress_titles_title":"","_seopress_titles_desc":"","_seopress_robots_index":""},"product_brand":[],"product_cat":[225,1586],"product_tag":[],"class_list":{"0":"post-10818","1":"product","2":"type-product","3":"status-publish","4":"has-post-thumbnail","6":"product_cat-skrine","7":"product_cat-klasicky-otvaracie","8":"pa_farba-biela","9":"pa_farba-buk","10":"pa_farba-dub-bardolino","11":"pa_farba-dub-canyon","12":"pa_farba-graphite","13":"pa_farba-navarra","14":"pa_farba-orech-rockpile","15":"pa_farba-venge","17":"first","18":"onbackorder","19":"shipping-taxable","20":"purchasable","21":"product-type-variable"},"_links":{"self":[{"href":"https:\/\/nabytoklaguna.sk\/sk\/wp-json\/wp\/v2\/product\/10818","targetHints":{"allow":["GET"]}}],"collection":[{"href":"https:\/\/nabytoklaguna.sk\/sk\/wp-json\/wp\/v2\/product"}],"about":[{"href":"https:\/\/nabytoklaguna.sk\/sk\/wp-json\/wp\/v2\/types\/product"}],"replies":[{"embeddable":true,"href":"https:\/\/nabytoklaguna.sk\/sk\/wp-json\/wp\/v2\/comments?post=10818"}],"wp:featuredmedia":[{"embeddable":true,"href":"https:\/\/nabytoklaguna.sk\/sk\/wp-json\/wp\/v2\/media\/10819"}],"wp:attachment":[{"href":"https:\/\/nabytoklaguna.sk\/sk\/wp-json\/wp\/v2\/media?parent=10818"}],"wp:term":[{"taxonomy":"product_brand","embeddable":true,"href":"https:\/\/nabytoklaguna.sk\/sk\/wp-json\/wp\/v2\/product_brand?post=10818"},{"taxonomy":"product_cat","embeddable":true,"href":"https:\/\/nabytoklaguna.sk\/sk\/wp-json\/wp\/v2\/product_cat?post=10818"},{"taxonomy":"product_tag","embeddable":true,"href":"https:\/\/nabytoklaguna.sk\/sk\/wp-json\/wp\/v2\/product_tag?post=10818"}],"curies":[{"name":"wp","href":"https:\/\/api.w.org\/{rel}","templated":true}]}}