{"id":108198,"date":"2022-04-06T13:57:18","date_gmt":"2022-04-06T11:57:18","guid":{"rendered":"https:\/\/nabytoklaguna.sk\/sk\/?post_type=product&#038;p=108198"},"modified":"2025-09-25T11:21:15","modified_gmt":"2025-09-25T09:21:15","slug":"tempo-kondela-dorlen-2-new","status":"publish","type":"product","link":"https:\/\/nabytoklaguna.sk\/sk\/produkt\/tempo-kondela-dorlen-2-new\/","title":{"rendered":"K DORLEN 2 NEW"},"content":{"rendered":"<p><strong>Kr\u00e1sna, elegantn\u00e1 a nad\u010dasov\u00e1<\/strong>, tak\u00e1 je poste\u013e <strong>DORLEN. <\/strong>Univerz\u00e1lne prevedenie\u00a0v\u00a0bielej ekoko\u017ei\u00a0o\u017eiv\u00ed ka\u017ed\u00fd priestor<strong>.<\/strong> <strong>DORLEN NEW<\/strong> m\u00e1\u00a0<strong>v\u00fdklopn\u00fd lamelov\u00fd ro\u0161t<\/strong>, pod ktor\u00fdm sa rozprestiera\u00a0<strong>\u00falo\u017en\u00fd priestor<\/strong> vhodn\u00fd na odlo\u017eenie prikr\u00fdvok, diek, vank\u00fa\u0161ov. Poste\u013e je dod\u00e1van\u00e1 bez matraca. K posteli odpor\u00fa\u010dame\u00a0 zak\u00fapi\u0165 matrac v rozmere 163&#215;200 alebo 183x200cm<\/p>\n<ul>\n<li><b>Materi\u00e1l:<\/b>\u00a0ekoko\u017ea<\/li>\n<li><b>Farba:<\/b>\u00a0biela<\/li>\n<li><b>Rozmery (\u0160xHxV):<\/b> 175x223x100 cm, <b>Plocha na spanie (\u0160xD):<\/b>\u00a0163\u00d7200 cm<\/li>\n<li><b>Rozmery (\u0160xHxV):<\/b> 195x223x100 cm, <b>Plocha na spanie (\u0160xD):<\/b>\u00a0183\u00d7200 cm<\/li>\n<li><b>V\u00fd\u0161ka po ro\u0161t:<\/b> 33cm<\/li>\n<li>V\u00fdklopn\u00fd lamelov\u00fd ro\u0161t<\/li>\n<li>Dod\u00e1van\u00e9 v demonte<\/li>\n<\/ul>\n<table style=\"width: 100%; height: 991px;\" border=\"0\" cellspacing=\"1\" cellpadding=\"1\">\n<tbody>\n<tr style=\"height: 535px;\">\n<td style=\"width: 28.6224%; height: 535px;\"><b>Matrac CATANIA ECO<\/b><\/p>\n<p><img decoding=\"async\" src=\"https:\/\/nabytoklaguna.sk\/sk\/wp-content\/uploads\/2017\/11\/111-311.jpg\" \/><\/td>\n<td style=\"width: 71.2348%; height: 535px;\"><b>V\u00fdrobca skombinoval dve PUR peny a RE penu<\/b>, aby dosiahol maxim\u00e1lne pohodlie po\u010das sp\u00e1nku. Mas\u00e1\u017ene nopky na povrchu matraca zabezpe\u010duj\u00fa optim\u00e1lne prekrvenie poko\u017eky.\u00a0<b>PUR pena<\/b>\u00a0je ve\u013emi ob\u013e\u00faben\u00e1 pri v\u00fdrobe matracov. Vynik\u00e1 v\u00fdborn\u00fdmi vlastnos\u0165ami. Matrac z PUR peny je\u00a0<b>na za\u010diatku tuh\u0161\u00ed, pou\u017e\u00edvan\u00edm sa st\u00e1va komfortnej\u0161\u00edm<\/b>\u00a0bez toho, aby str\u00e1cal na objeme. Matrace z PUR peny s\u00fa ve\u013emi ob\u013e\u00faben\u00e9 kv\u00f4li svojim\u00a0<b>ortopedick\u00fdm a antialergick\u00fdm vlastnostiam<\/b>. Navy\u0161e maj\u00fa n\u00edzku hmotnos\u0165, a preto sa s nimi \u013eahko a jednoducho manipuluje. Najv\u00e4\u010d\u0161ou v\u00fdhodou tejto peny je\u00a0<b>odolnos\u0165 vo\u010di prele\u017eaniu<\/b>, \u010do je naj\u010dastej\u0161\u00ed d\u00f4vod v\u00fdmeny matraca.\u00a0<b>RE pena<\/b>\u00a0je\u00a0<b>recyklovan\u00e1 drven\u00e1 pena<\/b>, ktor\u00e1 sa vyr\u00e1ba sp\u00e1jan\u00edm r\u00f4znych materi\u00e1lov, preva\u017ene s\u00fa to studen\u00e9 peny, PUR peny a flexifoam peny. Jednotliv\u00e9 k\u00fasky sa k sebe sp\u00e1jaj\u00fa lisovan\u00edm pod vysok\u00fdm tlakom. RE pena dod\u00e1va matracu\u00a0<b>v\u00e4\u010d\u0161iu tuhos\u0165, t\u00fdm zvy\u0161uje aj jeho nosnos\u0165<\/b>. Matrac je\u00a0<b>obojstrann\u00fd<\/b>, \u010do zvy\u0161uje jeho hodnotu. Preto je vhodn\u00fd aj na\u00a0<b>v\u00fdklopn\u00fd ro\u0161t<\/b>. Matrac je dod\u00e1van\u00fd s<b>\u00a0kvalitn\u00fdm po\u0165ahom SILVER<\/b>, ktor\u00fd je mo\u017eno zvliec\u0165 a vypra\u0165 v pr\u00e1\u010dke pri teplote 60 \u00b0C. So\u00a0<b>zipsom<\/b>\u00a0po celom obvode. Je vyroben\u00fd zo 100% polyestera. Po\u0165ahov\u00e1 l\u00e1tka so \u0161peci\u00e1lnou \u00fapravou SILVER, ktor\u00e1 blokuje a redukuje tvorbu \u0161kodliv\u00fdch z\u00e1rodkov a bakt\u00e9ri\u00ed na matracoch.\u00a0<b>Vysoko kvalitn\u00fd, striebrom ionizovan\u00fd povrch po\u0165ahu m\u00e1 antimikrobi\u00e1lny \u00fa\u010dinok<\/b>. Mo\u017enos\u0165 objedna\u0165 aj s po\u0165ahom ALOE VERA.<\/p>\n<ul>\n<li><b>V\u00fd\u0161ka matraca:<\/b>\u00a013 cm<\/li>\n<li><b>Nosnos\u0165:<\/b> 110 kg<\/li>\n<\/ul>\n<\/td>\n<\/tr>\n<tr style=\"height: 456px;\">\n<td style=\"width: 28.6224%; height: 456px;\"><strong>Matrac KOKOS MEDIUM<\/strong><\/p>\n<p><img decoding=\"async\" src=\"https:\/\/nabytoklaguna.sk\/sk\/wp-content\/uploads\/2021\/01\/matrac-kokos-medium-jednostranny-610x610.png\" \/><\/td>\n<td style=\"width: 71.2348%; height: 456px;\">Princ\u00edpom tohto\u00a0<b>typu matraca<\/b>\u00a0je\u00a0<b>pru\u017einov\u00e9 jadro<\/b>, kde pru\u017einy s\u00fa navz\u00e1jom posp\u00e1jan\u00e9. Pru\u017einov\u00e9 jadro v matraci s jednostrannou kokosovou doskou je oblo\u017een\u00e9 z jednej strany\u00a0<b>latexovanou kokosovou doskou<\/b>,\u00a0<b>polyuretanovou penou T25 -15 mm<\/b>\u00a0a\u00a0<b>lisovanou pls\u0165ou<\/b>, z druhej strany vrstvou\u00a0<b>stla\u010denej plste a polyuret\u00e1novou penou T25-20 so zv\u00fd\u0161enou pru\u017enos\u0165ou<\/b>.\u00a0<b>Kokosov\u00e1 doska<\/b>\u00a0je vyroben\u00e1 z pr\u00edrodn\u00fdch\u00a0<b>kokosov\u00fdch vl\u00e1kien<\/b>. Tieto vl\u00e1kna sa z\u00edskavaj\u00fa z vl\u00e1knit\u00e9ho obalu\u00a0<b>kokosov\u00e9ho orecha<\/b>.\u00a0<b>Polyuret\u00e1nov\u00e1 pena<\/b>\u00a0patr\u00ed medzi z\u00e1kladn\u00e9 materi\u00e1ly pri v\u00fdrobe matracov. Jej vlastnosti sa pou\u017e\u00edvan\u00edm menia. Pri prvom pou\u017eit\u00ed vynik\u00e1 tuhos\u0165ou, ktor\u00e1 sa pou\u017e\u00edvan\u00edm men\u00ed k pr\u00edjemnej\u0161iemu\u00a0<b>komfortu pri le\u017ean\u00ed<\/b>. Je vyr\u00e1ban\u00e1 z\u00a0<b>kvalitn\u00fdch surov\u00edn<\/b>\u00a0a\u00a0<b>materi\u00e1lov<\/b>, bezpe\u010dnou technol\u00f3giou nepo\u0161kodzuj\u00facou oz\u00f3nov\u00fa vrstvu. Je to zdravotne nez\u00e1vadn\u00fd materi\u00e1l, ktor\u00fd sa be\u017ene pou\u017e\u00edva v detsk\u00fdch postie\u013ekach, v nemocniciach a aj v na\u0161ich matracoch.\u00a0<b>Bonelov\u00e9 pru\u017einy<\/b>\u00a0v tvare pres\u00fdpac\u00edch hod\u00edn s\u00fa\u00a0<b>navz\u00e1jom posp\u00e1jan\u00e9 oce\u013eovou cievkou a zabezpe\u010duj\u00fa rovnak\u00fa tvrdos\u0165 matraca po dlh\u00e9 roky pou\u017e\u00edvania<\/b>. T\u00fdm sa zara\u010fuj\u00fa medzi najodolnej\u0161ie matrace. Siln\u00e1 \u0161trukt\u00fara viazania zabra\u0148uje vyt\u00e1\u010daniu pru\u017e\u00edn a r\u00fdchlemu znehodnoteniu matraca. Matrace s\u00a0<b>bonelov\u00fdmi pru\u017einami<\/b>\u00a0poskytuj\u00fa telu pri le\u017ean\u00ed pevn\u00fa oporu, ergonomick\u00e9 vlastnosti nadob\u00fadaj\u00fa \u010dlenen\u00edm na z\u00f3ny. V\u010faka\u00a0<b>vysokej vzdu\u0161nosti<\/b>\u00a0je znemo\u017enen\u00e9 mno\u017eenie mikroorganizmov, \u010do ocenia najm\u00e4 alergici. Nosnos\u0165 matraca je na\u00a0<b>molitanovej strane 80 kg<\/b>, na strane\u00a0<b>s kokosovou doskou 100 kg<\/b>. Po\u0165ah je vyroben\u00fd z\u00a0<b>\u010dal\u00fannickej l\u00e1tky<\/b>, obojstranne pre\u0161\u00edvan\u00fd\u00a0<b>antialergick\u00fdm jokom 80g\/m2<\/b>.<\/p>\n<ul>\n<li><b>V\u00fd\u0161ka matraca:<\/b>\u00a016 cm<\/li>\n<li><b>Nosnos\u0165 <\/b>\u00a0100 kg<\/li>\n<\/ul>\n<\/td>\n<\/tr>\n<\/tbody>\n<\/table>\n","protected":false},"excerpt":{"rendered":"<p>Kr\u00e1sna, elegantn\u00e1 a nad\u010dasov\u00e1, tak\u00e1 je poste\u013e DORLEN. Univerz\u00e1lne prevedenie\u00a0v\u00a0bielej ekoko\u017ei\u00a0o\u017eiv\u00ed ka\u017ed\u00fd priestor. DORLEN NEW m\u00e1\u00a0v\u00fdklopn\u00fd lamelov\u00fd ro\u0161t, pod ktor\u00fdm sa rozprestiera\u00a0\u00falo\u017en\u00fd priestor vhodn\u00fd na odlo\u017eenie prikr\u00fdvok, diek, vank\u00fa\u0161ov. Poste\u013e je dod\u00e1van\u00e1 bez matraca. K posteli odpor\u00fa\u010dame\u00a0 zak\u00fapi\u0165 matrac v rozmere 163&#215;200 alebo 183x200cm Materi\u00e1l:\u00a0ekoko\u017ea Farba:\u00a0biela Rozmery (\u0160xHxV): 175x223x100 cm, Plocha na spanie (\u0160xD):\u00a0163\u00d7200 cm&#8230;<\/p>\n","protected":false},"featured_media":108200,"comment_status":"closed","ping_status":"closed","template":"","meta":{"_seopress_robots_primary_cat":"none","_seopress_titles_title":"","_seopress_titles_desc":"","_seopress_robots_index":""},"product_brand":[],"product_cat":[4012,228],"product_tag":[],"class_list":{"0":"post-108198","1":"product","2":"type-product","3":"status-publish","4":"has-post-thumbnail","6":"product_cat-postele","7":"product_cat-calunene-postele","8":"pa_typ-produktu-s-matracom-catania-eco","9":"pa_typ-produktu-s-matracom-kokos-medium","10":"pa_typ-produktu-s-rostom-bez-matraca-2","12":"first","13":"onbackorder","14":"shipping-taxable","15":"purchasable","16":"product-type-variable"},"_links":{"self":[{"href":"https:\/\/nabytoklaguna.sk\/sk\/wp-json\/wp\/v2\/product\/108198","targetHints":{"allow":["GET"]}}],"collection":[{"href":"https:\/\/nabytoklaguna.sk\/sk\/wp-json\/wp\/v2\/product"}],"about":[{"href":"https:\/\/nabytoklaguna.sk\/sk\/wp-json\/wp\/v2\/types\/product"}],"replies":[{"embeddable":true,"href":"https:\/\/nabytoklaguna.sk\/sk\/wp-json\/wp\/v2\/comments?post=108198"}],"wp:featuredmedia":[{"embeddable":true,"href":"https:\/\/nabytoklaguna.sk\/sk\/wp-json\/wp\/v2\/media\/108200"}],"wp:attachment":[{"href":"https:\/\/nabytoklaguna.sk\/sk\/wp-json\/wp\/v2\/media?parent=108198"}],"wp:term":[{"taxonomy":"product_brand","embeddable":true,"href":"https:\/\/nabytoklaguna.sk\/sk\/wp-json\/wp\/v2\/product_brand?post=108198"},{"taxonomy":"product_cat","embeddable":true,"href":"https:\/\/nabytoklaguna.sk\/sk\/wp-json\/wp\/v2\/product_cat?post=108198"},{"taxonomy":"product_tag","embeddable":true,"href":"https:\/\/nabytoklaguna.sk\/sk\/wp-json\/wp\/v2\/product_tag?post=108198"}],"curies":[{"name":"wp","href":"https:\/\/api.w.org\/{rel}","templated":true}]}}