{"id":108236,"date":"2022-04-07T09:21:18","date_gmt":"2022-04-07T07:21:18","guid":{"rendered":"https:\/\/nabytoklaguna.sk\/sk\/?post_type=product&#038;p=108236"},"modified":"2025-09-24T15:15:40","modified_gmt":"2025-09-24T13:15:40","slug":"k-riana","status":"publish","type":"product","link":"https:\/\/nabytoklaguna.sk\/sk\/produkt\/k-riana\/","title":{"rendered":"K RIANA"},"content":{"rendered":"<p><strong>Luxusn\u00e1 boxspringov\u00e1<\/strong> poste\u013e<strong> RIANA<\/strong> sa postar\u00e1 o maxim\u00e1lne pohodlie. \u010cist\u00fd dizajn a prec\u00edzne spracovanie spolu\u00a0 predur\u010duj\u00fa poste\u013e RIANA sta\u0165 sa dominantou Va\u0161ej sp\u00e1lne. Poste\u013e je \u010dal\u00fanen\u00e1 l\u00e1tkou Colet v svetlosivej alebo v mentolovej farbe. Dokonal\u00fd odpo\u010dinok zabezpe\u010duje kvalitn\u00fd matrac z bonelov\u00fdch pru\u017e\u00edn. Kon\u0161trukcia postele je dreven\u00e1, pevn\u00e1 a zaru\u010duje nosnos\u0165 na jedno l\u00f4\u017eko od 70 kg do 120 kg. Vysok\u00e9 \u010delo p\u00f4sob\u00ed v\u010faka obl\u00fdm hran\u00e1m m\u00e4kko a ne\u017ene. \u010cal\u00fanenie je dekorat\u00edvne pre\u0161it\u00e9, \u010do dod\u00e1va posteli n\u00e1dych elegancie. Spodn\u00e1 kon\u0161trukcia je dreven\u00e1, \u010dal\u00fanen\u00e1 l\u00e1tkou, nahr\u00e1dza klasick\u00fd lamelov\u00fd ro\u0161t. Na nej je matrac, ktor\u00fd obsahuje kvalitn\u00e9 jadro z bonelov\u00fdch pru\u017e\u00edn. Ur\u010dite ocen\u00edte aj \u00falo\u017en\u00fd priestor, ktor\u00fd je s\u00fa\u010das\u0165ou postele. Dostanete sa k nemu vyklopen\u00edm ro\u0161tovej dosky s matracom. Pri posteliach s rozmerom 120 a 140 cm je \u00falo\u017en\u00fd priestor pr\u00edstupn\u00fd od n\u00f4h, postele 160 a 180 cm maj\u00fa \u00falo\u017en\u00fd priestor pr\u00edstupn\u00fd zboku postele. Pon\u00fakame v\u00e1m mo\u017enos\u0165 objednania aj v in\u00fdch farebn\u00fdch prevedeniach l\u00e1tky Colet. Cena postele sa nemen\u00ed. Vyberajte pod\u013ea vzorkovn\u00edka. Svoj v\u00fdber pozna\u010dte priamo do pozn\u00e1mky v objedn\u00e1vkovom formul\u00e1ri.<\/p>\n<div class=\"text\">\n<ul>\n<li><b>Materi\u00e1l:<\/b> l\u00e1tka Colet 04, l\u00e1tka Colet 83<\/li>\n<li><b>Farba:<\/b> svetlosiv\u00e1, mentolov\u00e1<\/li>\n<li><b>Rozmery (\u0160xHxV):<\/b>\u00a0180x215x90 cm,\u00a0<b>Plocha na spanie (\u0160xD):<\/b>\u00a0180\u00d7200 cm<\/li>\n<li><b>Rozmery (\u0160xHxV):<\/b>\u00a0160x215x90 cm,\u00a0<b>Plocha na spanie (\u0160xD):<\/b>\u00a0160\u00d7200 cm<\/li>\n<li><b>Rozmery (\u0160xHxV):<\/b>\u00a0140x215x90 cm,\u00a0<b>Plocha na spanie (\u0160xD):<\/b>\u00a0140\u00d7200 cm<\/li>\n<li><b>Rozmery (\u0160xHxV):<\/b>\u00a0120x215x90 cm,\u00a0<b>Plocha na spanie (\u0160xD):<\/b>\u00a0120\u00d7200 cm<\/li>\n<li><b>V\u00fd\u0161ka l\u00f4\u017eka:<\/b>\u00a049 cm<\/li>\n<li><b>Nosnos\u0165:od\u00a0<\/b><\/li>\n<li>Dod\u00e1van\u00e9 s matracom<\/li>\n<li>Matrac s jadrom z bonelov\u00fdch pru\u017e\u00edn<\/li>\n<li>Pevn\u00e1 spodn\u00e1 dreven\u00e1 kon\u0161trukcia \u010dal\u00fanen\u00e1 l\u00e1tkou<\/li>\n<li>Bez pr\u00eddavnej krycej podlo\u017eky<\/li>\n<li>S \u00falo\u017en\u00fdm priestorom<\/li>\n<li>Dod\u00e1van\u00e9 v demonte<\/li>\n<\/ul>\n<\/div>\n","protected":false},"excerpt":{"rendered":"<p>Luxusn\u00e1 boxspringov\u00e1 poste\u013e RIANA sa postar\u00e1 o maxim\u00e1lne pohodlie. \u010cist\u00fd dizajn a prec\u00edzne spracovanie spolu\u00a0 predur\u010duj\u00fa poste\u013e RIANA sta\u0165 sa dominantou Va\u0161ej sp\u00e1lne. Poste\u013e je \u010dal\u00fanen\u00e1 l\u00e1tkou Colet v svetlosivej alebo v mentolovej farbe. Dokonal\u00fd odpo\u010dinok zabezpe\u010duje kvalitn\u00fd matrac z bonelov\u00fdch pru\u017e\u00edn. Kon\u0161trukcia postele je dreven\u00e1, pevn\u00e1 a zaru\u010duje nosnos\u0165 na jedno l\u00f4\u017eko od 70&#8230;<\/p>\n","protected":false},"featured_media":108242,"comment_status":"closed","ping_status":"closed","template":"","meta":{"_seopress_robots_primary_cat":"none","_seopress_titles_title":"","_seopress_titles_desc":"","_seopress_robots_index":""},"product_brand":[],"product_cat":[4012,617],"product_tag":[],"class_list":{"0":"post-108236","1":"product","2":"type-product","3":"status-publish","4":"has-post-thumbnail","6":"product_cat-postele","7":"product_cat-boxspring-postele","8":"pa_farba-latka-svetlosiva","9":"pa_farba-mentolova","11":"first","12":"instock","13":"shipping-taxable","14":"purchasable","15":"product-type-variable"},"_links":{"self":[{"href":"https:\/\/nabytoklaguna.sk\/sk\/wp-json\/wp\/v2\/product\/108236","targetHints":{"allow":["GET"]}}],"collection":[{"href":"https:\/\/nabytoklaguna.sk\/sk\/wp-json\/wp\/v2\/product"}],"about":[{"href":"https:\/\/nabytoklaguna.sk\/sk\/wp-json\/wp\/v2\/types\/product"}],"replies":[{"embeddable":true,"href":"https:\/\/nabytoklaguna.sk\/sk\/wp-json\/wp\/v2\/comments?post=108236"}],"wp:featuredmedia":[{"embeddable":true,"href":"https:\/\/nabytoklaguna.sk\/sk\/wp-json\/wp\/v2\/media\/108242"}],"wp:attachment":[{"href":"https:\/\/nabytoklaguna.sk\/sk\/wp-json\/wp\/v2\/media?parent=108236"}],"wp:term":[{"taxonomy":"product_brand","embeddable":true,"href":"https:\/\/nabytoklaguna.sk\/sk\/wp-json\/wp\/v2\/product_brand?post=108236"},{"taxonomy":"product_cat","embeddable":true,"href":"https:\/\/nabytoklaguna.sk\/sk\/wp-json\/wp\/v2\/product_cat?post=108236"},{"taxonomy":"product_tag","embeddable":true,"href":"https:\/\/nabytoklaguna.sk\/sk\/wp-json\/wp\/v2\/product_tag?post=108236"}],"curies":[{"name":"wp","href":"https:\/\/api.w.org\/{rel}","templated":true}]}}