{"id":109333,"date":"2022-05-18T15:58:03","date_gmt":"2022-05-18T13:58:03","guid":{"rendered":"https:\/\/nabytoklaguna.sk\/sk\/?post_type=product&#038;p=109333"},"modified":"2026-04-15T09:47:09","modified_gmt":"2026-04-15T07:47:09","slug":"ht-430","status":"publish","type":"product","link":"https:\/\/nabytoklaguna.sk\/sk\/produkt\/ht-430\/","title":{"rendered":"AUT HT-430"},"content":{"rendered":"<p>Dizajnov\u00fd jed\u00e1lensk\u00fd st\u00f4l s rozmerom 110 + 40 x 75 cm zaujme svojim nad\u010dasov\u00fdm dizajnom aj skvel\u00fdm spracovan\u00edm detailu a v neposlednom rade aj farbou. Vrchn\u00e1 stolov\u00e1 doska je tvrden\u00e9ho skla hr. 4 mm. Podkladov\u00e1 doska, centr\u00e1lna noha a\u00a0 podesta je\u00a0 z MDF . Zo spodnej \u010dasti opatren\u00e1 plastov\u00fdmi klz\u00e1kmi, eleminuj\u00facimi po\u0161kodenie povrchov tvrd\u00fdch podl\u00e1h. Mechanick\u00e9 s\u00fa\u010dasti s\u00fa kovov\u00e9. Mo\u017enos\u0165 v\u00fdberu farebn\u00e9ho prevedenia: \u010dierna matn\u00e1, cappuccino, biela matn\u00e1<\/p>\n<p><strong>Rozmery:<\/strong><\/p>\n<p>\u0161\u00edrka: 110+40 cm<\/p>\n<p>h\u013abka: 75 cm<\/p>\n<p>v\u00fd\u0161ka: 76 cm<\/p>\n<p>dod\u00e1van\u00e9 v demonte<\/p>\n<p><strong>Hmotnos\u0165:<\/strong>\u00a068 kg<\/p>\n","protected":false},"excerpt":{"rendered":"<p>Dizajnov\u00fd jed\u00e1lensk\u00fd st\u00f4l s rozmerom 110 + 40 x 75 cm zaujme svojim nad\u010dasov\u00fdm dizajnom aj skvel\u00fdm spracovan\u00edm detailu a v neposlednom rade aj farbou. Vrchn\u00e1 stolov\u00e1 doska je tvrden\u00e9ho skla hr. 4 mm. Podkladov\u00e1 doska, centr\u00e1lna noha a\u00a0 podesta je\u00a0 z MDF . Zo spodnej \u010dasti opatren\u00e1 plastov\u00fdmi klz\u00e1kmi, eleminuj\u00facimi po\u0161kodenie povrchov tvrd\u00fdch podl\u00e1h&#8230;.<\/p>\n","protected":false},"featured_media":109335,"comment_status":"closed","ping_status":"closed","template":"","meta":{"_seopress_robots_primary_cat":"none","_seopress_titles_title":"","_seopress_titles_desc":"","_seopress_robots_index":""},"product_brand":[],"product_cat":[4720,243],"product_tag":[],"class_list":{"0":"post-109333","1":"product","2":"type-product","3":"status-publish","4":"has-post-thumbnail","6":"product_cat-jedalenske-stoly-stoly","7":"product_cat-stoly","8":"pa_farba-cappuccino","9":"pa_farba-biela","10":"pa_farba-cierna-2","12":"first","13":"onbackorder","14":"sale","15":"shipping-taxable","16":"purchasable","17":"product-type-variable"},"_links":{"self":[{"href":"https:\/\/nabytoklaguna.sk\/sk\/wp-json\/wp\/v2\/product\/109333","targetHints":{"allow":["GET"]}}],"collection":[{"href":"https:\/\/nabytoklaguna.sk\/sk\/wp-json\/wp\/v2\/product"}],"about":[{"href":"https:\/\/nabytoklaguna.sk\/sk\/wp-json\/wp\/v2\/types\/product"}],"replies":[{"embeddable":true,"href":"https:\/\/nabytoklaguna.sk\/sk\/wp-json\/wp\/v2\/comments?post=109333"}],"wp:featuredmedia":[{"embeddable":true,"href":"https:\/\/nabytoklaguna.sk\/sk\/wp-json\/wp\/v2\/media\/109335"}],"wp:attachment":[{"href":"https:\/\/nabytoklaguna.sk\/sk\/wp-json\/wp\/v2\/media?parent=109333"}],"wp:term":[{"taxonomy":"product_brand","embeddable":true,"href":"https:\/\/nabytoklaguna.sk\/sk\/wp-json\/wp\/v2\/product_brand?post=109333"},{"taxonomy":"product_cat","embeddable":true,"href":"https:\/\/nabytoklaguna.sk\/sk\/wp-json\/wp\/v2\/product_cat?post=109333"},{"taxonomy":"product_tag","embeddable":true,"href":"https:\/\/nabytoklaguna.sk\/sk\/wp-json\/wp\/v2\/product_tag?post=109333"}],"curies":[{"name":"wp","href":"https:\/\/api.w.org\/{rel}","templated":true}]}}