{"id":109348,"date":"2022-05-18T16:31:49","date_gmt":"2022-05-18T14:31:49","guid":{"rendered":"https:\/\/nabytoklaguna.sk\/sk\/?post_type=product&#038;p=109348"},"modified":"2026-04-01T03:59:00","modified_gmt":"2026-04-01T01:59:00","slug":"ahg-260-oak","status":"publish","type":"product","link":"https:\/\/nabytoklaguna.sk\/sk\/produkt\/ahg-260-oak\/","title":{"rendered":"AHG-260 OAK"},"content":{"rendered":"<p>Modern\u00fd konferen\u010dn\u00fd stol\u00edk zaujme\u00a0 svojim nad\u010dasov\u00fdm dizajnom. Obd\u013a\u017enikov\u00fa dosku z MDF v dekore divok\u00fd dub harmonicky dop\u013a\u0148aj\u00fa \u010dierne kovov\u00e9 nohy do tvaru V, plynulo prech\u00e1dzaj\u00face a\u017e na horn\u00fa stranu dosky.<\/p>\n<p>Obd\u013a\u017enikov\u00e1 doska m\u00e1 rozmer 110 x 60 cm, hr\u00fabku 5 cm. Nohy s\u00fa zakon\u010den\u00e9 plastov\u00fdmi klz\u00e1kmi.<\/p>\n<p>Konferen\u010dn\u00fd stol\u00edk prinesie do V\u00e1\u0161ho domova trochu industri\u00e1lneho \u0161armu<\/p>\n<p><span style=\"font-size: 15.008px;\">dod\u00e1van\u00e9 v demonte<\/span><\/p>\n<div id=\"detail-anchor-parameters\" class=\"c85 c155\">\n<div class=\"c87 c88\"><\/div>\n<div>\n<table>\n<tbody>\n<tr>\n<td class=\"popis\">\u0160\u00edrka (cm):<\/td>\n<td>110 cm<\/td>\n<\/tr>\n<tr>\n<td class=\"popis\">H\u013abka (cm):<\/td>\n<td>60 cm<\/td>\n<\/tr>\n<tr>\n<td class=\"popis\">V\u00fd\u0161ka (cm):<\/td>\n<td>44 cm<\/td>\n<\/tr>\n<tr>\n<td>nosnos\u0165:<\/td>\n<td>20 kg<\/td>\n<\/tr>\n<\/tbody>\n<\/table>\n<\/div>\n<\/div>\n","protected":false},"excerpt":{"rendered":"<p>Modern\u00fd konferen\u010dn\u00fd stol\u00edk zaujme\u00a0 svojim nad\u010dasov\u00fdm dizajnom. Obd\u013a\u017enikov\u00fa dosku z MDF v dekore divok\u00fd dub harmonicky dop\u013a\u0148aj\u00fa \u010dierne kovov\u00e9 nohy do tvaru V, plynulo prech\u00e1dzaj\u00face a\u017e na horn\u00fa stranu dosky. Obd\u013a\u017enikov\u00e1 doska m\u00e1 rozmer 110 x 60 cm, hr\u00fabku 5 cm. Nohy s\u00fa zakon\u010den\u00e9 plastov\u00fdmi klz\u00e1kmi. Konferen\u010dn\u00fd stol\u00edk prinesie do V\u00e1\u0161ho domova trochu industri\u00e1lneho \u0161armu&#8230;<\/p>\n","protected":false},"featured_media":109352,"comment_status":"closed","ping_status":"closed","template":"","meta":{"_seopress_robots_primary_cat":"none","_seopress_titles_title":"","_seopress_titles_desc":"","_seopress_robots_index":""},"product_brand":[],"product_cat":[221],"product_tag":[],"class_list":{"0":"post-109348","1":"product","2":"type-product","3":"status-publish","4":"has-post-thumbnail","6":"product_cat-konferencne-stoliky","8":"first","9":"onbackorder","10":"shipping-taxable","11":"purchasable","12":"product-type-simple"},"_links":{"self":[{"href":"https:\/\/nabytoklaguna.sk\/sk\/wp-json\/wp\/v2\/product\/109348","targetHints":{"allow":["GET"]}}],"collection":[{"href":"https:\/\/nabytoklaguna.sk\/sk\/wp-json\/wp\/v2\/product"}],"about":[{"href":"https:\/\/nabytoklaguna.sk\/sk\/wp-json\/wp\/v2\/types\/product"}],"replies":[{"embeddable":true,"href":"https:\/\/nabytoklaguna.sk\/sk\/wp-json\/wp\/v2\/comments?post=109348"}],"wp:featuredmedia":[{"embeddable":true,"href":"https:\/\/nabytoklaguna.sk\/sk\/wp-json\/wp\/v2\/media\/109352"}],"wp:attachment":[{"href":"https:\/\/nabytoklaguna.sk\/sk\/wp-json\/wp\/v2\/media?parent=109348"}],"wp:term":[{"taxonomy":"product_brand","embeddable":true,"href":"https:\/\/nabytoklaguna.sk\/sk\/wp-json\/wp\/v2\/product_brand?post=109348"},{"taxonomy":"product_cat","embeddable":true,"href":"https:\/\/nabytoklaguna.sk\/sk\/wp-json\/wp\/v2\/product_cat?post=109348"},{"taxonomy":"product_tag","embeddable":true,"href":"https:\/\/nabytoklaguna.sk\/sk\/wp-json\/wp\/v2\/product_tag?post=109348"}],"curies":[{"name":"wp","href":"https:\/\/api.w.org\/{rel}","templated":true}]}}