{"id":109385,"date":"2022-05-19T10:25:42","date_gmt":"2022-05-19T08:25:42","guid":{"rendered":"https:\/\/nabytoklaguna.sk\/sk\/?post_type=product&#038;p=109385"},"modified":"2022-08-17T10:16:04","modified_gmt":"2022-08-17T08:16:04","slug":"ht-427m-wt","status":"publish","type":"product","link":"https:\/\/nabytoklaguna.sk\/sk\/produkt\/ht-427m-wt\/","title":{"rendered":"AUT HT-427M WT"},"content":{"rendered":"<p>Dizajnov\u00fd jed\u00e1lensk\u00fd st\u00f4l HT-427 sa stane skvel\u00fdm doplnkom modern\u00e9ho interi\u00e9ru. V\u010faka rozkladaniu st\u00f4l v okamihu zv\u00e4\u010d\u0161\u00edte zo 140 cm na 180 cm. Cel\u00fd st\u00f4l je v bielej farbe s keramickou doskou. Vrchn\u00e1 doska:\u00a0 keramick\u00e1 doska v dekore talianskeho bieleho mramoru. Centr\u00e1lna noha a vkladov\u00e1 doska s\u00fa z MDF v bielej matnej farbe. Podesta je z br\u00fasen\u00e9ho nerezu, zo spodnej \u010dasti vybaven\u00e1 plastov\u00fdmi klz\u00e1kmi eliminuj\u00facimi po\u0161kodenie povrchov tvrd\u00fdch podl\u00e1h. St\u00f4l ur\u010dite zaujme svojim dizajnom a skvelou kresbou mramoru, stane sa elegantn\u00fdm prvkom v modern\u00fdch \u010di klasick\u00fd laden\u00fdch jed\u00e1l\u0148ach, kuchyniach<\/p>\n<p><strong>Rozmery:<\/strong><\/p>\n<p>\u0161\u00edrka: 140+40 cm<\/p>\n<p>h\u013abka: 80 cm<\/p>\n<p>v\u00fd\u0161ka: 76 cm<\/p>\n<p>dod\u00e1van\u00e9 v demonte<\/p>\n<p><strong>Hmotnos\u0165:<\/strong>\u00a059 kg<\/p>\n","protected":false},"excerpt":{"rendered":"<p>Dizajnov\u00fd jed\u00e1lensk\u00fd st\u00f4l HT-427 sa stane skvel\u00fdm doplnkom modern\u00e9ho interi\u00e9ru. V\u010faka rozkladaniu st\u00f4l v okamihu zv\u00e4\u010d\u0161\u00edte zo 140 cm na 180 cm. Cel\u00fd st\u00f4l je v bielej farbe s keramickou doskou. Vrchn\u00e1 doska:\u00a0 keramick\u00e1 doska v dekore talianskeho bieleho mramoru. Centr\u00e1lna noha a vkladov\u00e1 doska s\u00fa z MDF v bielej matnej farbe. Podesta je z&#8230;<\/p>\n","protected":false},"featured_media":109388,"comment_status":"closed","ping_status":"closed","template":"","meta":{"_seopress_robots_primary_cat":"none","_seopress_titles_title":"","_seopress_titles_desc":"","_seopress_robots_index":""},"product_brand":[],"product_cat":[4720,243],"product_tag":[],"class_list":{"0":"post-109385","1":"product","2":"type-product","3":"status-publish","4":"has-post-thumbnail","6":"product_cat-jedalenske-stoly-stoly","7":"product_cat-stoly","9":"first","10":"onbackorder","11":"shipping-taxable","12":"purchasable","13":"product-type-simple"},"_links":{"self":[{"href":"https:\/\/nabytoklaguna.sk\/sk\/wp-json\/wp\/v2\/product\/109385","targetHints":{"allow":["GET"]}}],"collection":[{"href":"https:\/\/nabytoklaguna.sk\/sk\/wp-json\/wp\/v2\/product"}],"about":[{"href":"https:\/\/nabytoklaguna.sk\/sk\/wp-json\/wp\/v2\/types\/product"}],"replies":[{"embeddable":true,"href":"https:\/\/nabytoklaguna.sk\/sk\/wp-json\/wp\/v2\/comments?post=109385"}],"wp:featuredmedia":[{"embeddable":true,"href":"https:\/\/nabytoklaguna.sk\/sk\/wp-json\/wp\/v2\/media\/109388"}],"wp:attachment":[{"href":"https:\/\/nabytoklaguna.sk\/sk\/wp-json\/wp\/v2\/media?parent=109385"}],"wp:term":[{"taxonomy":"product_brand","embeddable":true,"href":"https:\/\/nabytoklaguna.sk\/sk\/wp-json\/wp\/v2\/product_brand?post=109385"},{"taxonomy":"product_cat","embeddable":true,"href":"https:\/\/nabytoklaguna.sk\/sk\/wp-json\/wp\/v2\/product_cat?post=109385"},{"taxonomy":"product_tag","embeddable":true,"href":"https:\/\/nabytoklaguna.sk\/sk\/wp-json\/wp\/v2\/product_tag?post=109385"}],"curies":[{"name":"wp","href":"https:\/\/api.w.org\/{rel}","templated":true}]}}