{"id":109392,"date":"2022-05-19T11:38:16","date_gmt":"2022-05-19T09:38:16","guid":{"rendered":"https:\/\/nabytoklaguna.sk\/sk\/?post_type=product&#038;p=109392"},"modified":"2023-04-06T00:01:18","modified_gmt":"2023-04-05T22:01:18","slug":"ht-409m-wt","status":"publish","type":"product","link":"https:\/\/nabytoklaguna.sk\/sk\/produkt\/ht-409m-wt\/","title":{"rendered":"AUT HT-409M WT"},"content":{"rendered":"<p>Jed\u00e1lensk\u00fd okr\u00fahly st\u00f4l s rozmerom 110+40x110x76cm. Vrchn\u00e1 stolov\u00e1 doska je z matnej tvrdenej keramiky s hr\u00fabkou 6 mm v dekore talianskeho bieleho mramoru. Podkladov\u00e1 doska a doska rozkladu je z MDF v bielej matnej farbe. Nohy s\u00fa kovov\u00e9 opatren\u00e9 rektifika\u010dn\u00fdmi p\u00e4tkami, ktor\u00e9 dovo\u013euj\u00fa vyrovna\u0165 st\u00f4l aj na mierne zvlnenej podlahe. Plastov\u00e9 klz\u00e1ky na p\u00e4tk\u00e1ch eliminuj\u00fa mo\u017enos\u0165 po\u0161kodenia povrchov tvrd\u00fdch podl\u00e1h. St\u00f4l je vhodn\u00fd do modern\u00fdch \u010di klasicky laden\u00fdch jed\u00e1lni a kuch\u00fd\u0148<\/p>\n<p>&nbsp;<\/p>\n<p><strong>Rozmery:<\/strong><\/p>\n<p>\u0161\u00edrka: 110+40 cm<\/p>\n<p>h\u013abka: 110 cm<\/p>\n<p>v\u00fd\u0161ka: 76 cm<\/p>\n<p>dod\u00e1van\u00e9 v demonte<\/p>\n<p><strong>Hmotnos\u0165:<\/strong>\u00a054 kg<\/p>\n","protected":false},"excerpt":{"rendered":"<p>Jed\u00e1lensk\u00fd okr\u00fahly st\u00f4l s rozmerom 110+40x110x76cm. Vrchn\u00e1 stolov\u00e1 doska je z matnej tvrdenej keramiky s hr\u00fabkou 6 mm v dekore talianskeho bieleho mramoru. Podkladov\u00e1 doska a doska rozkladu je z MDF v bielej matnej farbe. Nohy s\u00fa kovov\u00e9 opatren\u00e9 rektifika\u010dn\u00fdmi p\u00e4tkami, ktor\u00e9 dovo\u013euj\u00fa vyrovna\u0165 st\u00f4l aj na mierne zvlnenej podlahe. Plastov\u00e9 klz\u00e1ky na p\u00e4tk\u00e1ch eliminuj\u00fa&#8230;<\/p>\n","protected":false},"featured_media":109394,"comment_status":"closed","ping_status":"closed","template":"","meta":{"_seopress_robots_primary_cat":"none","_seopress_titles_title":"","_seopress_titles_desc":"","_seopress_robots_index":""},"product_brand":[],"product_cat":[4720,243],"product_tag":[],"class_list":{"0":"post-109392","1":"product","2":"type-product","3":"status-publish","4":"has-post-thumbnail","6":"product_cat-jedalenske-stoly-stoly","7":"product_cat-stoly","9":"first","10":"onbackorder","11":"shipping-taxable","12":"purchasable","13":"product-type-simple"},"_links":{"self":[{"href":"https:\/\/nabytoklaguna.sk\/sk\/wp-json\/wp\/v2\/product\/109392","targetHints":{"allow":["GET"]}}],"collection":[{"href":"https:\/\/nabytoklaguna.sk\/sk\/wp-json\/wp\/v2\/product"}],"about":[{"href":"https:\/\/nabytoklaguna.sk\/sk\/wp-json\/wp\/v2\/types\/product"}],"replies":[{"embeddable":true,"href":"https:\/\/nabytoklaguna.sk\/sk\/wp-json\/wp\/v2\/comments?post=109392"}],"wp:featuredmedia":[{"embeddable":true,"href":"https:\/\/nabytoklaguna.sk\/sk\/wp-json\/wp\/v2\/media\/109394"}],"wp:attachment":[{"href":"https:\/\/nabytoklaguna.sk\/sk\/wp-json\/wp\/v2\/media?parent=109392"}],"wp:term":[{"taxonomy":"product_brand","embeddable":true,"href":"https:\/\/nabytoklaguna.sk\/sk\/wp-json\/wp\/v2\/product_brand?post=109392"},{"taxonomy":"product_cat","embeddable":true,"href":"https:\/\/nabytoklaguna.sk\/sk\/wp-json\/wp\/v2\/product_cat?post=109392"},{"taxonomy":"product_tag","embeddable":true,"href":"https:\/\/nabytoklaguna.sk\/sk\/wp-json\/wp\/v2\/product_tag?post=109392"}],"curies":[{"name":"wp","href":"https:\/\/api.w.org\/{rel}","templated":true}]}}