{"id":110044,"date":"2022-07-08T14:06:14","date_gmt":"2022-07-08T12:06:14","guid":{"rendered":"https:\/\/nabytoklaguna.sk\/sk\/?post_type=product&#038;p=110044"},"modified":"2025-11-13T14:46:11","modified_gmt":"2025-11-13T13:46:11","slug":"k-hazal","status":"publish","type":"product","link":"https:\/\/nabytoklaguna.sk\/sk\/produkt\/k-hazal\/","title":{"rendered":"K HAZAL"},"content":{"rendered":"<p>Modern\u00e1 jed\u00e1lensk\u00e1 stoli\u010dka HAZAL v elegantnom preveden\u00ed s vertik\u00e1lnym pre\u0161it\u00edm opierky aj sed\u00e1ku poskytuje komfortn\u00e9 sedenie a svojim dizajnom s \u010dist\u00fdmi l\u00edniami vynikne v ka\u017edej kuchyni \u010di jed\u00e1lenskom k\u00fate. Je \u010dal\u00fanen\u00e1 kvalitnou ekoko\u017eou, ktor\u00e1 je odoln\u00e1 a \u013eahk\u00e1 na \u00fadr\u017ebu.<\/p>\n<ul>\n<li><b>Materi\u00e1l \u010dal\u00fanenie:<\/b>\u00a0ekoko\u017ea<\/li>\n<li>Oderuodolnos\u0165 text\u00edlie pod\u013ea testu Martindale: 68 000 oderov<\/li>\n<li><b>Materi\u00e1l nohy:<\/b>\u00a0kov<\/li>\n<li><b>Farba:<\/b>\u00a0\u010dierna<\/li>\n<li><b>Rozmery (\u0160xHxV):<\/b>\u00a049x57x85 cm<\/li>\n<li><b>V\u00fd\u0161ka sedu:<\/b>\u00a046 cm<\/li>\n<li><b>H\u013abka sedu:<\/b>\u00a041 cm<\/li>\n<li><b>\u0160\u00edrka sedu:<\/b>\u00a049 cm<\/li>\n<li><b>\u0160\u00edrka chrbtovej opierky:\u00a0<\/b>43 cm<\/li>\n<li><b>V\u00fd\u0161ka chrbtovej opierky:\u00a0<\/b>42 cm<\/li>\n<li><b>Nosnos\u0165:<\/b>\u00a0110 kg<\/li>\n<li>Dod\u00e1van\u00e9 v demonte<\/li>\n<\/ul>\n","protected":false},"excerpt":{"rendered":"<p>Modern\u00e1 jed\u00e1lensk\u00e1 stoli\u010dka HAZAL v elegantnom preveden\u00ed s vertik\u00e1lnym pre\u0161it\u00edm opierky aj sed\u00e1ku poskytuje komfortn\u00e9 sedenie a svojim dizajnom s \u010dist\u00fdmi l\u00edniami vynikne v ka\u017edej kuchyni \u010di jed\u00e1lenskom k\u00fate. Je \u010dal\u00fanen\u00e1 kvalitnou ekoko\u017eou, ktor\u00e1 je odoln\u00e1 a \u013eahk\u00e1 na \u00fadr\u017ebu. Materi\u00e1l \u010dal\u00fanenie:\u00a0ekoko\u017ea Oderuodolnos\u0165 text\u00edlie pod\u013ea testu Martindale: 68 000 oderov Materi\u00e1l nohy:\u00a0kov Farba:\u00a0\u010dierna Rozmery (\u0160xHxV):\u00a049x57x85&#8230;<\/p>\n","protected":false},"featured_media":110052,"comment_status":"closed","ping_status":"closed","template":"","meta":{"_seopress_robots_primary_cat":"none","_seopress_titles_title":"","_seopress_titles_desc":"","_seopress_robots_index":""},"product_brand":[],"product_cat":[239,237],"product_tag":[],"class_list":{"0":"post-110044","1":"product","2":"type-product","3":"status-publish","4":"has-post-thumbnail","6":"product_cat-kovove-stolicky","7":"product_cat-stolicky","9":"first","10":"onbackorder","11":"shipping-taxable","12":"purchasable","13":"product-type-variable"},"_links":{"self":[{"href":"https:\/\/nabytoklaguna.sk\/sk\/wp-json\/wp\/v2\/product\/110044","targetHints":{"allow":["GET"]}}],"collection":[{"href":"https:\/\/nabytoklaguna.sk\/sk\/wp-json\/wp\/v2\/product"}],"about":[{"href":"https:\/\/nabytoklaguna.sk\/sk\/wp-json\/wp\/v2\/types\/product"}],"replies":[{"embeddable":true,"href":"https:\/\/nabytoklaguna.sk\/sk\/wp-json\/wp\/v2\/comments?post=110044"}],"wp:featuredmedia":[{"embeddable":true,"href":"https:\/\/nabytoklaguna.sk\/sk\/wp-json\/wp\/v2\/media\/110052"}],"wp:attachment":[{"href":"https:\/\/nabytoklaguna.sk\/sk\/wp-json\/wp\/v2\/media?parent=110044"}],"wp:term":[{"taxonomy":"product_brand","embeddable":true,"href":"https:\/\/nabytoklaguna.sk\/sk\/wp-json\/wp\/v2\/product_brand?post=110044"},{"taxonomy":"product_cat","embeddable":true,"href":"https:\/\/nabytoklaguna.sk\/sk\/wp-json\/wp\/v2\/product_cat?post=110044"},{"taxonomy":"product_tag","embeddable":true,"href":"https:\/\/nabytoklaguna.sk\/sk\/wp-json\/wp\/v2\/product_tag?post=110044"}],"curies":[{"name":"wp","href":"https:\/\/api.w.org\/{rel}","templated":true}]}}