{"id":110065,"date":"2022-07-08T14:34:22","date_gmt":"2022-07-08T12:34:22","guid":{"rendered":"https:\/\/nabytoklaguna.sk\/sk\/?post_type=product&#038;p=110065"},"modified":"2026-01-08T16:22:57","modified_gmt":"2026-01-08T15:22:57","slug":"k-maxim","status":"publish","type":"product","link":"https:\/\/nabytoklaguna.sk\/sk\/produkt\/k-maxim\/","title":{"rendered":"K MAXIM"},"content":{"rendered":"<p>Praktick\u00fd, modern\u00fd p\u00edsac\u00ed st\u00f4l, v ktorom si m\u00f4\u017ete svoje potrebn\u00e9 dokumetny ulo\u017ei\u0165 do priehradky v podobe otvoren\u00fdch reg\u00e1lov. Ve\u013ek\u00e1 p\u00edsacia doska.<\/p>\n<ul>\n<li><b>Materi\u00e1l:<\/b>\u00a0DTD laminovan\u00e1<\/li>\n<li><b>Farba:\u00a0<\/b>biela<\/li>\n<li><b>Rozmery (\u0160xHxV):\u00a0<\/b>158x40x134 cm<\/li>\n<li>S praktick\u00fdm otvoren\u00fdm reg\u00e1lom<\/li>\n<li>Dostatok ulo\u017en\u00e9ho priestoru<\/li>\n<li>S policami<\/li>\n<li>Dod\u00e1van\u00e9 v demonte<\/li>\n<\/ul>\n","protected":false},"excerpt":{"rendered":"<p>Praktick\u00fd, modern\u00fd p\u00edsac\u00ed st\u00f4l, v ktorom si m\u00f4\u017ete svoje potrebn\u00e9 dokumetny ulo\u017ei\u0165 do priehradky v podobe otvoren\u00fdch reg\u00e1lov. Ve\u013ek\u00e1 p\u00edsacia doska. Materi\u00e1l:\u00a0DTD laminovan\u00e1 Farba:\u00a0biela Rozmery (\u0160xHxV):\u00a0158x40x134 cm S praktick\u00fdm otvoren\u00fdm reg\u00e1lom Dostatok ulo\u017en\u00e9ho priestoru S policami Dod\u00e1van\u00e9 v demonte<\/p>\n","protected":false},"featured_media":110068,"comment_status":"closed","ping_status":"closed","template":"","meta":{"_seopress_robots_primary_cat":"none","_seopress_titles_title":"","_seopress_titles_desc":"","_seopress_robots_index":""},"product_brand":[],"product_cat":[247],"product_tag":[],"class_list":{"0":"post-110065","1":"product","2":"type-product","3":"status-publish","4":"has-post-thumbnail","6":"product_cat-pisacie-pocitacove-stoly","8":"first","9":"onbackorder","10":"shipping-taxable","11":"purchasable","12":"product-type-simple"},"_links":{"self":[{"href":"https:\/\/nabytoklaguna.sk\/sk\/wp-json\/wp\/v2\/product\/110065","targetHints":{"allow":["GET"]}}],"collection":[{"href":"https:\/\/nabytoklaguna.sk\/sk\/wp-json\/wp\/v2\/product"}],"about":[{"href":"https:\/\/nabytoklaguna.sk\/sk\/wp-json\/wp\/v2\/types\/product"}],"replies":[{"embeddable":true,"href":"https:\/\/nabytoklaguna.sk\/sk\/wp-json\/wp\/v2\/comments?post=110065"}],"wp:featuredmedia":[{"embeddable":true,"href":"https:\/\/nabytoklaguna.sk\/sk\/wp-json\/wp\/v2\/media\/110068"}],"wp:attachment":[{"href":"https:\/\/nabytoklaguna.sk\/sk\/wp-json\/wp\/v2\/media?parent=110065"}],"wp:term":[{"taxonomy":"product_brand","embeddable":true,"href":"https:\/\/nabytoklaguna.sk\/sk\/wp-json\/wp\/v2\/product_brand?post=110065"},{"taxonomy":"product_cat","embeddable":true,"href":"https:\/\/nabytoklaguna.sk\/sk\/wp-json\/wp\/v2\/product_cat?post=110065"},{"taxonomy":"product_tag","embeddable":true,"href":"https:\/\/nabytoklaguna.sk\/sk\/wp-json\/wp\/v2\/product_tag?post=110065"}],"curies":[{"name":"wp","href":"https:\/\/api.w.org\/{rel}","templated":true}]}}