{"id":110090,"date":"2022-07-11T11:05:35","date_gmt":"2022-07-11T09:05:35","guid":{"rendered":"https:\/\/nabytoklaguna.sk\/sk\/?post_type=product&#038;p=110090"},"modified":"2024-03-11T13:22:45","modified_gmt":"2024-03-11T12:22:45","slug":"tempo-kondela-medor","status":"publish","type":"product","link":"https:\/\/nabytoklaguna.sk\/sk\/produkt\/tempo-kondela-medor\/","title":{"rendered":"TK MEDOR"},"content":{"rendered":"<p>Okr\u00fahly jed\u00e1lensk\u00fd st\u00f4l MEDOR v modernom\u00a0 industri\u00e1lnom \u0161t\u00fdle bude ozdobou Va\u0161ej kuchyne. Stabilitu mu dod\u00e1va mohutn\u00e1 kovov\u00e1 podno\u017e z kovu v \u010diernej farbe. Poskytuje komfortn\u00e9 stolovanie pre \u0161tyroch \u013eud\u00ed. Je vyr\u00e1ban\u00fd v \u0161tyroch farebn\u00fdch prevedeniach: bet\u00f3n\/\u010dierna, sonoma\/\u010dierna, tmav\u00fd dub\/\u010dierna a biela matn\u00e1\/\u010dierna.<\/p>\n<ul>\n<li>Jed\u00e1lensk\u00fd st\u00f4l MEDOR<\/li>\n<li><b>Materi\u00e1l doska stola:\u00a0<\/b>MDF<\/li>\n<li><b>Kon\u0161trukcia nohy:<\/b>\u00a0kov<\/li>\n<li><b>Farba:<\/b>\u00a0\u010dierna<\/li>\n<li><b>Rozmery PxV:\u00a0<\/b>120&#215;76 cm<\/li>\n<li>Okr\u00fahly<\/li>\n<li>Industri\u00e1lny \u0161t\u00fdl<\/li>\n<li>Dod\u00e1van\u00e9 v demonte<\/li>\n<\/ul>\n","protected":false},"excerpt":{"rendered":"<p>Okr\u00fahly jed\u00e1lensk\u00fd st\u00f4l MEDOR v modernom\u00a0 industri\u00e1lnom \u0161t\u00fdle bude ozdobou Va\u0161ej kuchyne. Stabilitu mu dod\u00e1va mohutn\u00e1 kovov\u00e1 podno\u017e z kovu v \u010diernej farbe. Poskytuje komfortn\u00e9 stolovanie pre \u0161tyroch \u013eud\u00ed. Je vyr\u00e1ban\u00fd v \u0161tyroch farebn\u00fdch prevedeniach: bet\u00f3n\/\u010dierna, sonoma\/\u010dierna, tmav\u00fd dub\/\u010dierna a biela matn\u00e1\/\u010dierna. Jed\u00e1lensk\u00fd st\u00f4l MEDOR Materi\u00e1l doska stola:\u00a0MDF Kon\u0161trukcia nohy:\u00a0kov Farba:\u00a0\u010dierna Rozmery PxV:\u00a0120&#215;76 cm Okr\u00fahly&#8230;<\/p>\n","protected":false},"featured_media":110097,"comment_status":"closed","ping_status":"closed","template":"","meta":{"_seopress_robots_primary_cat":"none","_seopress_titles_title":"","_seopress_titles_desc":"","_seopress_robots_index":""},"product_brand":[],"product_cat":[4720,243],"product_tag":[],"class_list":{"0":"post-110090","1":"product","2":"type-product","3":"status-publish","4":"has-post-thumbnail","6":"product_cat-jedalenske-stoly-stoly","7":"product_cat-stoly","9":"first","10":"onbackorder","11":"shipping-taxable","12":"purchasable","13":"product-type-variable"},"_links":{"self":[{"href":"https:\/\/nabytoklaguna.sk\/sk\/wp-json\/wp\/v2\/product\/110090","targetHints":{"allow":["GET"]}}],"collection":[{"href":"https:\/\/nabytoklaguna.sk\/sk\/wp-json\/wp\/v2\/product"}],"about":[{"href":"https:\/\/nabytoklaguna.sk\/sk\/wp-json\/wp\/v2\/types\/product"}],"replies":[{"embeddable":true,"href":"https:\/\/nabytoklaguna.sk\/sk\/wp-json\/wp\/v2\/comments?post=110090"}],"wp:featuredmedia":[{"embeddable":true,"href":"https:\/\/nabytoklaguna.sk\/sk\/wp-json\/wp\/v2\/media\/110097"}],"wp:attachment":[{"href":"https:\/\/nabytoklaguna.sk\/sk\/wp-json\/wp\/v2\/media?parent=110090"}],"wp:term":[{"taxonomy":"product_brand","embeddable":true,"href":"https:\/\/nabytoklaguna.sk\/sk\/wp-json\/wp\/v2\/product_brand?post=110090"},{"taxonomy":"product_cat","embeddable":true,"href":"https:\/\/nabytoklaguna.sk\/sk\/wp-json\/wp\/v2\/product_cat?post=110090"},{"taxonomy":"product_tag","embeddable":true,"href":"https:\/\/nabytoklaguna.sk\/sk\/wp-json\/wp\/v2\/product_tag?post=110090"}],"curies":[{"name":"wp","href":"https:\/\/api.w.org\/{rel}","templated":true}]}}