{"id":110103,"date":"2022-07-11T11:35:28","date_gmt":"2022-07-11T09:35:28","guid":{"rendered":"https:\/\/nabytoklaguna.sk\/sk\/?post_type=product&#038;p=110103"},"modified":"2026-01-13T16:52:43","modified_gmt":"2026-01-13T15:52:43","slug":"k-barmio","status":"publish","type":"product","link":"https:\/\/nabytoklaguna.sk\/sk\/produkt\/k-barmio\/","title":{"rendered":"K BARMIO"},"content":{"rendered":"<p>Modern\u00fd dizajnov\u00fd industri\u00e1lny st\u00f4l s \u00falo\u017en\u00fdm a odkladac\u00edm priestorom. M\u00e1 nad\u010dasov\u00fd \u0161t\u00fdl, ktor\u00fd premen\u00ed Va\u0161u ob\u00fdva\u010dku na kr\u00e1sny modern\u00fd priestor.<\/p>\n<ul>\n<li>Materi\u00e1l : MDF\/kov<\/li>\n<li>Rozmery stol\u00edka (\u0160xHxV): 90x60x45 cm<\/li>\n<li>Vn\u00fatorn\u00e1 h\u013abka stol\u00edka: 56 cm<\/li>\n<li>Vn\u00fatorn\u00e1 v\u00fd\u0161ka stol\u00edka: 40 cm<\/li>\n<li>Rozmery police (\u0160xH): 58,5&#215;56 cm<\/li>\n<li>Hr\u00fabka kon\u0161trukcie: 2x2x1 cm<\/li>\n<li>Hr\u00fabka vrchnej dosky: 1,5 cm<\/li>\n<li>Hr\u00fabka police: 1,5 cm<\/li>\n<li>V\u00fd\u0161ka od zeme po policu: 18 cm<\/li>\n<li>V\u00fd\u0161ka od police po vrchn\u00fa dosku: 20,5 cm<\/li>\n<li>Nosnos\u0165 25 kg<\/li>\n<li>Dod\u00e1van\u00fd v demonte.<\/li>\n<\/ul>\n","protected":false},"excerpt":{"rendered":"<p>Modern\u00fd dizajnov\u00fd industri\u00e1lny st\u00f4l s \u00falo\u017en\u00fdm a odkladac\u00edm priestorom. M\u00e1 nad\u010dasov\u00fd \u0161t\u00fdl, ktor\u00fd premen\u00ed Va\u0161u ob\u00fdva\u010dku na kr\u00e1sny modern\u00fd priestor. Materi\u00e1l : MDF\/kov Rozmery stol\u00edka (\u0160xHxV): 90x60x45 cm Vn\u00fatorn\u00e1 h\u013abka stol\u00edka: 56 cm Vn\u00fatorn\u00e1 v\u00fd\u0161ka stol\u00edka: 40 cm Rozmery police (\u0160xH): 58,5&#215;56 cm Hr\u00fabka kon\u0161trukcie: 2x2x1 cm Hr\u00fabka vrchnej dosky: 1,5 cm Hr\u00fabka police: 1,5&#8230;<\/p>\n","protected":false},"featured_media":110105,"comment_status":"closed","ping_status":"closed","template":"","meta":{"_seopress_robots_primary_cat":"none","_seopress_titles_title":"","_seopress_titles_desc":"","_seopress_robots_index":""},"product_brand":[],"product_cat":[221],"product_tag":[],"class_list":{"0":"post-110103","1":"product","2":"type-product","3":"status-publish","4":"has-post-thumbnail","6":"product_cat-konferencne-stoliky","8":"first","9":"onbackorder","10":"shipping-taxable","11":"purchasable","12":"product-type-simple"},"_links":{"self":[{"href":"https:\/\/nabytoklaguna.sk\/sk\/wp-json\/wp\/v2\/product\/110103","targetHints":{"allow":["GET"]}}],"collection":[{"href":"https:\/\/nabytoklaguna.sk\/sk\/wp-json\/wp\/v2\/product"}],"about":[{"href":"https:\/\/nabytoklaguna.sk\/sk\/wp-json\/wp\/v2\/types\/product"}],"replies":[{"embeddable":true,"href":"https:\/\/nabytoklaguna.sk\/sk\/wp-json\/wp\/v2\/comments?post=110103"}],"wp:featuredmedia":[{"embeddable":true,"href":"https:\/\/nabytoklaguna.sk\/sk\/wp-json\/wp\/v2\/media\/110105"}],"wp:attachment":[{"href":"https:\/\/nabytoklaguna.sk\/sk\/wp-json\/wp\/v2\/media?parent=110103"}],"wp:term":[{"taxonomy":"product_brand","embeddable":true,"href":"https:\/\/nabytoklaguna.sk\/sk\/wp-json\/wp\/v2\/product_brand?post=110103"},{"taxonomy":"product_cat","embeddable":true,"href":"https:\/\/nabytoklaguna.sk\/sk\/wp-json\/wp\/v2\/product_cat?post=110103"},{"taxonomy":"product_tag","embeddable":true,"href":"https:\/\/nabytoklaguna.sk\/sk\/wp-json\/wp\/v2\/product_tag?post=110103"}],"curies":[{"name":"wp","href":"https:\/\/api.w.org\/{rel}","templated":true}]}}