{"id":110192,"date":"2022-07-22T09:58:27","date_gmt":"2022-07-22T07:58:27","guid":{"rendered":"https:\/\/nabytoklaguna.sk\/sk\/?post_type=product&#038;p=110192"},"modified":"2025-02-24T14:42:28","modified_gmt":"2025-02-24T13:42:28","slug":"tempo-kondela-kreslo-alana","status":"publish","type":"product","link":"https:\/\/nabytoklaguna.sk\/sk\/produkt\/tempo-kondela-kreslo-alana\/","title":{"rendered":"TK kreslo ALANA"},"content":{"rendered":"<p>Celo\u010dal\u00fanen\u00e9 <b>rozkladacie kreslo ALANA<\/b> s ve\u013emi pr\u00edjemnou <b>l\u00e1tkou Riviera v hor\u010dicovom preveden\u00ed<\/b> je dod\u00e1van\u00e9 s <b>dvoma dekorat\u00edvnymi vank\u00fa\u0161mi,<\/b> ktor\u00e9 m\u00f4\u017eete pou\u017ei\u0165 ako dekor\u00e1ciu alebo ako oporu chrbta. Po rozlo\u017een\u00ed pon\u00faka pohodln\u00fa spaciu plochu 81&#215;200 cm. Taktie\u017e obsahuje <b>\u00falo\u017en\u00fd priestor,<\/b> dostato\u010dne ve\u013ek\u00fd na ulo\u017eenie bielizne. Pohodlnos\u0165 kresla zaru\u010duj\u00fa <b>vysok\u00e9 opierky na ruky<\/b>\u00a0a taktie\u017e\u00a0<b>opierka chrbta<\/b>. Jadro kresla<strong> ALANA<\/strong> tvor\u00ed <b>pru\u017eina falista a pena<\/b> \u010do zaru\u010duje pr\u00edjemn\u00e9 sedenie.<\/p>\n<div class=\"text\">\n<ul>\n<li><b>Materi\u00e1l:\u00a0<\/b>l\u00e1tka Riviera 41<\/li>\n<li><b>Oderuodolnos\u0165 text\u00edlie pod\u013ea testu Martindale:\u00a0<\/b>90 000 oderov<\/li>\n<li><b>Farba:\u00a0<\/b>hor\u010dicov\u00e1<\/li>\n<li><b>Rozmery (\u0160xHxV):\u00a0<\/b>96x105x85 cm<\/li>\n<li><b>V\u00fd\u0161ka sedu:\u00a0<\/b>37 cm<\/li>\n<li><b>H\u013abka sedu:<\/b>\u00a066 cm<\/li>\n<li><b>Nosnos\u0165:\u00a0<\/b>90 kg<\/li>\n<li>Rozkladacie<\/li>\n<li><b>Plocha na spanie (\u0160xD):\u00a0<\/b>81&#215;200 cm<\/li>\n<li><b>V\u00fd\u0161ka spodn\u00e9ho priestoru od podlahy:\u00a0<\/b>2 cm<\/li>\n<li>Jadro sedenia: pru\u017eina falista\/pur pena<\/li>\n<li>2 dekorat\u00edvne vank\u00fa\u0161e<\/li>\n<li>\u00dalo\u017en\u00fd priestor<\/li>\n<li>S dekorat\u00edvnym \u0161it\u00edm<\/li>\n<li>Dod\u00e1van\u00e9 v demonte<\/li>\n<\/ul>\n<p>Pon\u00fakame mo\u017enos\u0165 objedna\u0165 zostavu a\u017e v\u00a0<b>5 farebn\u00fdch prevedeniach l\u00e1tky Riviera<\/b> v cene: kreslo &#8211; 335 Eur, 2 sed &#8211; 379 Eur, 3 sed- 409 Eur. Doba dodania <b>8-10 t\u00fd\u017ed\u0148ov.<\/b><\/p>\n<\/div>\n","protected":false},"excerpt":{"rendered":"<p>Celo\u010dal\u00fanen\u00e9 rozkladacie kreslo ALANA s ve\u013emi pr\u00edjemnou l\u00e1tkou Riviera v hor\u010dicovom preveden\u00ed je dod\u00e1van\u00e9 s dvoma dekorat\u00edvnymi vank\u00fa\u0161mi, ktor\u00e9 m\u00f4\u017eete pou\u017ei\u0165 ako dekor\u00e1ciu alebo ako oporu chrbta. Po rozlo\u017een\u00ed pon\u00faka pohodln\u00fa spaciu plochu 81&#215;200 cm. Taktie\u017e obsahuje \u00falo\u017en\u00fd priestor, dostato\u010dne ve\u013ek\u00fd na ulo\u017eenie bielizne. Pohodlnos\u0165 kresla zaru\u010duj\u00fa vysok\u00e9 opierky na ruky\u00a0a taktie\u017e\u00a0opierka chrbta. Jadro kresla&#8230;<\/p>\n","protected":false},"featured_media":110194,"comment_status":"closed","ping_status":"closed","template":"","meta":{"_seopress_robots_primary_cat":"none","_seopress_titles_title":"","_seopress_titles_desc":"","_seopress_robots_index":""},"product_brand":[],"product_cat":[231],"product_tag":[],"class_list":{"0":"post-110192","1":"product","2":"type-product","3":"status-publish","4":"has-post-thumbnail","6":"product_cat-kresla","7":"pa_style-rozkladaci-dvojsed","8":"pa_style-rozkladaci-trojsed","9":"pa_style-rozkladacie-kreslo","11":"first","12":"onbackorder","13":"shipping-taxable","14":"purchasable","15":"product-type-simple"},"_links":{"self":[{"href":"https:\/\/nabytoklaguna.sk\/sk\/wp-json\/wp\/v2\/product\/110192","targetHints":{"allow":["GET"]}}],"collection":[{"href":"https:\/\/nabytoklaguna.sk\/sk\/wp-json\/wp\/v2\/product"}],"about":[{"href":"https:\/\/nabytoklaguna.sk\/sk\/wp-json\/wp\/v2\/types\/product"}],"replies":[{"embeddable":true,"href":"https:\/\/nabytoklaguna.sk\/sk\/wp-json\/wp\/v2\/comments?post=110192"}],"wp:featuredmedia":[{"embeddable":true,"href":"https:\/\/nabytoklaguna.sk\/sk\/wp-json\/wp\/v2\/media\/110194"}],"wp:attachment":[{"href":"https:\/\/nabytoklaguna.sk\/sk\/wp-json\/wp\/v2\/media?parent=110192"}],"wp:term":[{"taxonomy":"product_brand","embeddable":true,"href":"https:\/\/nabytoklaguna.sk\/sk\/wp-json\/wp\/v2\/product_brand?post=110192"},{"taxonomy":"product_cat","embeddable":true,"href":"https:\/\/nabytoklaguna.sk\/sk\/wp-json\/wp\/v2\/product_cat?post=110192"},{"taxonomy":"product_tag","embeddable":true,"href":"https:\/\/nabytoklaguna.sk\/sk\/wp-json\/wp\/v2\/product_tag?post=110192"}],"curies":[{"name":"wp","href":"https:\/\/api.w.org\/{rel}","templated":true}]}}