{"id":110204,"date":"2022-07-22T10:14:33","date_gmt":"2022-07-22T08:14:33","guid":{"rendered":"https:\/\/nabytoklaguna.sk\/sk\/?post_type=product&#038;p=110204"},"modified":"2025-02-24T14:41:18","modified_gmt":"2025-02-24T13:41:18","slug":"tempo-kondela-pohovka-alana-2-sed","status":"publish","type":"product","link":"https:\/\/nabytoklaguna.sk\/sk\/produkt\/tempo-kondela-pohovka-alana-2-sed\/","title":{"rendered":"K pohovka ALANA 2-sed"},"content":{"rendered":"<p>Celo\u010dal\u00fanen\u00e1 <b>rozkladacia pohovka ALANA<\/b>\u00a0s ve\u013emi pr\u00edjemnou\u00a0<b>l\u00e1tkou Riviera v hor\u010dicovom preveden\u00ed<\/b> je dod\u00e1van\u00e1 s <b>dvoma dekorat\u00edvnymi vank\u00fa\u0161mi,<\/b> ktor\u00e9 m\u00f4\u017eete pou\u017ei\u0165 ako dekor\u00e1ciu alebo ako oporu chrbta. Po rozlo\u017een\u00ed pon\u00faka spaciu plochu o rozmere 111&#215;200 cm. Taktie\u017e obsahuje <b>\u00falo\u017en\u00fd priestor,<\/b> dostato\u010dne ve\u013ek\u00fd na ulo\u017eenie bielizne. Pohodlnos\u0165 pohovky zaru\u010duj\u00fa <b>vysok\u00e9 opierky na ruky<\/b>\u00a0a taktie\u017e\u00a0<b>opierka chrbta<\/b>. Jadro pohovky<strong> ALANA<\/strong> tvor\u00ed <b>pru\u017eina falista a pena<\/b> \u010do zaru\u010duje pr\u00edjemn\u00e9 sedenie.<\/p>\n<ul>\n<li><b>Materi\u00e1l:\u00a0<\/b>l\u00e1tka Riviera 91<\/li>\n<li><b>Oderuodolnos\u0165 text\u00edlie pod\u013ea testu Martindale:\u00a0<\/b>90 000 oderov<\/li>\n<li><b>Farba:\u00a0<\/b>svetlosiv\u00e1<\/li>\n<li><b>Rozmery (\u0160xHxV):\u00a0<\/b>126x105x85 cm<\/li>\n<li><b>V\u00fd\u0161ka sedu:\u00a0<\/b>37 cm<\/li>\n<li><b>H\u013abka sedu:<\/b>\u00a066 cm<\/li>\n<li><b>Nosnos\u0165:\u00a0<\/b>90 kg<\/li>\n<li>Rozkladac\u00ed<\/li>\n<li><b>Plocha na spanie (\u0160xD):\u00a0<\/b>111&#215;200 cm<\/li>\n<li><b>V\u00fd\u0161ka spodn\u00e9ho priestoru od podlahy:\u00a0<\/b>2 cm<\/li>\n<li>Jadro sedenia: pru\u017eina falista\/pur pena<\/li>\n<li>2 dekorat\u00edvne vank\u00fa\u0161e<\/li>\n<li>\u00dalo\u017en\u00fd priestor<\/li>\n<li>S dekorat\u00edvnym \u0161it\u00edm<\/li>\n<li>Dod\u00e1van\u00e9 v demonte<\/li>\n<\/ul>\n<p>Pon\u00fakame mo\u017enos\u0165 objedna\u0165 zostavu a\u017e v\u00a0<b>5 farebn\u00fdch prevedeniach l\u00e1tky Riviera<\/b> v cene: kreslo &#8211; 335 Eur, 2 sed &#8211; 379 Eur, 3 sed- 409 Eur.\u00a0 Doba dodania <b>8-10 t\u00fd\u017ed\u0148ov.<\/b><\/p>\n","protected":false},"excerpt":{"rendered":"<p>Celo\u010dal\u00fanen\u00e1 rozkladacia pohovka ALANA\u00a0s ve\u013emi pr\u00edjemnou\u00a0l\u00e1tkou Riviera v hor\u010dicovom preveden\u00ed je dod\u00e1van\u00e1 s dvoma dekorat\u00edvnymi vank\u00fa\u0161mi, ktor\u00e9 m\u00f4\u017eete pou\u017ei\u0165 ako dekor\u00e1ciu alebo ako oporu chrbta. Po rozlo\u017een\u00ed pon\u00faka spaciu plochu o rozmere 111&#215;200 cm. Taktie\u017e obsahuje \u00falo\u017en\u00fd priestor, dostato\u010dne ve\u013ek\u00fd na ulo\u017eenie bielizne. Pohodlnos\u0165 pohovky zaru\u010duj\u00fa vysok\u00e9 opierky na ruky\u00a0a taktie\u017e\u00a0opierka chrbta. Jadro pohovky ALANA&#8230;<\/p>\n","protected":false},"featured_media":110206,"comment_status":"closed","ping_status":"closed","template":"","meta":{"_seopress_robots_primary_cat":"none","_seopress_titles_title":"","_seopress_titles_desc":"","_seopress_robots_index":""},"product_brand":[],"product_cat":[219,231],"product_tag":[],"class_list":{"0":"post-110204","1":"product","2":"type-product","3":"status-publish","4":"has-post-thumbnail","6":"product_cat-pohovky","7":"product_cat-kresla","9":"first","10":"onbackorder","11":"shipping-taxable","12":"purchasable","13":"product-type-simple"},"_links":{"self":[{"href":"https:\/\/nabytoklaguna.sk\/sk\/wp-json\/wp\/v2\/product\/110204","targetHints":{"allow":["GET"]}}],"collection":[{"href":"https:\/\/nabytoklaguna.sk\/sk\/wp-json\/wp\/v2\/product"}],"about":[{"href":"https:\/\/nabytoklaguna.sk\/sk\/wp-json\/wp\/v2\/types\/product"}],"replies":[{"embeddable":true,"href":"https:\/\/nabytoklaguna.sk\/sk\/wp-json\/wp\/v2\/comments?post=110204"}],"wp:featuredmedia":[{"embeddable":true,"href":"https:\/\/nabytoklaguna.sk\/sk\/wp-json\/wp\/v2\/media\/110206"}],"wp:attachment":[{"href":"https:\/\/nabytoklaguna.sk\/sk\/wp-json\/wp\/v2\/media?parent=110204"}],"wp:term":[{"taxonomy":"product_brand","embeddable":true,"href":"https:\/\/nabytoklaguna.sk\/sk\/wp-json\/wp\/v2\/product_brand?post=110204"},{"taxonomy":"product_cat","embeddable":true,"href":"https:\/\/nabytoklaguna.sk\/sk\/wp-json\/wp\/v2\/product_cat?post=110204"},{"taxonomy":"product_tag","embeddable":true,"href":"https:\/\/nabytoklaguna.sk\/sk\/wp-json\/wp\/v2\/product_tag?post=110204"}],"curies":[{"name":"wp","href":"https:\/\/api.w.org\/{rel}","templated":true}]}}