{"id":11137,"date":"2021-02-22T16:54:36","date_gmt":"2021-02-22T15:54:36","guid":{"rendered":"http:\/\/nabytoklaguna.sk\/sk\/?post_type=product&#038;p=11137"},"modified":"2026-02-19T13:26:11","modified_gmt":"2026-02-19T12:26:11","slug":"rea-sisa-7","status":"publish","type":"product","link":"https:\/\/nabytoklaguna.sk\/sk\/produkt\/rea-sisa-7\/","title":{"rendered":"DREVONA REA SISA 7"},"content":{"rendered":"<p>Komoda v kvalitnom vyhotoven\u00ed s mo\u017enos\u0165ou v\u00fdberu farebn\u00e9ho prevedenia pod\u013ea ponuky. Slovensk\u00fd v\u00fdrobok.<\/p>\n<p>Rozmery: \u0161xvxh: 90x78x42 cm.<\/p>\n","protected":false},"excerpt":{"rendered":"<p><img loading=\"lazy\" decoding=\"async\" class=\"alignnone size-full wp-image-11138\" src=\"http:\/\/nabytoklaguna.sk\/sk\/wp-content\/uploads\/2017\/03\/slovensk\u00fd-znak-7.png\" alt=\"\" width=\"126\" height=\"126\" srcset=\"https:\/\/nabytoklaguna.sk\/sk\/wp-content\/uploads\/2017\/03\/slovensk\u00fd-znak-7.png 126w, https:\/\/nabytoklaguna.sk\/sk\/wp-content\/uploads\/2017\/03\/slovensk\u00fd-znak-7-100x100.png 100w\" sizes=\"auto, (max-width: 126px) 100vw, 126px\" \/><\/p>\n","protected":false},"featured_media":11139,"comment_status":"closed","ping_status":"closed","template":"","meta":{"_seopress_robots_primary_cat":"none","_seopress_titles_title":"","_seopress_titles_desc":"","_seopress_robots_index":""},"product_brand":[],"product_cat":[222],"product_tag":[],"class_list":{"0":"post-11137","1":"product","2":"type-product","3":"status-publish","4":"has-post-thumbnail","6":"product_cat-komody","7":"pa_farba-biela","8":"pa_farba-buk","9":"pa_farba-dub-bardolino","10":"pa_farba-dub-canyon","11":"pa_farba-navarra","12":"pa_farba-orech-rockpile","13":"pa_farba-venge","15":"first","16":"onbackorder","17":"shipping-taxable","18":"purchasable","19":"product-type-variable"},"_links":{"self":[{"href":"https:\/\/nabytoklaguna.sk\/sk\/wp-json\/wp\/v2\/product\/11137","targetHints":{"allow":["GET"]}}],"collection":[{"href":"https:\/\/nabytoklaguna.sk\/sk\/wp-json\/wp\/v2\/product"}],"about":[{"href":"https:\/\/nabytoklaguna.sk\/sk\/wp-json\/wp\/v2\/types\/product"}],"replies":[{"embeddable":true,"href":"https:\/\/nabytoklaguna.sk\/sk\/wp-json\/wp\/v2\/comments?post=11137"}],"wp:featuredmedia":[{"embeddable":true,"href":"https:\/\/nabytoklaguna.sk\/sk\/wp-json\/wp\/v2\/media\/11139"}],"wp:attachment":[{"href":"https:\/\/nabytoklaguna.sk\/sk\/wp-json\/wp\/v2\/media?parent=11137"}],"wp:term":[{"taxonomy":"product_brand","embeddable":true,"href":"https:\/\/nabytoklaguna.sk\/sk\/wp-json\/wp\/v2\/product_brand?post=11137"},{"taxonomy":"product_cat","embeddable":true,"href":"https:\/\/nabytoklaguna.sk\/sk\/wp-json\/wp\/v2\/product_cat?post=11137"},{"taxonomy":"product_tag","embeddable":true,"href":"https:\/\/nabytoklaguna.sk\/sk\/wp-json\/wp\/v2\/product_tag?post=11137"}],"curies":[{"name":"wp","href":"https:\/\/api.w.org\/{rel}","templated":true}]}}