{"id":111643,"date":"2022-08-23T12:38:02","date_gmt":"2022-08-23T10:38:02","guid":{"rendered":"https:\/\/nabytoklaguna.sk\/sk\/?post_type=product&#038;p=111643"},"modified":"2025-07-11T14:51:55","modified_gmt":"2025-07-11T12:51:55","slug":"bruno-2r2","status":"publish","type":"product","link":"https:\/\/nabytoklaguna.sk\/sk\/produkt\/bruno-2r2\/","title":{"rendered":"BRUNO 2+R+2"},"content":{"rendered":"<p><b>Sedacia s\u00faprava BRUNO<strong>\u00a02+R+2<\/strong><\/b>\u00a0m\u00e1 v\u0161etko, \u010do budete potrebova\u0165. <b>P\u00f4vabn\u00fd vzh\u013ead, p\u00f4sobiv\u00fd dizajn<\/b>, ale aj\u00a0<b>mimoriadne vlastnosti<\/b>\u00a0z h\u013eadiska\u00a0<b>funk\u010dnosti<\/b>. Je <b>rozkladacia<\/b>, a s plochou na spanie 120&#215;200 cm pon\u00faka ide\u00e1lnu mo\u017enos\u0165 ubytova\u0165 na noc aj ne\u010dakan\u00fa n\u00e1v\u0161tevu . Poskytuje dostato\u010dne ve\u013ek\u00fd <b>\u00falo\u017en\u00fd priestor<\/b>, kam odlo\u017e\u00edte sez\u00f3nne oble\u010denie \u010di prikr\u00fdvky. Ozajstn\u00fdm klenotom pre va\u0161u chrbticu a hlavu s\u00fa\u00a0<b>polohovacie opierky<\/b>, ktor\u00e9 v\u00e1m zabezpe\u010duj\u00fa komfortn\u00e9 a zdrav\u00e9 sedenie.\u00a0Kr\u00e1sna modern\u00e1 <strong>sedacia s\u00faprava<\/strong>\u00a0<strong>BRUNO 2+R+2<\/strong>\u00a0 V\u00e1m poskytne ten spr\u00e1vny komfort. Vn\u00fatro sedacej s\u00fapravy je vyrobene z vlnitej pru\u017einy a HR peny. V\u010faka tejto v\u00fdplni bude Va\u0161e sedenie pr\u00edjemn\u00e9 a taktie\u017e \u017eivotnos\u0165 sedacej s\u00fapravy je ove\u013ea dlh\u0161ia. Kon\u0161trukcia sedacej s\u00fapravy je vyroben\u00e1 z mas\u00edvu. Mo\u017enos\u0165 v\u00fdberu <strong>prav\u00e9ho<\/strong> alebo<strong> \u013eav\u00e9ho<\/strong> prevedenia.\u00a0Ked\u017ee je sedacia s\u00faprava <strong>symetrick\u00e1<\/strong> tak sa prav\u00e9 a \u013eav\u00e9 prevedenie ur\u010duje z d\u00f4vodu umiestnenia rozkladu a \u00falo\u017en\u00e9ho priestoru.\u00a0 V\u00fdber prevej alebo \u013eavej varianty sa ur\u010duje pod\u013ea \u00falo\u017en\u00e9ho priestoru. Ak si \u00falo\u017en\u00fd priestor \u017eel\u00e1te na \u013eavej strane, zvo\u013ete \u013eav\u00fd variant, ak si ho \u017eel\u00e1te na pravej strane, zvo\u013ete prav\u00fd.<\/p>\n<p>Mo\u017enos\u0165 v\u00fdberu farebn\u00e9ho prevedenia zo vzorkovn\u00edka l\u00e1tok. Odpor\u00fa\u010dame l\u00e1tky:<strong> MONOLITH, POWER, QUATRO, LEA.\u00a0<\/strong><\/p>\n<p>Pri objedn\u00e1vke vybran\u00fa l\u00e1tku nap\u00ed\u0161te pros\u00edm do po pozn\u00e1mky.<\/p>\n<p>Pre bli\u017e\u0161ie inform\u00e1cie a pomoc s v\u00fdberom n\u00e1s kontaktujte <a href=\"mailto:nabytok.laguna@zoznam.sk\">emailom\u00a0<\/a>alebo telefonicky.<\/p>\n<p><img loading=\"lazy\" decoding=\"async\" class=\"alignnone wp-image-111498 size-full\" src=\"https:\/\/nabytoklaguna.sk\/sk\/wp-content\/uploads\/2021\/04\/Pomoc-sedacky-7.png\" alt=\"apollo premium b sedacia s\u00faprava\" width=\"362\" height=\"107\" \/><\/p>\n<h3 class=\"page-product-heading\">VLASTNOSTI<\/h3>\n<table class=\"table-data-sheet\" style=\"width: 98.7862%; height: 839px;\">\n<tbody>\n<tr class=\"odd\" style=\"height: 52px;\">\n<td style=\"width: 32.4054%; height: 52px;\">H\u013abka<\/td>\n<td style=\"width: 67.4518%; height: 52px;\">275 cm<\/td>\n<\/tr>\n<tr class=\"even\" style=\"height: 52px;\">\n<td style=\"width: 32.4054%; height: 52px;\">\u0160\u00edrka<\/td>\n<td style=\"width: 67.4518%; height: 52px;\">275 cm<\/td>\n<\/tr>\n<tr class=\"odd\" style=\"height: 52px;\">\n<td style=\"width: 32.4054%; height: 52px;\">V\u00fd\u0161ka sedenia<\/td>\n<td style=\"width: 67.4518%; height: 52px;\">50 cm<\/td>\n<\/tr>\n<tr class=\"even\" style=\"height: 52px;\">\n<td style=\"width: 32.4054%; height: 52px;\">Vhodn\u00e1 miestnos\u0165<\/td>\n<td style=\"width: 67.4518%; height: 52px;\">ob\u00fdva\u010dka, spolo\u010densk\u00e1 miestnos\u0165, hotely, kaviarne<\/td>\n<\/tr>\n<tr class=\"odd\" style=\"height: 52px;\">\n<td style=\"width: 32.4054%; height: 52px;\">Typ n\u00e1bytku<\/td>\n<td style=\"width: 67.4518%; height: 52px;\">\u00a0Rohov\u00e1 sedacia s\u00faprava<\/td>\n<\/tr>\n<tr class=\"even\" style=\"height: 52px;\">\n<td style=\"width: 32.4054%; height: 52px;\">\u0160t\u00fdl n\u00e1bytku<\/td>\n<td style=\"width: 67.4518%; height: 52px;\">modern\u00fd<\/td>\n<\/tr>\n<tr class=\"odd\" style=\"height: 52px;\">\n<td style=\"width: 32.4054%; height: 52px;\">Z\u00e1ruka<\/td>\n<td style=\"width: 67.4518%; height: 52px;\">2 roky<\/td>\n<\/tr>\n<tr class=\"even\" style=\"height: 52px;\">\n<td style=\"width: 32.4054%; height: 52px;\">Sp\u00f4sob dodania<\/td>\n<td style=\"width: 67.4518%; height: 52px;\">demont<\/td>\n<\/tr>\n<tr class=\"even\" style=\"height: 52px;\">\n<td style=\"width: 32.4054%; height: 52px;\">\u00dalo\u017en\u00fd priestor<\/td>\n<td style=\"width: 67.4518%; height: 52px;\">\u00e1no<\/td>\n<\/tr>\n<tr class=\"odd\" style=\"height: 52px;\">\n<td style=\"width: 32.4054%; height: 52px;\">Rohov\u00e9 prevedenie<\/td>\n<td style=\"width: 67.4518%; height: 52px;\">\u00e1no<\/td>\n<\/tr>\n<tr class=\"even\" style=\"height: 52px;\">\n<td style=\"width: 32.4054%; height: 52px;\">Mo\u017enos\u0165 rozkladania<\/td>\n<td style=\"width: 67.4518%; height: 52px;\">\u00e1no<\/td>\n<\/tr>\n<tr class=\"odd\" style=\"height: 52px;\">\n<td style=\"width: 32.4054%; height: 52px;\">Plocha po rozlo\u017een\u00ed<\/td>\n<td style=\"width: 67.4518%; height: 52px;\">120\u00d7200 cm<\/td>\n<\/tr>\n<tr class=\"even\" style=\"height: 52px;\">\n<td style=\"width: 32.4054%; height: 52px;\">Kon\u0161trukcia<\/td>\n<td style=\"width: 67.4518%; height: 52px;\">mas\u00edv<\/td>\n<\/tr>\n<tr class=\"even\" style=\"height: 52px;\">\n<td style=\"width: 32.4054%; height: 52px;\">Obsahuje vank\u00fa\u0161e<\/td>\n<td style=\"width: 67.4518%; height: 52px;\">nie<\/td>\n<\/tr>\n<tr class=\"odd\" style=\"height: 52px;\">\n<td style=\"width: 32.4054%; height: 52px;\">Nastavenie opierok<\/td>\n<td style=\"width: 67.4518%; height: 52px;\">\u00e1no<\/td>\n<\/tr>\n<tr class=\"even\" style=\"height: 51px;\">\n<td style=\"width: 32.4054%; height: 51px;\">V\u00fdpl\u0148 seda\u010dky<\/td>\n<td style=\"width: 67.4518%; height: 51px;\">pena+ pru\u017eina<\/td>\n<\/tr>\n<\/tbody>\n<\/table>\n<p>Nastavenie displeja m\u00f4\u017ee sp\u00f4sobi\u0165 odch\u00fdlku vo farbe vzoriek po\u0165ahov\u00fdch l\u00e1tok.<\/p>\n","protected":false},"excerpt":{"rendered":"<p>Sedacia s\u00faprava BRUNO\u00a02+R+2\u00a0m\u00e1 v\u0161etko, \u010do budete potrebova\u0165. P\u00f4vabn\u00fd vzh\u013ead, p\u00f4sobiv\u00fd dizajn, ale aj\u00a0mimoriadne vlastnosti\u00a0z h\u013eadiska\u00a0funk\u010dnosti. Je rozkladacia, a s plochou na spanie 120&#215;200 cm pon\u00faka ide\u00e1lnu mo\u017enos\u0165 ubytova\u0165 na noc aj ne\u010dakan\u00fa n\u00e1v\u0161tevu . Poskytuje dostato\u010dne ve\u013ek\u00fd \u00falo\u017en\u00fd priestor, kam odlo\u017e\u00edte sez\u00f3nne oble\u010denie \u010di prikr\u00fdvky. Ozajstn\u00fdm klenotom pre va\u0161u chrbticu a hlavu s\u00fa\u00a0polohovacie opierky, ktor\u00e9&#8230;<\/p>\n","protected":false},"featured_media":111645,"comment_status":"closed","ping_status":"closed","template":"","meta":{"_seopress_robots_primary_cat":"none","_seopress_titles_title":"","_seopress_titles_desc":"","_seopress_robots_index":""},"product_brand":[],"product_cat":[255,140,250],"product_tag":[],"class_list":{"0":"post-111643","1":"product","2":"type-product","3":"status-publish","4":"has-post-thumbnail","6":"product_cat-rohove-supravy","7":"product_cat-sedacie-supravy","8":"product_cat-namieru","10":"first","11":"onbackorder","12":"shipping-taxable","13":"purchasable","14":"product-type-variable"},"_links":{"self":[{"href":"https:\/\/nabytoklaguna.sk\/sk\/wp-json\/wp\/v2\/product\/111643","targetHints":{"allow":["GET"]}}],"collection":[{"href":"https:\/\/nabytoklaguna.sk\/sk\/wp-json\/wp\/v2\/product"}],"about":[{"href":"https:\/\/nabytoklaguna.sk\/sk\/wp-json\/wp\/v2\/types\/product"}],"replies":[{"embeddable":true,"href":"https:\/\/nabytoklaguna.sk\/sk\/wp-json\/wp\/v2\/comments?post=111643"}],"wp:featuredmedia":[{"embeddable":true,"href":"https:\/\/nabytoklaguna.sk\/sk\/wp-json\/wp\/v2\/media\/111645"}],"wp:attachment":[{"href":"https:\/\/nabytoklaguna.sk\/sk\/wp-json\/wp\/v2\/media?parent=111643"}],"wp:term":[{"taxonomy":"product_brand","embeddable":true,"href":"https:\/\/nabytoklaguna.sk\/sk\/wp-json\/wp\/v2\/product_brand?post=111643"},{"taxonomy":"product_cat","embeddable":true,"href":"https:\/\/nabytoklaguna.sk\/sk\/wp-json\/wp\/v2\/product_cat?post=111643"},{"taxonomy":"product_tag","embeddable":true,"href":"https:\/\/nabytoklaguna.sk\/sk\/wp-json\/wp\/v2\/product_tag?post=111643"}],"curies":[{"name":"wp","href":"https:\/\/api.w.org\/{rel}","templated":true}]}}