{"id":112035,"date":"2022-09-02T15:54:49","date_gmt":"2022-09-02T13:54:49","guid":{"rendered":"https:\/\/nabytoklaguna.sk\/sk\/?post_type=product&#038;p=112035"},"modified":"2025-11-18T12:43:14","modified_gmt":"2025-11-18T11:43:14","slug":"pohovka-laco","status":"publish","type":"product","link":"https:\/\/nabytoklaguna.sk\/sk\/produkt\/pohovka-laco\/","title":{"rendered":"pohovka LACO"},"content":{"rendered":"<p>Nielen ve\u013ek\u00fd priestor m\u00f4\u017ee by\u0165 zariaden\u00fd luxusne. <strong>Pohovka LACO<\/strong> vnesie modernos\u0165 a p\u00f4\u017eitok zo sedenia do v\u00e4\u010d\u0161ej ale aj do men\u0161ej miestnosti.\u00a0<strong> LACO<\/strong> je jednoducho <strong>luxusn\u00fd k\u00fasok n\u00e1bytku<\/strong>, ktor\u00fd ukr\u00fdva v sebe mnoho funkci\u00ed. <b>Ve\u013ek\u00fd \u00falo\u017en\u00fd priestor<\/b> sa postar\u00e1 o va\u0161e papl\u00f3ny, ale aj o \u010fal\u0161ie veci, ktor\u00e9 nem\u00e1te moment\u00e1lne kde uskladni\u0165. Jednoduch\u00fdm \u00fakonom pohovku\u00a0zmen\u00edte na<b>\u00a0plnohodnotn\u00e9 l\u00f4\u017eko<\/b>\u00a0v rozmere\u00a0<b>150&#215;197 cm<\/b>. Pohovka je\u00a0 z\u00e1rove\u0148 <b>celo\u010dal\u00fanen\u00e1 <\/b>tak\u017ee ju nem\u00e1te probl\u00e9m umiesti\u0165 ani do priestoru. Kvalitn\u00e9 <b>pohodln\u00e9 opierky<\/b>\u00a0a\u00a0<b>odoln\u00e9 jadro<\/b> tvoren\u00e9<b> pru\u017einov FALISTE\u00a0 v kombin\u00e1cii s PUR penou<\/b> zaru\u010d\u00ed \u017ee sa tak r\u00fdchlo nevysed\u00ed. Mo\u017enos\u0165 v\u00fdberu z mnoh\u00fdch <strong>kvalitn\u00fdch po\u0165ahov\u00fdch l\u00e1tok<\/strong> a <b>dekorat\u00edvne \u0161itie <\/b>dod\u00e1 pohovke ten spr\u00e1vny \u0161mrnc. Pohodlie spojen\u00e9 s modern\u00fdm vzh\u013eadom a funk\u010dnos\u0165ou, to je <b>pohovka LACO.<\/b><\/p>\n<p>&nbsp;<\/p>\n<p>Mo\u017enos\u0165 v\u00fdberu farebn\u00e9ho prevedenia zo vzorkovn\u00edka l\u00e1tok. Odpor\u00fa\u010dame l\u00e1tky:<strong>\u00a0MONOLITH, POWER, QUATRO, LEA.\u00a0<\/strong><\/p>\n<p>Pri objedn\u00e1vke vybran\u00fa l\u00e1tku nap\u00ed\u0161te pros\u00edm do po pozn\u00e1mky.<\/p>\n<p>Pre bli\u017e\u0161ie inform\u00e1cie a pomoc s v\u00fdberom n\u00e1s kontaktujte\u00a0<a href=\"mailto:nabytok.laguna@zoznam.sk\">emailom\u00a0<\/a>alebo telefonicky.<\/p>\n<p><img loading=\"lazy\" decoding=\"async\" class=\"alignnone wp-image-111498 size-full\" src=\"https:\/\/nabytoklaguna.sk\/sk\/wp-content\/uploads\/2021\/04\/Pomoc-sedacky-7.png\" alt=\"apollo premium b sedacia s\u00faprava\" width=\"362\" height=\"107\" \/><\/p>\n<h3 class=\"page-product-heading\">VLASTNOSTI<\/h3>\n<table class=\"table-data-sheet\">\n<tbody>\n<tr class=\"odd\">\n<td>H\u013abka<\/td>\n<td>100 cm<\/td>\n<\/tr>\n<tr class=\"even\">\n<td>\u0160\u00edrka<\/td>\n<td>197 cm<\/td>\n<\/tr>\n<tr class=\"odd\">\n<td>V\u00fd\u0161ka<\/td>\n<td>90 cm<\/td>\n<\/tr>\n<tr class=\"even\">\n<td>Vhodn\u00e1 miestnos\u0165<\/td>\n<td>ob\u00fdva\u010dka, spolo\u010densk\u00e1 miestnos\u0165, hotely, kaviarne<\/td>\n<\/tr>\n<tr class=\"odd\">\n<td>Typ n\u00e1bytku<\/td>\n<td>pohovka<\/td>\n<\/tr>\n<tr class=\"even\">\n<td>\u0160t\u00fdl n\u00e1bytku<\/td>\n<td>modern\u00fd<\/td>\n<\/tr>\n<tr class=\"odd\">\n<td>Z\u00e1ruka<\/td>\n<td>2 roky<\/td>\n<\/tr>\n<tr class=\"even\">\n<td>Sp\u00f4sob dodania<\/td>\n<td>demont<\/td>\n<\/tr>\n<tr class=\"even\">\n<td>\u00dalo\u017en\u00fd priestor<\/td>\n<td>\u00e1no<\/td>\n<\/tr>\n<tr class=\"odd\">\n<td>Rohov\u00e9 prevedenie<\/td>\n<td>nie<\/td>\n<\/tr>\n<tr class=\"even\">\n<td>V\u00fd\u0161ka sed\u00e1ka<\/td>\n<td>44 cm<\/td>\n<\/tr>\n<tr class=\"odd\">\n<td>V\u00fd\u0161ka zadn\u00e9ho \u010dela<\/td>\n<td>74-90 cm<\/td>\n<\/tr>\n<tr class=\"even\">\n<td>Mo\u017enos\u0165 rozkladania<\/td>\n<td>\u00e1no<\/td>\n<\/tr>\n<tr class=\"odd\">\n<td>Plocha po rozlo\u017een\u00ed<\/td>\n<td>150\u00d7197 cm<\/td>\n<\/tr>\n<tr class=\"even\">\n<td>Obsahuje vank\u00fa\u0161e<\/td>\n<td>ano<\/td>\n<\/tr>\n<tr class=\"odd\">\n<td>Nastavenie opierok<\/td>\n<td>nie<\/td>\n<\/tr>\n<tr class=\"even\">\n<td>V\u00fdpl\u0148 seda\u010dky<\/td>\n<td>pru\u017eina + pena<\/td>\n<\/tr>\n<\/tbody>\n<\/table>\n<p>Nastavenie displeja m\u00f4\u017ee sp\u00f4sobi\u0165 odch\u00fdlku vo farbe vzoriek po\u0165ahov\u00fdch l\u00e1tok.<\/p>\n","protected":false},"excerpt":{"rendered":"<p>Nielen ve\u013ek\u00fd priestor m\u00f4\u017ee by\u0165 zariaden\u00fd luxusne. Pohovka LACO vnesie modernos\u0165 a p\u00f4\u017eitok zo sedenia do v\u00e4\u010d\u0161ej ale aj do men\u0161ej miestnosti.\u00a0 LACO je jednoducho luxusn\u00fd k\u00fasok n\u00e1bytku, ktor\u00fd ukr\u00fdva v sebe mnoho funkci\u00ed. Ve\u013ek\u00fd \u00falo\u017en\u00fd priestor sa postar\u00e1 o va\u0161e papl\u00f3ny, ale aj o \u010fal\u0161ie veci, ktor\u00e9 nem\u00e1te moment\u00e1lne kde uskladni\u0165. Jednoduch\u00fdm \u00fakonom pohovku\u00a0zmen\u00edte&#8230;<\/p>\n","protected":false},"featured_media":112037,"comment_status":"closed","ping_status":"closed","template":"","meta":{"_seopress_robots_primary_cat":"none","_seopress_titles_title":"","_seopress_titles_desc":"","_seopress_robots_index":""},"product_brand":[],"product_cat":[140,219],"product_tag":[],"class_list":{"0":"post-112035","1":"product","2":"type-product","3":"status-publish","4":"has-post-thumbnail","6":"product_cat-sedacie-supravy","7":"product_cat-pohovky","9":"first","10":"instock","11":"sale","12":"shipping-taxable","13":"purchasable","14":"product-type-simple"},"_links":{"self":[{"href":"https:\/\/nabytoklaguna.sk\/sk\/wp-json\/wp\/v2\/product\/112035","targetHints":{"allow":["GET"]}}],"collection":[{"href":"https:\/\/nabytoklaguna.sk\/sk\/wp-json\/wp\/v2\/product"}],"about":[{"href":"https:\/\/nabytoklaguna.sk\/sk\/wp-json\/wp\/v2\/types\/product"}],"replies":[{"embeddable":true,"href":"https:\/\/nabytoklaguna.sk\/sk\/wp-json\/wp\/v2\/comments?post=112035"}],"wp:featuredmedia":[{"embeddable":true,"href":"https:\/\/nabytoklaguna.sk\/sk\/wp-json\/wp\/v2\/media\/112037"}],"wp:attachment":[{"href":"https:\/\/nabytoklaguna.sk\/sk\/wp-json\/wp\/v2\/media?parent=112035"}],"wp:term":[{"taxonomy":"product_brand","embeddable":true,"href":"https:\/\/nabytoklaguna.sk\/sk\/wp-json\/wp\/v2\/product_brand?post=112035"},{"taxonomy":"product_cat","embeddable":true,"href":"https:\/\/nabytoklaguna.sk\/sk\/wp-json\/wp\/v2\/product_cat?post=112035"},{"taxonomy":"product_tag","embeddable":true,"href":"https:\/\/nabytoklaguna.sk\/sk\/wp-json\/wp\/v2\/product_tag?post=112035"}],"curies":[{"name":"wp","href":"https:\/\/api.w.org\/{rel}","templated":true}]}}